{"id":42,"date":"2025-06-21T10:52:41","date_gmt":"2025-06-21T08:52:41","guid":{"rendered":"https:\/\/dev.ak-drha.cz\/?page_id=42"},"modified":"2025-06-21T18:36:20","modified_gmt":"2025-06-21T16:36:20","slug":"cenik","status":"publish","type":"page","link":"https:\/\/dev.ak-drha.cz\/fr\/cenik\/","title":{"rendered":"Liste de prix"},"content":{"rendered":"<div data-elementor-type=\"wp-page\" data-elementor-id=\"42\" class=\"elementor elementor-42\" data-elementor-post-type=\"page\">\n\t\t\t\t<div data-particle_enable=\"false\" data-particle-mobile-disabled=\"false\" class=\"elementor-element elementor-element-aa596f3 e-flex e-con-boxed e-con e-parent\" data-id=\"aa596f3\" data-element_type=\"container\" data-settings=\"{&quot;background_background&quot;:&quot;classic&quot;,&quot;shape_divider_bottom&quot;:&quot;tilt&quot;}\">\n\t\t\t\t\t<div class=\"e-con-inner\">\n\t\t\t\t<div class=\"elementor-shape elementor-shape-bottom\" aria-hidden=\"true\" data-negative=\"false\">\n\t\t\t<svg xmlns=\"http:\/\/www.w3.org\/2000\/svg\" viewbox=\"0 0 1000 100\" preserveaspectratio=\"none\">\n\t<path class=\"elementor-shape-fill\" d=\"M0,6V0h1000v100L0,6z\"\/>\n<\/svg>\t\t<\/div>\n\t\t\t\t<div class=\"elementor-element elementor-element-13012c3 elementor-widget elementor-widget-heading\" data-id=\"13012c3\" data-element_type=\"widget\" data-widget_type=\"heading.default\">\n\t\t\t\t<div class=\"elementor-widget-container\">\n\t\t\t\t\t<h1 class=\"elementor-heading-title elementor-size-default\">Liste de prix<\/h1>\t\t\t\t<\/div>\n\t\t\t\t<\/div>\n\t\t\t\t<div class=\"elementor-element elementor-element-a771be3 elementor-widget-divider--view-line elementor-widget elementor-widget-divider\" data-id=\"a771be3\" data-element_type=\"widget\" data-widget_type=\"divider.default\">\n\t\t\t\t<div class=\"elementor-widget-container\">\n\t\t\t\t\t\t\t<div class=\"elementor-divider\">\n\t\t\t<span class=\"elementor-divider-separator\">\n\t\t\t\t\t\t<\/span>\n\t\t<\/div>\n\t\t\t\t\t\t<\/div>\n\t\t\t\t<\/div>\n\t\t\t\t\t<\/div>\n\t\t\t\t<\/div>\n\t\t<div data-particle_enable=\"false\" data-particle-mobile-disabled=\"false\" class=\"elementor-element elementor-element-6647df1 e-flex e-con-boxed e-con e-parent\" data-id=\"6647df1\" data-element_type=\"container\">\n\t\t\t\t\t<div class=\"e-con-inner\">\n\t\t\t\t<div class=\"elementor-element elementor-element-4d42021 elementor-widget elementor-widget-text-editor\" data-id=\"4d42021\" data-element_type=\"widget\" data-widget_type=\"text-editor.default\">\n\t\t\t\t<div class=\"elementor-widget-container\">\n\t\t\t\t\t\t\t\t\t<p>Ve\u0161ker\u00e9 odm\u011bny za poskytovan\u00e9 pr\u00e1vn\u00ed slu\u017eby jsou smluvn\u00ed a vych\u00e1z\u00ed z dohody mezi klientem a advok\u00e1tn\u00ed kancel\u00e1\u0159\u00ed.<\/p><p>Proto\u017ee chceme klient\u016fm v\u017edy sd\u011blit cenu, kter\u00e1 bude odpov\u00eddat \u010dasov\u00e9 a odborn\u00e9 n\u00e1ro\u010dnosti pr\u00e1v\u011b jejich p\u0159\u00edpadu, neuv\u00e1d\u00edme zde \u017e\u00e1dn\u00fd cen\u00edk pro v\u0161echny. O ka\u017ed\u00e9ho sv\u00e9ho klienta se star\u00e1me ji\u017e od samotn\u00e9ho po\u010d\u00e1tku, a proto s n\u00edm osobn\u011b komunikujeme ji\u017e ve f\u00e1zi, kdy nez\u00e1vazn\u011b popt\u00e1v\u00e1 slu\u017eby. Pokud V\u00e1s tedy zaj\u00edm\u00e1 cena pr\u00e1vn\u00edch slu\u017eeb pr\u00e1v\u011b pro V\u00e1\u0161 p\u0159\u00edpad, tak n\u00e1m\u00a0<a class=\"inpage\" href=\"https:\/\/www.ak-drha.cz\/cs\/kontakt\">napi\u0161te<\/a>\u00a0nebo\u00a0<a class=\"inpage\" href=\"https:\/\/www.ak-drha.cz\/cs\/kontakt\">zavolejte<\/a>. S Va\u0161\u00edm p\u0159\u00edpadem se r\u00e1di sezn\u00e1m\u00edme, a to nez\u00e1vazn\u011b ani\u017e byste za to cokoli platili. U n\u00e1s toti\u017e klienti plat\u00ed a\u017e za poskytovan\u00e9 slu\u017eby.<\/p><p>Postup kancel\u00e1\u0159e p\u0159i \u0159e\u0161en\u00ed pr\u00e1vn\u00edch p\u0159\u00edpad\u016f vych\u00e1z\u00ed z na\u0161ich praktick\u00fdch zku\u0161enost\u00ed a individu\u00e1ln\u00edch pot\u0159eb a po\u017eadavk\u016f klient\u016f, co\u017e n\u00e1m umo\u017e\u0148uje navrhnout V\u00e1m vhodn\u00e1 a cenov\u011b efektivn\u00ed \u0159e\u0161en\u00ed. N\u00e1s toti\u017e zaj\u00edm\u00e1, aby na\u0161e rady \u0159e\u0161ily Va\u0161e probl\u00e9my. To je pro n\u00e1s pr\u00e1vn\u00ed slu\u017eba.<\/p><p class=\"space-bottom-50\">Spoluprac\u00ed s n\u00e1mi z\u00edsk\u00e1v\u00e1te siln\u00e9ho partnera, kter\u00fd se o V\u00e1s v\u017edy postar\u00e1.<\/p>\t\t\t\t\t\t\t\t<\/div>\n\t\t\t\t<\/div>\n\t\t\t\t\t<\/div>\n\t\t\t\t<\/div>\n\t\t<div data-particle_enable=\"false\" data-particle-mobile-disabled=\"false\" class=\"elementor-element elementor-element-6b9bb45 e-flex e-con-boxed e-con e-parent\" data-id=\"6b9bb45\" data-element_type=\"container\">\n\t\t\t\t\t<div class=\"e-con-inner\">\n\t\t\t\t<div class=\"elementor-element elementor-element-f02d8d2 elementor-widget elementor-widget-heading\" data-id=\"f02d8d2\" data-element_type=\"widget\" data-widget_type=\"heading.default\">\n\t\t\t\t<div class=\"elementor-widget-container\">\n\t\t\t\t\t<h2 class=\"elementor-heading-title elementor-size-default\">Mohlo by V\u00e1s tak\u00e9 zaj\u00edmat, \u017ee<\/h2>\t\t\t\t<\/div>\n\t\t\t\t<\/div>\n\t\t\t\t<div class=\"elementor-element elementor-element-9a911d3 elementor-align-left elementor-icon-list--layout-traditional elementor-list-item-link-full_width elementor-widget elementor-widget-icon-list\" data-id=\"9a911d3\" data-element_type=\"widget\" data-widget_type=\"icon-list.default\">\n\t\t\t\t<div class=\"elementor-widget-container\">\n\t\t\t\t\t\t\t<ul class=\"elementor-icon-list-items\">\n\t\t\t\t\t\t\t<li class=\"elementor-icon-list-item\">\n\t\t\t\t\t\t\t\t\t\t\t<span class=\"elementor-icon-list-icon\">\n\t\t\t\t\t\t\t<svg aria-hidden=\"true\" class=\"e-font-icon-svg e-fas-angle-double-right\" viewbox=\"0 0 448 512\" xmlns=\"http:\/\/www.w3.org\/2000\/svg\"><path d=\"M224.3 273l-136 136c-9.4 9.4-24.6 9.4-33.9 0l-22.6-22.6c-9.4-9.4-9.4-24.6 0-33.9l96.4-96.4-96.4-96.4c-9.4-9.4-9.4-24.6 0-33.9L54.3 103c9.4-9.4 24.6-9.4 33.9 0l136 136c9.5 9.4 9.5 24.6.1 34zm192-34l-136-136c-9.4-9.4-24.6-9.4-33.9 0l-22.6 22.6c-9.4 9.4-9.4 24.6 0 33.9l96.4 96.4-96.4 96.4c-9.4 9.4-9.4 24.6 0 33.9l22.6 22.6c9.4 9.4 24.6 9.4 33.9 0l136-136c9.4-9.2 9.4-24.4 0-33.8z\"><\/path><\/svg>\t\t\t\t\t\t<\/span>\n\t\t\t\t\t\t\t\t\t\t<span class=\"elementor-icon-list-text\">platby za pr\u00e1vn\u00ed slu\u017eby prob\u00edhaj\u00ed p\u0159edev\u0161\u00edm bezhotovostn\u011b<\/span>\n\t\t\t\t\t\t\t\t\t<\/li>\n\t\t\t\t\t\t\t\t<li class=\"elementor-icon-list-item\">\n\t\t\t\t\t\t\t\t\t\t\t<span class=\"elementor-icon-list-icon\">\n\t\t\t\t\t\t\t<svg aria-hidden=\"true\" class=\"e-font-icon-svg e-fas-angle-double-right\" viewbox=\"0 0 448 512\" xmlns=\"http:\/\/www.w3.org\/2000\/svg\"><path d=\"M224.3 273l-136 136c-9.4 9.4-24.6 9.4-33.9 0l-22.6-22.6c-9.4-9.4-9.4-24.6 0-33.9l96.4-96.4-96.4-96.4c-9.4-9.4-9.4-24.6 0-33.9L54.3 103c9.4-9.4 24.6-9.4 33.9 0l136 136c9.5 9.4 9.5 24.6.1 34zm192-34l-136-136c-9.4-9.4-24.6-9.4-33.9 0l-22.6 22.6c-9.4 9.4-9.4 24.6 0 33.9l96.4 96.4-96.4 96.4c-9.4 9.4-9.4 24.6 0 33.9l22.6 22.6c9.4 9.4 24.6 9.4 33.9 0l136-136c9.4-9.2 9.4-24.4 0-33.8z\"><\/path><\/svg>\t\t\t\t\t\t<\/span>\n\t\t\t\t\t\t\t\t\t\t<span class=\"elementor-icon-list-text\">jsme pl\u00e1tci DPH<\/span>\n\t\t\t\t\t\t\t\t\t<\/li>\n\t\t\t\t\t\t\t\t<li class=\"elementor-icon-list-item\">\n\t\t\t\t\t\t\t\t\t\t\t<span class=\"elementor-icon-list-icon\">\n\t\t\t\t\t\t\t<svg aria-hidden=\"true\" class=\"e-font-icon-svg e-fas-angle-double-right\" viewbox=\"0 0 448 512\" xmlns=\"http:\/\/www.w3.org\/2000\/svg\"><path d=\"M224.3 273l-136 136c-9.4 9.4-24.6 9.4-33.9 0l-22.6-22.6c-9.4-9.4-9.4-24.6 0-33.9l96.4-96.4-96.4-96.4c-9.4-9.4-9.4-24.6 0-33.9L54.3 103c9.4-9.4 24.6-9.4 33.9 0l136 136c9.5 9.4 9.5 24.6.1 34zm192-34l-136-136c-9.4-9.4-24.6-9.4-33.9 0l-22.6 22.6c-9.4 9.4-9.4 24.6 0 33.9l96.4 96.4-96.4 96.4c-9.4 9.4-9.4 24.6 0 33.9l22.6 22.6c9.4 9.4 24.6 9.4 33.9 0l136-136c9.4-9.2 9.4-24.4 0-33.8z\"><\/path><\/svg>\t\t\t\t\t\t<\/span>\n\t\t\t\t\t\t\t\t\t\t<span class=\"elementor-icon-list-text\">v souladu s p\u0159edpisy \u010cesk\u00e9 advok\u00e1tn\u00ed komory jsme \u0159\u00e1dn\u011b poji\u0161t\u011bn\u00ed<\/span>\n\t\t\t\t\t\t\t\t\t<\/li>\n\t\t\t\t\t\t\t\t<li class=\"elementor-icon-list-item\">\n\t\t\t\t\t\t\t\t\t\t\t<span class=\"elementor-icon-list-icon\">\n\t\t\t\t\t\t\t<svg aria-hidden=\"true\" class=\"e-font-icon-svg e-fas-angle-double-right\" viewbox=\"0 0 448 512\" xmlns=\"http:\/\/www.w3.org\/2000\/svg\"><path d=\"M224.3 273l-136 136c-9.4 9.4-24.6 9.4-33.9 0l-22.6-22.6c-9.4-9.4-9.4-24.6 0-33.9l96.4-96.4-96.4-96.4c-9.4-9.4-9.4-24.6 0-33.9L54.3 103c9.4-9.4 24.6-9.4 33.9 0l136 136c9.5 9.4 9.5 24.6.1 34zm192-34l-136-136c-9.4-9.4-24.6-9.4-33.9 0l-22.6 22.6c-9.4 9.4-9.4 24.6 0 33.9l96.4 96.4-96.4 96.4c-9.4 9.4-9.4 24.6 0 33.9l22.6 22.6c9.4 9.4 24.6 9.4 33.9 0l136-136c9.4-9.2 9.4-24.4 0-33.8z\"><\/path><\/svg>\t\t\t\t\t\t<\/span>\n\t\t\t\t\t\t\t\t\t\t<span class=\"elementor-icon-list-text\">v souladu se z\u00e1konem \u010d. 634\/1992 Sb., o ochran\u011b spot\u0159ebitele, ve zn\u011bn\u00ed pozd\u011bj\u0161\u00edch p\u0159edpis\u016f, je \u010cesk\u00e1 advok\u00e1tn\u00ed komora pov\u011b\u0159ena Ministerstvem pr\u016fmyslu a obchodu \u010cesk\u00e9 republiky mimosoudn\u00edm \u0159e\u0161en\u00edm spot\u0159ebitelsk\u00fdch spor\u016f pro oblast spor\u016f mezi advok\u00e1tn\u00ed kancel\u00e1\u0159\u00ed (advok\u00e1tem) a spot\u0159ebiteli ze smluv o poskytov\u00e1n\u00ed pr\u00e1vn\u00edch slu\u017eeb. Internetov\u00e1 str\u00e1nka tohoto pov\u011b\u0159en\u00e9ho subjektu je www.cak.cz. Spot\u0159ebitelem se rozum\u00ed osoba nejednaj\u00edc\u00ed v r\u00e1mci sv\u00e9 podnikatelsk\u00e9 \u010dinnosti nebo v r\u00e1mci samostatn\u00e9ho v\u00fdkonu sv\u00e9ho povol\u00e1n\u00ed.<\/span>\n\t\t\t\t\t\t\t\t\t<\/li>\n\t\t\t\t\t\t<\/ul>\n\t\t\t\t\t\t<\/div>\n\t\t\t\t<\/div>\n\t\t\t\t\t<\/div>\n\t\t\t\t<\/div>\n\t\t\t\t<\/div>","protected":false},"excerpt":{"rendered":"<p>Ve\u0161ker\u00e9 odm\u011bny za poskytovan\u00e9 pr\u00e1vn\u00ed slu\u017eby jsou smluvn\u00ed a vych\u00e1z\u00ed z dohody mezi klientem a advok\u00e1tn\u00ed kancel\u00e1\u0159\u00ed. Proto\u017ee chceme klient\u016fm v\u017edy sd\u011blit cenu, kter\u00e1 bude odpov\u00eddat \u010dasov\u00e9 a odborn\u00e9 n\u00e1ro\u010dnosti pr\u00e1v\u011b jejich p\u0159\u00edpadu, neuv\u00e1d\u00edme zde \u017e\u00e1dn\u00fd cen\u00edk pro v\u0161echny. O ka\u017ed\u00e9ho sv\u00e9ho klienta se star\u00e1me ji\u017e od samotn\u00e9ho po\u010d\u00e1tku, a proto s n\u00edm osobn\u011b komunikujeme [&hellip;]<\/p>","protected":false},"author":1,"featured_media":0,"parent":0,"menu_order":0,"comment_status":"closed","ping_status":"closed","template":"","meta":{"inline_featured_image":false,"footnotes":""},"class_list":["post-42","page","type-page","status-publish","hentry"],"_links":{"self":[{"href":"https:\/\/dev.ak-drha.cz\/fr\/wp-json\/wp\/v2\/pages\/42","targetHints":{"allow":["GET"]}}],"collection":[{"href":"https:\/\/dev.ak-drha.cz\/fr\/wp-json\/wp\/v2\/pages"}],"about":[{"href":"https:\/\/dev.ak-drha.cz\/fr\/wp-json\/wp\/v2\/types\/page"}],"author":[{"embeddable":true,"href":"https:\/\/dev.ak-drha.cz\/fr\/wp-json\/wp\/v2\/users\/1"}],"replies":[{"embeddable":true,"href":"https:\/\/dev.ak-drha.cz\/fr\/wp-json\/wp\/v2\/comments?post=42"}],"version-history":[{"count":17,"href":"https:\/\/dev.ak-drha.cz\/fr\/wp-json\/wp\/v2\/pages\/42\/revisions"}],"predecessor-version":[{"id":527,"href":"https:\/\/dev.ak-drha.cz\/fr\/wp-json\/wp\/v2\/pages\/42\/revisions\/527"}],"wp:attachment":[{"href":"https:\/\/dev.ak-drha.cz\/fr\/wp-json\/wp\/v2\/media?parent=42"}],"curies":[{"name":"wp","href":"https:\/\/api.w.org\/{rel}","templated":true}]}}