{"id":38,"date":"2025-06-21T10:52:27","date_gmt":"2025-06-21T08:52:27","guid":{"rendered":"https:\/\/dev.ak-drha.cz\/?page_id=38"},"modified":"2025-06-21T18:35:51","modified_gmt":"2025-06-21T16:35:51","slug":"francouzska-klientela","status":"publish","type":"page","link":"https:\/\/dev.ak-drha.cz\/fr\/francouzska-klientela\/","title":{"rendered":"Client\u00e8le fran\u00e7aise"},"content":{"rendered":"<div data-elementor-type=\"wp-page\" data-elementor-id=\"38\" class=\"elementor elementor-38\" data-elementor-post-type=\"page\">\n\t\t\t\t<div data-particle_enable=\"false\" data-particle-mobile-disabled=\"false\" class=\"elementor-element elementor-element-924370a e-flex e-con-boxed e-con e-parent\" data-id=\"924370a\" data-element_type=\"container\" data-settings=\"{&quot;background_background&quot;:&quot;classic&quot;,&quot;shape_divider_bottom&quot;:&quot;tilt&quot;}\">\n\t\t\t\t\t<div class=\"e-con-inner\">\n\t\t\t\t<div class=\"elementor-shape elementor-shape-bottom\" aria-hidden=\"true\" data-negative=\"false\">\n\t\t\t<svg xmlns=\"http:\/\/www.w3.org\/2000\/svg\" viewbox=\"0 0 1000 100\" preserveaspectratio=\"none\">\n\t<path class=\"elementor-shape-fill\" d=\"M0,6V0h1000v100L0,6z\"\/>\n<\/svg>\t\t<\/div>\n\t\t\t\t<div class=\"elementor-element elementor-element-69e382a elementor-widget elementor-widget-heading\" data-id=\"69e382a\" data-element_type=\"widget\" data-widget_type=\"heading.default\">\n\t\t\t\t<div class=\"elementor-widget-container\">\n\t\t\t\t\t<h1 class=\"elementor-heading-title elementor-size-default\">Client\u00e8le fran\u00e7aise<\/h1>\t\t\t\t<\/div>\n\t\t\t\t<\/div>\n\t\t\t\t<div class=\"elementor-element elementor-element-6d92f12 elementor-widget-divider--view-line elementor-widget elementor-widget-divider\" data-id=\"6d92f12\" data-element_type=\"widget\" data-widget_type=\"divider.default\">\n\t\t\t\t<div class=\"elementor-widget-container\">\n\t\t\t\t\t\t\t<div class=\"elementor-divider\">\n\t\t\t<span class=\"elementor-divider-separator\">\n\t\t\t\t\t\t<\/span>\n\t\t<\/div>\n\t\t\t\t\t\t<\/div>\n\t\t\t\t<\/div>\n\t\t\t\t\t<\/div>\n\t\t\t\t<\/div>\n\t\t<div data-particle_enable=\"false\" data-particle-mobile-disabled=\"false\" class=\"elementor-element elementor-element-40280d2 e-flex e-con-boxed e-con e-parent\" data-id=\"40280d2\" data-element_type=\"container\">\n\t\t\t\t\t<div class=\"e-con-inner\">\n\t\t\t\t<div class=\"elementor-element elementor-element-c92e170 elementor-widget elementor-widget-text-editor\" data-id=\"c92e170\" data-element_type=\"widget\" data-widget_type=\"text-editor.default\">\n\t\t\t\t<div class=\"elementor-widget-container\">\n\t\t\t\t\t\t\t\t\tLadislav Drha, cabinet d'avocats, offre \u00e9galement ses services juridiques aux clients francophones. Notre cabinet d'avocats a pour habitude de fournir des services juridiques dans toutes les langues officielles de l'Union europ\u00e9enne.\u00a0<a class=\"inpage\" href=\"https:\/\/dev.ak-drha.cz\/fr\/pravni-sluzby\/\">domaines du droit tch\u00e8que<\/a>. Toutes les communications avec nos clients se font en fran\u00e7ais et tous les produits livrables sont \u00e9galement fournis dans la langue choisie par le client.\t\t\t\t\t\t\t\t<\/div>\n\t\t\t\t<\/div>\n\t\t\t\t\t<\/div>\n\t\t\t\t<\/div>\n\t\t<div data-particle_enable=\"false\" data-particle-mobile-disabled=\"false\" class=\"elementor-element elementor-element-3798d78 e-flex e-con-boxed e-con e-parent\" data-id=\"3798d78\" data-element_type=\"container\">\n\t\t\t\t\t<div class=\"e-con-inner\">\n\t\t\t\t<div class=\"elementor-element elementor-element-68243ac elementor-widget elementor-widget-heading\" data-id=\"68243ac\" data-element_type=\"widget\" data-widget_type=\"heading.default\">\n\t\t\t\t<div class=\"elementor-widget-container\">\n\t\t\t\t\t<h2 class=\"elementor-heading-title elementor-size-default\">Services<\/h2>\t\t\t\t<\/div>\n\t\t\t\t<\/div>\n\t\t\t\t<div class=\"elementor-element elementor-element-31ca36d elementor-widget elementor-widget-text-editor\" data-id=\"31ca36d\" data-element_type=\"widget\" data-widget_type=\"text-editor.default\">\n\t\t\t\t<div class=\"elementor-widget-container\">\n\t\t\t\t\t\t\t\t\tNous fournissons nos services \u00e0 des clients francophones situ\u00e9s en R\u00e9publique tch\u00e8que. Nous coop\u00e9rons \u00e9galement avec des clients situ\u00e9s en dehors de la R\u00e9publique tch\u00e8que, auxquels nous fournissons des services juridiques dans le domaine du droit tch\u00e8que en R\u00e9publique tch\u00e8que. Nous sommes sollicit\u00e9s par des cabinets d'avocats \u00e9trangers pour le droit tch\u00e8que.\n\nLa gamme des services fournis peut \u00eatre trouv\u00e9e dans\u00a0<a class=\"inpage\" href=\"https:\/\/dev.ak-drha.cz\/fr\/pravni-sluzby\/\"><strong>ici<\/strong><\/a>. Ces services sont principalement fournis en fran\u00e7ais.\t\t\t\t\t\t\t\t<\/div>\n\t\t\t\t<\/div>\n\t\t\t\t<div class=\"elementor-element elementor-element-bd7fa9c elementor-icon-list--layout-traditional elementor-list-item-link-full_width elementor-widget elementor-widget-icon-list\" data-id=\"bd7fa9c\" data-element_type=\"widget\" data-widget_type=\"icon-list.default\">\n\t\t\t\t<div class=\"elementor-widget-container\">\n\t\t\t\t\t\t\t<ul class=\"elementor-icon-list-items\">\n\t\t\t\t\t\t\t<li class=\"elementor-icon-list-item\">\n\t\t\t\t\t\t\t\t\t\t\t<span class=\"elementor-icon-list-icon\">\n\t\t\t\t\t\t\t<svg aria-hidden=\"true\" class=\"e-font-icon-svg e-fas-angle-double-right\" viewbox=\"0 0 448 512\" xmlns=\"http:\/\/www.w3.org\/2000\/svg\"><path d=\"M224.3 273l-136 136c-9.4 9.4-24.6 9.4-33.9 0l-22.6-22.6c-9.4-9.4-9.4-24.6 0-33.9l96.4-96.4-96.4-96.4c-9.4-9.4-9.4-24.6 0-33.9L54.3 103c9.4-9.4 24.6-9.4 33.9 0l136 136c9.5 9.4 9.5 24.6.1 34zm192-34l-136-136c-9.4-9.4-24.6-9.4-33.9 0l-22.6 22.6c-9.4 9.4-9.4 24.6 0 33.9l96.4 96.4-96.4 96.4c-9.4 9.4-9.4 24.6 0 33.9l22.6 22.6c9.4 9.4 24.6 9.4 33.9 0l136-136c9.4-9.2 9.4-24.4 0-33.8z\"><\/path><\/svg>\t\t\t\t\t\t<\/span>\n\t\t\t\t\t\t\t\t\t\t<span class=\"elementor-icon-list-text\">conseils juridiques g\u00e9n\u00e9raux et consultations en droit tch\u00e8que<\/span>\n\t\t\t\t\t\t\t\t\t<\/li>\n\t\t\t\t\t\t\t\t<li class=\"elementor-icon-list-item\">\n\t\t\t\t\t\t\t\t\t\t\t<span class=\"elementor-icon-list-icon\">\n\t\t\t\t\t\t\t<svg aria-hidden=\"true\" class=\"e-font-icon-svg e-fas-angle-double-right\" viewbox=\"0 0 448 512\" xmlns=\"http:\/\/www.w3.org\/2000\/svg\"><path d=\"M224.3 273l-136 136c-9.4 9.4-24.6 9.4-33.9 0l-22.6-22.6c-9.4-9.4-9.4-24.6 0-33.9l96.4-96.4-96.4-96.4c-9.4-9.4-9.4-24.6 0-33.9L54.3 103c9.4-9.4 24.6-9.4 33.9 0l136 136c9.5 9.4 9.5 24.6.1 34zm192-34l-136-136c-9.4-9.4-24.6-9.4-33.9 0l-22.6 22.6c-9.4 9.4-9.4 24.6 0 33.9l96.4 96.4-96.4 96.4c-9.4 9.4-9.4 24.6 0 33.9l22.6 22.6c9.4 9.4 24.6 9.4 33.9 0l136-136c9.4-9.2 9.4-24.4 0-33.8z\"><\/path><\/svg>\t\t\t\t\t\t<\/span>\n\t\t\t\t\t\t\t\t\t\t<span class=\"elementor-icon-list-text\">la r\u00e9daction, l'examen et l'analyse de documents contractuels<\/span>\n\t\t\t\t\t\t\t\t\t<\/li>\n\t\t\t\t\t\t\t\t<li class=\"elementor-icon-list-item\">\n\t\t\t\t\t\t\t\t\t\t\t<span class=\"elementor-icon-list-icon\">\n\t\t\t\t\t\t\t<svg aria-hidden=\"true\" class=\"e-font-icon-svg e-fas-angle-double-right\" viewbox=\"0 0 448 512\" xmlns=\"http:\/\/www.w3.org\/2000\/svg\"><path d=\"M224.3 273l-136 136c-9.4 9.4-24.6 9.4-33.9 0l-22.6-22.6c-9.4-9.4-9.4-24.6 0-33.9l96.4-96.4-96.4-96.4c-9.4-9.4-9.4-24.6 0-33.9L54.3 103c9.4-9.4 24.6-9.4 33.9 0l136 136c9.5 9.4 9.5 24.6.1 34zm192-34l-136-136c-9.4-9.4-24.6-9.4-33.9 0l-22.6 22.6c-9.4 9.4-9.4 24.6 0 33.9l96.4 96.4-96.4 96.4c-9.4 9.4-9.4 24.6 0 33.9l22.6 22.6c9.4 9.4 24.6 9.4 33.9 0l136-136c9.4-9.2 9.4-24.4 0-33.8z\"><\/path><\/svg>\t\t\t\t\t\t<\/span>\n\t\t\t\t\t\t\t\t\t\t<span class=\"elementor-icon-list-text\">la repr\u00e9sentation dans les proc\u00e9dures administratives, judiciaires et d'arbitrage devant les autorit\u00e9s et les institutions de la R\u00e9publique tch\u00e8que<\/span>\n\t\t\t\t\t\t\t\t\t<\/li>\n\t\t\t\t\t\t\t\t<li class=\"elementor-icon-list-item\">\n\t\t\t\t\t\t\t\t\t\t\t<span class=\"elementor-icon-list-icon\">\n\t\t\t\t\t\t\t<svg aria-hidden=\"true\" class=\"e-font-icon-svg e-fas-angle-double-right\" viewbox=\"0 0 448 512\" xmlns=\"http:\/\/www.w3.org\/2000\/svg\"><path d=\"M224.3 273l-136 136c-9.4 9.4-24.6 9.4-33.9 0l-22.6-22.6c-9.4-9.4-9.4-24.6 0-33.9l96.4-96.4-96.4-96.4c-9.4-9.4-9.4-24.6 0-33.9L54.3 103c9.4-9.4 24.6-9.4 33.9 0l136 136c9.5 9.4 9.5 24.6.1 34zm192-34l-136-136c-9.4-9.4-24.6-9.4-33.9 0l-22.6 22.6c-9.4 9.4-9.4 24.6 0 33.9l96.4 96.4-96.4 96.4c-9.4 9.4-9.4 24.6 0 33.9l22.6 22.6c9.4 9.4 24.6 9.4 33.9 0l136-136c9.4-9.2 9.4-24.4 0-33.8z\"><\/path><\/svg>\t\t\t\t\t\t<\/span>\n\t\t\t\t\t\t\t\t\t\t<span class=\"elementor-icon-list-text\">pr\u00e9paration d'avis juridiques d'experts, y compris des commentaires pertinents tenant compte des diff\u00e9rences entre le droit tch\u00e8que et le droit du pays du client<\/span>\n\t\t\t\t\t\t\t\t\t<\/li>\n\t\t\t\t\t\t\t\t<li class=\"elementor-icon-list-item\">\n\t\t\t\t\t\t\t\t\t\t\t<span class=\"elementor-icon-list-icon\">\n\t\t\t\t\t\t\t<svg aria-hidden=\"true\" class=\"e-font-icon-svg e-fas-angle-double-right\" viewbox=\"0 0 448 512\" xmlns=\"http:\/\/www.w3.org\/2000\/svg\"><path d=\"M224.3 273l-136 136c-9.4 9.4-24.6 9.4-33.9 0l-22.6-22.6c-9.4-9.4-9.4-24.6 0-33.9l96.4-96.4-96.4-96.4c-9.4-9.4-9.4-24.6 0-33.9L54.3 103c9.4-9.4 24.6-9.4 33.9 0l136 136c9.5 9.4 9.5 24.6.1 34zm192-34l-136-136c-9.4-9.4-24.6-9.4-33.9 0l-22.6 22.6c-9.4 9.4-9.4 24.6 0 33.9l96.4 96.4-96.4 96.4c-9.4 9.4-9.4 24.6 0 33.9l22.6 22.6c9.4 9.4 24.6 9.4 33.9 0l136-136c9.4-9.2 9.4-24.4 0-33.8z\"><\/path><\/svg>\t\t\t\t\t\t<\/span>\n\t\t\t\t\t\t\t\t\t\t<span class=\"elementor-icon-list-text\">pr\u00e9paration d'avis d'experts, consultations et coop\u00e9ration avec des cabinets juridiques \u00e9trangers dans le domaine du droit tch\u00e8que<\/span>\n\t\t\t\t\t\t\t\t\t<\/li>\n\t\t\t\t\t\t<\/ul>\n\t\t\t\t\t\t<\/div>\n\t\t\t\t<\/div>\n\t\t\t\t\t<\/div>\n\t\t\t\t<\/div>\n\t\t<div data-particle_enable=\"false\" data-particle-mobile-disabled=\"false\" class=\"elementor-element elementor-element-3dd4f3a e-flex e-con-boxed e-con e-parent\" data-id=\"3dd4f3a\" data-element_type=\"container\">\n\t\t\t\t\t<div class=\"e-con-inner\">\n\t\t\t\t<div class=\"elementor-element elementor-element-d6d1e78 elementor-widget elementor-widget-heading\" data-id=\"d6d1e78\" data-element_type=\"widget\" data-widget_type=\"heading.default\">\n\t\t\t\t<div class=\"elementor-widget-container\">\n\t\t\t\t\t<h2 class=\"elementor-heading-title elementor-size-default\">Normes de coop\u00e9ration et exp\u00e9rience<\/h2>\t\t\t\t<\/div>\n\t\t\t\t<\/div>\n\t\t\t\t<div class=\"elementor-element elementor-element-2f97db8 elementor-widget elementor-widget-text-editor\" data-id=\"2f97db8\" data-element_type=\"widget\" data-widget_type=\"text-editor.default\">\n\t\t\t\t<div class=\"elementor-widget-container\">\n\t\t\t\t\t\t\t\t\tNotre cabinet fournit r\u00e9guli\u00e8rement des services juridiques \u00e0 des clients francophones. Nous sommes conscients des diff\u00e9rences entre les syst\u00e8mes juridiques et des diff\u00e9rences qui en r\u00e9sultent dans la compr\u00e9hension du droit par les clients \u00e9trangers. C'est pourquoi nous accordons une grande importance \u00e0 la compr\u00e9hension par le client du fond de l'affaire, ce qui est facilit\u00e9 par notre exp\u00e9rience en France et au Luxembourg. Pour nous, le client est un partenaire.\n\nDans le pass\u00e9, nous avons repr\u00e9sent\u00e9 nos clients francophones dans des proc\u00e9dures judiciaires et administratives en R\u00e9publique tch\u00e8que. Nous fournissons aussi r\u00e9guli\u00e8rement des services juridiques \u00e0 des clients \u00e9trangers vivant en R\u00e9publique tch\u00e8que. Nous pr\u00e9parons des avis juridiques d'experts pour des cabinets d'avocats \u00e9trangers.\n\nVous pouvez nous contacter par t\u00e9l\u00e9phone, par courrier \u00e9lectronique ou par l'interm\u00e9diaire de\u00a0<a class=\"inpage\" href=\"https:\/\/deb.ak-drha.cz\/kontakty\"><strong>Formulaires<\/strong><\/a>\u00a0\u00e9galement en fran\u00e7ais ou en anglais.\t\t\t\t\t\t\t\t<\/div>\n\t\t\t\t<\/div>\n\t\t\t\t\t<\/div>\n\t\t\t\t<\/div>\n\t\t<div data-particle_enable=\"false\" data-particle-mobile-disabled=\"false\" class=\"elementor-element elementor-element-9a69806 e-flex e-con-boxed e-con e-parent\" data-id=\"9a69806\" data-element_type=\"container\">\n\t\t\t\t\t<div class=\"e-con-inner\">\n\t\t\t\t<div class=\"elementor-element elementor-element-6675cc6 elementor-widget-divider--view-line elementor-widget elementor-widget-divider\" data-id=\"6675cc6\" data-element_type=\"widget\" data-widget_type=\"divider.default\">\n\t\t\t\t<div class=\"elementor-widget-container\">\n\t\t\t\t\t\t\t<div class=\"elementor-divider\">\n\t\t\t<span class=\"elementor-divider-separator\">\n\t\t\t\t\t\t<\/span>\n\t\t<\/div>\n\t\t\t\t\t\t<\/div>\n\t\t\t\t<\/div>\n\t\t\t\t\t<\/div>\n\t\t\t\t<\/div>\n\t\t<div data-particle_enable=\"false\" data-particle-mobile-disabled=\"false\" class=\"elementor-element elementor-element-08ca043 e-flex e-con-boxed e-con e-parent\" data-id=\"08ca043\" data-element_type=\"container\">\n\t\t\t\t\t<div class=\"e-con-inner\">\n\t\t<div data-particle_enable=\"false\" data-particle-mobile-disabled=\"false\" class=\"elementor-element elementor-element-c82f8aa e-con-full e-flex e-con e-child\" data-id=\"c82f8aa\" data-element_type=\"container\">\n\t\t\t\t<div class=\"elementor-element elementor-element-afb56ed elementor-widget elementor-widget-text-editor\" data-id=\"afb56ed\" data-element_type=\"widget\" data-widget_type=\"text-editor.default\">\n\t\t\t\t<div class=\"elementor-widget-container\">\n\t\t\t\t\t\t\t\t\t<p>Nous sommes inscrits sur la liste des avocats francophones tenue par l'Ambassade de la R\u00e9publique tch\u00e8que \u00e0 Paris.<\/p>\t\t\t\t\t\t\t\t<\/div>\n\t\t\t\t<\/div>\n\t\t\t\t<div class=\"elementor-element elementor-element-24a8688 elementor-widget elementor-widget-image\" data-id=\"24a8688\" data-element_type=\"widget\" data-widget_type=\"image.default\">\n\t\t\t\t<div class=\"elementor-widget-container\">\n\t\t\t\t\t\t\t\t\t\t\t\t\t\t\t\t<a href=\"https:\/\/mzv.gov.cz\/paris\/cz\/\" target=\"_blank\" rel=\"noopener\">\n\t\t\t\t\t\t\t<img decoding=\"async\" width=\"338\" height=\"70\" src=\"https:\/\/dev.ak-drha.cz\/wp-content\/uploads\/2025\/06\/velvyslanectvi-cr-v-parizi.jpg\" class=\"attachment-large size-large wp-image-171\" alt=\"\" srcset=\"https:\/\/dev.ak-drha.cz\/wp-content\/uploads\/2025\/06\/velvyslanectvi-cr-v-parizi.jpg 338w, https:\/\/dev.ak-drha.cz\/wp-content\/uploads\/2025\/06\/velvyslanectvi-cr-v-parizi-300x62.jpg 300w\" sizes=\"(max-width: 338px) 100vw, 338px\" \/>\t\t\t\t\t\t\t\t<\/a>\n\t\t\t\t\t\t\t\t\t\t\t\t\t\t\t<\/div>\n\t\t\t\t<\/div>\n\t\t\t\t<\/div>\n\t\t<div data-particle_enable=\"false\" data-particle-mobile-disabled=\"false\" class=\"elementor-element elementor-element-bd674f3 e-con-full e-flex e-con e-child\" data-id=\"bd674f3\" data-element_type=\"container\">\n\t\t\t\t<div class=\"elementor-element elementor-element-54aefa7 elementor-widget elementor-widget-text-editor\" data-id=\"54aefa7\" data-element_type=\"widget\" data-widget_type=\"text-editor.default\">\n\t\t\t\t<div class=\"elementor-widget-container\">\n\t\t\t\t\t\t\t\t\t<p>Notre cabinet est membre de <br \/>Chambre de commerce franco-tch\u00e8que.<\/p>\t\t\t\t\t\t\t\t<\/div>\n\t\t\t\t<\/div>\n\t\t\t\t<div class=\"elementor-element elementor-element-6380d11 elementor-widget elementor-widget-image\" data-id=\"6380d11\" data-element_type=\"widget\" data-widget_type=\"image.default\">\n\t\t\t\t<div class=\"elementor-widget-container\">\n\t\t\t\t\t\t\t\t\t\t\t\t\t\t\t\t<a href=\"https:\/\/www.chambre.cz\/cs.html\" target=\"_blank\" rel=\"noopener\">\n\t\t\t\t\t\t\t<img decoding=\"async\" width=\"252\" height=\"70\" src=\"https:\/\/dev.ak-drha.cz\/wp-content\/uploads\/2025\/06\/fr-cr-obch-komora.jpg\" class=\"attachment-large size-large wp-image-172\" alt=\"\" \/>\t\t\t\t\t\t\t\t<\/a>\n\t\t\t\t\t\t\t\t\t\t\t\t\t\t\t<\/div>\n\t\t\t\t<\/div>\n\t\t\t\t<\/div>\n\t\t\t\t\t<\/div>\n\t\t\t\t<\/div>\n\t\t\t\t<\/div>","protected":false},"excerpt":{"rendered":"<p>Ladislav Drha, advok\u00e1tn\u00ed kancel\u00e1\u0159 poskytuje sv\u00e9 pr\u00e1vn\u00ed slu\u017eby rovn\u011b\u017e francouzsky hovo\u0159\u00edc\u00edm klient\u016fm. Zaveden\u00fdm standardem na\u0161\u00ed kancel\u00e1\u0159e je poskytov\u00e1n\u00ed pr\u00e1vn\u00edch slu\u017eeb ve v\u0161ech\u00a0oborech \u010desk\u00e9ho pr\u00e1va. Ve\u0161ker\u00e1 komunikace s na\u0161imi klienty prob\u00edh\u00e1 ve francouzsk\u00e9m jazyce a rovn\u011b\u017e v\u0161echny v\u00fdstupy jsou poskytov\u00e1ny v jazyce, kter\u00fd si klient zvol\u00ed. Slu\u017eby Sv\u00e9 slu\u017eby poskytujeme francouzsky hovo\u0159\u00edc\u00edm klient\u016fm nach\u00e1zej\u00edc\u00edm se na [&hellip;]<\/p>","protected":false},"author":1,"featured_media":0,"parent":0,"menu_order":0,"comment_status":"closed","ping_status":"closed","template":"","meta":{"inline_featured_image":false,"footnotes":""},"class_list":["post-38","page","type-page","status-publish","hentry"],"_links":{"self":[{"href":"https:\/\/dev.ak-drha.cz\/fr\/wp-json\/wp\/v2\/pages\/38","targetHints":{"allow":["GET"]}}],"collection":[{"href":"https:\/\/dev.ak-drha.cz\/fr\/wp-json\/wp\/v2\/pages"}],"about":[{"href":"https:\/\/dev.ak-drha.cz\/fr\/wp-json\/wp\/v2\/types\/page"}],"author":[{"embeddable":true,"href":"https:\/\/dev.ak-drha.cz\/fr\/wp-json\/wp\/v2\/users\/1"}],"replies":[{"embeddable":true,"href":"https:\/\/dev.ak-drha.cz\/fr\/wp-json\/wp\/v2\/comments?post=38"}],"version-history":[{"count":24,"href":"https:\/\/dev.ak-drha.cz\/fr\/wp-json\/wp\/v2\/pages\/38\/revisions"}],"predecessor-version":[{"id":525,"href":"https:\/\/dev.ak-drha.cz\/fr\/wp-json\/wp\/v2\/pages\/38\/revisions\/525"}],"wp:attachment":[{"href":"https:\/\/dev.ak-drha.cz\/fr\/wp-json\/wp\/v2\/media?parent=38"}],"curies":[{"name":"wp","href":"https:\/\/api.w.org\/{rel}","templated":true}]}}