{"id":36,"date":"2025-06-21T10:52:22","date_gmt":"2025-06-21T08:52:22","guid":{"rendered":"https:\/\/dev.ak-drha.cz\/?page_id=36"},"modified":"2025-06-21T18:29:14","modified_gmt":"2025-06-21T16:29:14","slug":"pravo-francie-a-lucemburska","status":"publish","type":"page","link":"https:\/\/dev.ak-drha.cz\/fr\/pravo-francie-a-lucemburska\/","title":{"rendered":"Droit fran\u00e7ais et luxembourgeois"},"content":{"rendered":"<div data-elementor-type=\"wp-page\" data-elementor-id=\"36\" class=\"elementor elementor-36\" data-elementor-post-type=\"page\">\n\t\t\t\t<div data-particle_enable=\"false\" data-particle-mobile-disabled=\"false\" class=\"elementor-element elementor-element-3c55b99 e-flex e-con-boxed e-con e-parent\" data-id=\"3c55b99\" data-element_type=\"container\" data-settings=\"{&quot;background_background&quot;:&quot;classic&quot;,&quot;shape_divider_bottom&quot;:&quot;tilt&quot;}\">\n\t\t\t\t\t<div class=\"e-con-inner\">\n\t\t\t\t<div class=\"elementor-shape elementor-shape-bottom\" aria-hidden=\"true\" data-negative=\"false\">\n\t\t\t<svg xmlns=\"http:\/\/www.w3.org\/2000\/svg\" viewbox=\"0 0 1000 100\" preserveaspectratio=\"none\">\n\t<path class=\"elementor-shape-fill\" d=\"M0,6V0h1000v100L0,6z\"\/>\n<\/svg>\t\t<\/div>\n\t\t\t\t<div class=\"elementor-element elementor-element-73bd60a elementor-widget elementor-widget-heading\" data-id=\"73bd60a\" data-element_type=\"widget\" data-widget_type=\"heading.default\">\n\t\t\t\t<div class=\"elementor-widget-container\">\n\t\t\t\t\t<h1 class=\"elementor-heading-title elementor-size-default\">Droit fran\u00e7ais et luxembourgeois<\/h1>\t\t\t\t<\/div>\n\t\t\t\t<\/div>\n\t\t\t\t<div class=\"elementor-element elementor-element-c54f9b1 elementor-widget-divider--view-line elementor-widget elementor-widget-divider\" data-id=\"c54f9b1\" data-element_type=\"widget\" data-widget_type=\"divider.default\">\n\t\t\t\t<div class=\"elementor-widget-container\">\n\t\t\t\t\t\t\t<div class=\"elementor-divider\">\n\t\t\t<span class=\"elementor-divider-separator\">\n\t\t\t\t\t\t<\/span>\n\t\t<\/div>\n\t\t\t\t\t\t<\/div>\n\t\t\t\t<\/div>\n\t\t\t\t\t<\/div>\n\t\t\t\t<\/div>\n\t\t<div data-particle_enable=\"false\" data-particle-mobile-disabled=\"false\" class=\"elementor-element elementor-element-8ec2d86 e-flex e-con-boxed e-con e-parent\" data-id=\"8ec2d86\" data-element_type=\"container\">\n\t\t\t\t\t<div class=\"e-con-inner\">\n\t\t<div data-particle_enable=\"false\" data-particle-mobile-disabled=\"false\" class=\"elementor-element elementor-element-e115d23 e-con-full e-flex e-con e-child\" data-id=\"e115d23\" data-element_type=\"container\">\n\t\t\t\t<div class=\"elementor-element elementor-element-6aba09f elementor-widget elementor-widget-image\" data-id=\"6aba09f\" data-element_type=\"widget\" data-widget_type=\"image.default\">\n\t\t\t\t<div class=\"elementor-widget-container\">\n\t\t\t\t\t\t\t\t\t\t\t\t\t\t\t<img fetchpriority=\"high\" decoding=\"async\" width=\"300\" height=\"277\" src=\"https:\/\/dev.ak-drha.cz\/wp-content\/uploads\/2025\/06\/francouzkse-pravo-thumbnail.jpg\" class=\"attachment-large size-large wp-image-176\" alt=\"\" \/>\t\t\t\t\t\t\t\t\t\t\t\t\t\t\t<\/div>\n\t\t\t\t<\/div>\n\t\t\t\t<\/div>\n\t\t<div data-particle_enable=\"false\" data-particle-mobile-disabled=\"false\" class=\"elementor-element elementor-element-6025201 e-con-full e-flex e-con e-child\" data-id=\"6025201\" data-element_type=\"container\">\n\t\t\t\t<div class=\"elementor-element elementor-element-816b125 elementor-widget elementor-widget-text-editor\" data-id=\"816b125\" data-element_type=\"widget\" data-widget_type=\"text-editor.default\">\n\t\t\t\t<div class=\"elementor-widget-container\">\n\t\t\t\t\t\t\t\t\t<p>Outre le droit tch\u00e8que, Ladislav Drha est sp\u00e9cialis\u00e9 dans la prestation de services juridiques dans les r\u00e9gions francophones, en particulier en France et au Luxembourg. Gr\u00e2ce \u00e0 notre repr\u00e9sentation directe dans ces pays, nous sommes en mesure de fournir rapidement des services hautement professionnels \u00e0 nos coll\u00e8gues fran\u00e7ais et luxembourgeois.<\/p>\t\t\t\t\t\t\t\t<\/div>\n\t\t\t\t<\/div>\n\t\t\t\t<\/div>\n\t\t\t\t\t<\/div>\n\t\t\t\t<\/div>\n\t\t<div data-particle_enable=\"false\" data-particle-mobile-disabled=\"false\" class=\"elementor-element elementor-element-281f3c4 e-flex e-con-boxed e-con e-parent\" data-id=\"281f3c4\" data-element_type=\"container\">\n\t\t\t\t\t<div class=\"e-con-inner\">\n\t\t\t\t<div class=\"elementor-element elementor-element-e08c551 elementor-widget elementor-widget-heading\" data-id=\"e08c551\" data-element_type=\"widget\" data-widget_type=\"heading.default\">\n\t\t\t\t<div class=\"elementor-widget-container\">\n\t\t\t\t\t<h2 class=\"elementor-heading-title elementor-size-default\">Ce qui nous distingue<\/h2>\t\t\t\t<\/div>\n\t\t\t\t<\/div>\n\t\t\t\t<div class=\"elementor-element elementor-element-85d1570 elementor-widget elementor-widget-text-editor\" data-id=\"85d1570\" data-element_type=\"widget\" data-widget_type=\"text-editor.default\">\n\t\t\t\t<div class=\"elementor-widget-container\">\n\t\t\t\t\t\t\t\t\t<p>Les avocats inscrits au barreau tch\u00e8que ne sont autoris\u00e9s \u00e0 fournir des services juridiques que dans le cadre du droit tch\u00e8que et du droit international (ils doivent obtenir une licence pour fournir des services dans le domaine du droit d'un autre \u00c9tat) et ne peuvent donc pas, en r\u00e8gle g\u00e9n\u00e9rale, s'exprimer sur des questions de droit \u00e9tranger.<\/p><p>Nous avons toujours un avocat fran\u00e7ais ou luxembourgeois impliqu\u00e9 dans votre dossier d\u00e8s le d\u00e9but de notre coop\u00e9ration avec vous. C'est ce qui nous diff\u00e9rencie de nombreux autres cabinets d'avocats, qui se contentent g\u00e9n\u00e9ralement de faciliter les contacts ou d'organiser la communication. Avec nous, vous b\u00e9n\u00e9ficiez de services complets en un seul endroit.<\/p>\t\t\t\t\t\t\t\t<\/div>\n\t\t\t\t<\/div>\n\t\t\t\t\t<\/div>\n\t\t\t\t<\/div>\n\t\t<div data-particle_enable=\"false\" data-particle-mobile-disabled=\"false\" class=\"elementor-element elementor-element-ab992fc e-flex e-con-boxed e-con e-parent\" data-id=\"ab992fc\" data-element_type=\"container\">\n\t\t\t\t\t<div class=\"e-con-inner\">\n\t\t\t\t<div class=\"elementor-element elementor-element-a904ad2 elementor-widget elementor-widget-heading\" data-id=\"a904ad2\" data-element_type=\"widget\" data-widget_type=\"heading.default\">\n\t\t\t\t<div class=\"elementor-widget-container\">\n\t\t\t\t\t<h2 class=\"elementor-heading-title elementor-size-default\">\u00c9tendue des services<\/h2>\t\t\t\t<\/div>\n\t\t\t\t<\/div>\n\t\t\t\t<div class=\"elementor-element elementor-element-69b5c93 elementor-widget elementor-widget-text-editor\" data-id=\"69b5c93\" data-element_type=\"widget\" data-widget_type=\"text-editor.default\">\n\t\t\t\t<div class=\"elementor-widget-container\">\n\t\t\t\t\t\t\t\t\tNotre cabinet offre \u00e0 ses clients des services juridiques complets en mati\u00e8re de droit fran\u00e7ais et luxembourgeois. Nous fournissons nos services dans tous les domaines du droit de ces pays, tant dans le domaine du conseil et du droit des contrats (agenda non contentieux) que dans le domaine de la repr\u00e9sentation en justice et dans d'autres proc\u00e9dures.\n\nLa gamme de services offerts en France et au Luxembourg est identique \u00e0 la gamme de services offerts en R\u00e9publique tch\u00e8que, que vous pouvez trouver \u00e0 l'adresse suivante\u00a0<a class=\"inpage\" href=\"https:\/\/dev.ak-drha.cz\/fr\/pravni-sluzby\/\"><strong>ici<\/strong><\/a>.\t\t\t\t\t\t\t\t<\/div>\n\t\t\t\t<\/div>\n\t\t\t\t<div class=\"elementor-element elementor-element-babfb40 elementor-icon-list--layout-traditional elementor-list-item-link-full_width elementor-widget elementor-widget-icon-list\" data-id=\"babfb40\" data-element_type=\"widget\" data-widget_type=\"icon-list.default\">\n\t\t\t\t<div class=\"elementor-widget-container\">\n\t\t\t\t\t\t\t<ul class=\"elementor-icon-list-items\">\n\t\t\t\t\t\t\t<li class=\"elementor-icon-list-item\">\n\t\t\t\t\t\t\t\t\t\t\t<span class=\"elementor-icon-list-icon\">\n\t\t\t\t\t\t\t<svg aria-hidden=\"true\" class=\"e-font-icon-svg e-fas-angle-double-right\" viewbox=\"0 0 448 512\" xmlns=\"http:\/\/www.w3.org\/2000\/svg\"><path d=\"M224.3 273l-136 136c-9.4 9.4-24.6 9.4-33.9 0l-22.6-22.6c-9.4-9.4-9.4-24.6 0-33.9l96.4-96.4-96.4-96.4c-9.4-9.4-9.4-24.6 0-33.9L54.3 103c9.4-9.4 24.6-9.4 33.9 0l136 136c9.5 9.4 9.5 24.6.1 34zm192-34l-136-136c-9.4-9.4-24.6-9.4-33.9 0l-22.6 22.6c-9.4 9.4-9.4 24.6 0 33.9l96.4 96.4-96.4 96.4c-9.4 9.4-9.4 24.6 0 33.9l22.6 22.6c9.4 9.4 24.6 9.4 33.9 0l136-136c9.4-9.2 9.4-24.4 0-33.8z\"><\/path><\/svg>\t\t\t\t\t\t<\/span>\n\t\t\t\t\t\t\t\t\t\t<span class=\"elementor-icon-list-text\">nous offrons des consultations juridiques dans tous les domaines du droit<\/span>\n\t\t\t\t\t\t\t\t\t<\/li>\n\t\t\t\t\t\t\t\t<li class=\"elementor-icon-list-item\">\n\t\t\t\t\t\t\t\t\t\t\t<span class=\"elementor-icon-list-icon\">\n\t\t\t\t\t\t\t<svg aria-hidden=\"true\" class=\"e-font-icon-svg e-fas-angle-double-right\" viewbox=\"0 0 448 512\" xmlns=\"http:\/\/www.w3.org\/2000\/svg\"><path d=\"M224.3 273l-136 136c-9.4 9.4-24.6 9.4-33.9 0l-22.6-22.6c-9.4-9.4-9.4-24.6 0-33.9l96.4-96.4-96.4-96.4c-9.4-9.4-9.4-24.6 0-33.9L54.3 103c9.4-9.4 24.6-9.4 33.9 0l136 136c9.5 9.4 9.5 24.6.1 34zm192-34l-136-136c-9.4-9.4-24.6-9.4-33.9 0l-22.6 22.6c-9.4 9.4-9.4 24.6 0 33.9l96.4 96.4-96.4 96.4c-9.4 9.4-9.4 24.6 0 33.9l22.6 22.6c9.4 9.4 24.6 9.4 33.9 0l136-136c9.4-9.2 9.4-24.4 0-33.8z\"><\/path><\/svg>\t\t\t\t\t\t<\/span>\n\t\t\t\t\t\t\t\t\t\t<span class=\"elementor-icon-list-text\">nous pr\u00e9parons des analyses juridiques et des avis d'experts<\/span>\n\t\t\t\t\t\t\t\t\t<\/li>\n\t\t\t\t\t\t\t\t<li class=\"elementor-icon-list-item\">\n\t\t\t\t\t\t\t\t\t\t\t<span class=\"elementor-icon-list-icon\">\n\t\t\t\t\t\t\t<svg aria-hidden=\"true\" class=\"e-font-icon-svg e-fas-angle-double-right\" viewbox=\"0 0 448 512\" xmlns=\"http:\/\/www.w3.org\/2000\/svg\"><path d=\"M224.3 273l-136 136c-9.4 9.4-24.6 9.4-33.9 0l-22.6-22.6c-9.4-9.4-9.4-24.6 0-33.9l96.4-96.4-96.4-96.4c-9.4-9.4-9.4-24.6 0-33.9L54.3 103c9.4-9.4 24.6-9.4 33.9 0l136 136c9.5 9.4 9.5 24.6.1 34zm192-34l-136-136c-9.4-9.4-24.6-9.4-33.9 0l-22.6 22.6c-9.4 9.4-9.4 24.6 0 33.9l96.4 96.4-96.4 96.4c-9.4 9.4-9.4 24.6 0 33.9l22.6 22.6c9.4 9.4 24.6 9.4 33.9 0l136-136c9.4-9.2 9.4-24.4 0-33.8z\"><\/path><\/svg>\t\t\t\t\t\t<\/span>\n\t\t\t\t\t\t\t\t\t\t<span class=\"elementor-icon-list-text\">nous fournissons une assistance compl\u00e8te pour l'entr\u00e9e sur les march\u00e9s fran\u00e7ais et luxembourgeois (analyse de l'environnement juridique, traitement des permis n\u00e9cessaires, repr\u00e9sentation dans les proc\u00e9dures administratives)<\/span>\n\t\t\t\t\t\t\t\t\t<\/li>\n\t\t\t\t\t\t\t\t<li class=\"elementor-icon-list-item\">\n\t\t\t\t\t\t\t\t\t\t\t<span class=\"elementor-icon-list-icon\">\n\t\t\t\t\t\t\t<svg aria-hidden=\"true\" class=\"e-font-icon-svg e-fas-angle-double-right\" viewbox=\"0 0 448 512\" xmlns=\"http:\/\/www.w3.org\/2000\/svg\"><path d=\"M224.3 273l-136 136c-9.4 9.4-24.6 9.4-33.9 0l-22.6-22.6c-9.4-9.4-9.4-24.6 0-33.9l96.4-96.4-96.4-96.4c-9.4-9.4-9.4-24.6 0-33.9L54.3 103c9.4-9.4 24.6-9.4 33.9 0l136 136c9.5 9.4 9.5 24.6.1 34zm192-34l-136-136c-9.4-9.4-24.6-9.4-33.9 0l-22.6 22.6c-9.4 9.4-9.4 24.6 0 33.9l96.4 96.4-96.4 96.4c-9.4 9.4-9.4 24.6 0 33.9l22.6 22.6c9.4 9.4 24.6 9.4 33.9 0l136-136c9.4-9.2 9.4-24.4 0-33.8z\"><\/path><\/svg>\t\t\t\t\t\t<\/span>\n\t\t\t\t\t\t\t\t\t\t<span class=\"elementor-icon-list-text\">r\u00e9diger des documents juridiques conform\u00e9ment au droit national<\/span>\n\t\t\t\t\t\t\t\t\t<\/li>\n\t\t\t\t\t\t\t\t<li class=\"elementor-icon-list-item\">\n\t\t\t\t\t\t\t\t\t\t\t<span class=\"elementor-icon-list-icon\">\n\t\t\t\t\t\t\t<svg aria-hidden=\"true\" class=\"e-font-icon-svg e-fas-angle-double-right\" viewbox=\"0 0 448 512\" xmlns=\"http:\/\/www.w3.org\/2000\/svg\"><path d=\"M224.3 273l-136 136c-9.4 9.4-24.6 9.4-33.9 0l-22.6-22.6c-9.4-9.4-9.4-24.6 0-33.9l96.4-96.4-96.4-96.4c-9.4-9.4-9.4-24.6 0-33.9L54.3 103c9.4-9.4 24.6-9.4 33.9 0l136 136c9.5 9.4 9.5 24.6.1 34zm192-34l-136-136c-9.4-9.4-24.6-9.4-33.9 0l-22.6 22.6c-9.4 9.4-9.4 24.6 0 33.9l96.4 96.4-96.4 96.4c-9.4 9.4-9.4 24.6 0 33.9l22.6 22.6c9.4 9.4 24.6 9.4 33.9 0l136-136c9.4-9.2 9.4-24.4 0-33.8z\"><\/path><\/svg>\t\t\t\t\t\t<\/span>\n\t\t\t\t\t\t\t\t\t\t<span class=\"elementor-icon-list-text\">la repr\u00e9sentation dans toutes les proc\u00e9dures devant les autorit\u00e9s de l'\u00c9tat et des collectivit\u00e9s locales<\/span>\n\t\t\t\t\t\t\t\t\t<\/li>\n\t\t\t\t\t\t\t\t<li class=\"elementor-icon-list-item\">\n\t\t\t\t\t\t\t\t\t\t\t<span class=\"elementor-icon-list-icon\">\n\t\t\t\t\t\t\t<svg aria-hidden=\"true\" class=\"e-font-icon-svg e-fas-angle-double-right\" viewbox=\"0 0 448 512\" xmlns=\"http:\/\/www.w3.org\/2000\/svg\"><path d=\"M224.3 273l-136 136c-9.4 9.4-24.6 9.4-33.9 0l-22.6-22.6c-9.4-9.4-9.4-24.6 0-33.9l96.4-96.4-96.4-96.4c-9.4-9.4-9.4-24.6 0-33.9L54.3 103c9.4-9.4 24.6-9.4 33.9 0l136 136c9.5 9.4 9.5 24.6.1 34zm192-34l-136-136c-9.4-9.4-24.6-9.4-33.9 0l-22.6 22.6c-9.4 9.4-9.4 24.6 0 33.9l96.4 96.4-96.4 96.4c-9.4 9.4-9.4 24.6 0 33.9l22.6 22.6c9.4 9.4 24.6 9.4 33.9 0l136-136c9.4-9.2 9.4-24.4 0-33.8z\"><\/path><\/svg>\t\t\t\t\t\t<\/span>\n\t\t\t\t\t\t\t\t\t\t<span class=\"elementor-icon-list-text\">la repr\u00e9sentation en justice sur le territoire de ces \u00c9tats<\/span>\n\t\t\t\t\t\t\t\t\t<\/li>\n\t\t\t\t\t\t\t\t<li class=\"elementor-icon-list-item\">\n\t\t\t\t\t\t\t\t\t\t\t<span class=\"elementor-icon-list-icon\">\n\t\t\t\t\t\t\t<svg aria-hidden=\"true\" class=\"e-font-icon-svg e-fas-angle-double-right\" viewbox=\"0 0 448 512\" xmlns=\"http:\/\/www.w3.org\/2000\/svg\"><path d=\"M224.3 273l-136 136c-9.4 9.4-24.6 9.4-33.9 0l-22.6-22.6c-9.4-9.4-9.4-24.6 0-33.9l96.4-96.4-96.4-96.4c-9.4-9.4-9.4-24.6 0-33.9L54.3 103c9.4-9.4 24.6-9.4 33.9 0l136 136c9.5 9.4 9.5 24.6.1 34zm192-34l-136-136c-9.4-9.4-24.6-9.4-33.9 0l-22.6 22.6c-9.4 9.4-9.4 24.6 0 33.9l96.4 96.4-96.4 96.4c-9.4 9.4-9.4 24.6 0 33.9l22.6 22.6c9.4 9.4 24.6 9.4 33.9 0l136-136c9.4-9.2 9.4-24.4 0-33.8z\"><\/path><\/svg>\t\t\t\t\t\t<\/span>\n\t\t\t\t\t\t\t\t\t\t<span class=\"elementor-icon-list-text\">l'aide \u00e0 la r\u00e9solution extrajudiciaire des litiges<\/span>\n\t\t\t\t\t\t\t\t\t<\/li>\n\t\t\t\t\t\t<\/ul>\n\t\t\t\t\t\t<\/div>\n\t\t\t\t<\/div>\n\t\t\t\t<div class=\"elementor-element elementor-element-6cbac41 elementor-widget elementor-widget-text-editor\" data-id=\"6cbac41\" data-element_type=\"widget\" data-widget_type=\"text-editor.default\">\n\t\t\t\t<div class=\"elementor-widget-container\">\n\t\t\t\t\t\t\t\t\t<p>Nous proposons nos services dans toute la France et au Luxembourg.<\/p>\t\t\t\t\t\t\t\t<\/div>\n\t\t\t\t<\/div>\n\t\t\t\t\t<\/div>\n\t\t\t\t<\/div>\n\t\t<div data-particle_enable=\"false\" data-particle-mobile-disabled=\"false\" class=\"elementor-element elementor-element-d0a10c8 e-flex e-con-boxed e-con e-parent\" data-id=\"d0a10c8\" data-element_type=\"container\">\n\t\t\t\t\t<div class=\"e-con-inner\">\n\t\t\t\t<div class=\"elementor-element elementor-element-10af9cc elementor-widget elementor-widget-heading\" data-id=\"10af9cc\" data-element_type=\"widget\" data-widget_type=\"heading.default\">\n\t\t\t\t<div class=\"elementor-widget-container\">\n\t\t\t\t\t<h2 class=\"elementor-heading-title elementor-size-default\">Exp\u00e9rience<\/h2>\t\t\t\t<\/div>\n\t\t\t\t<\/div>\n\t\t\t\t<div class=\"elementor-element elementor-element-3f7f9df elementor-widget elementor-widget-text-editor\" data-id=\"3f7f9df\" data-element_type=\"widget\" data-widget_type=\"text-editor.default\">\n\t\t\t\t<div class=\"elementor-widget-container\">\n\t\t\t\t\t\t\t\t\t<p>Notre cabinet d'avocats repr\u00e9sente actuellement des soci\u00e9t\u00e9s tch\u00e8ques dans plusieurs proc\u00e9dures civiles devant les tribunaux fran\u00e7ais. Nous repr\u00e9sentons \u00e9galement des clients en tant que cr\u00e9anciers dans des proc\u00e9dures d'insolvabilit\u00e9 avec des soci\u00e9t\u00e9s fran\u00e7aises qui ont \u00e9t\u00e9 d\u00e9clar\u00e9es en faillite. Dans le pass\u00e9, nous avons fourni des services \u00e0 des clients tch\u00e8ques dans le cadre de proc\u00e9dures p\u00e9nales et nous sommes \u00e9galement intervenus dans des proc\u00e9dures de divorce.<\/p><p class=\"space-bottom-50\">Dans notre bureau de Prague, nous avons l'exp\u00e9rience du droit fran\u00e7ais et, compte tenu du nombre de dossiers que nous avons trait\u00e9s, nous sommes \u00e9galement familiaris\u00e9s avec la proc\u00e9dure pratique des autorit\u00e9s judiciaires et administratives de ces pays. Ces connaissances et cette exp\u00e9rience nous permettent de travailler efficacement avec nos clients et de nous concentrer sur les informations essentielles \u00e0 une gestion r\u00e9ussie des dossiers. De m\u00eame, nos coll\u00e8gues fran\u00e7ais ont l'exp\u00e9rience des clients tch\u00e8ques et sont donc en mesure de mieux comprendre les besoins et les int\u00e9r\u00eats de ces derniers.<\/p>\t\t\t\t\t\t\t\t<\/div>\n\t\t\t\t<\/div>\n\t\t\t\t\t<\/div>\n\t\t\t\t<\/div>\n\t\t<div data-particle_enable=\"false\" data-particle-mobile-disabled=\"false\" class=\"elementor-element elementor-element-4c17111 e-flex e-con-boxed e-con e-parent\" data-id=\"4c17111\" data-element_type=\"container\">\n\t\t\t\t\t<div class=\"e-con-inner\">\n\t\t\t\t<div class=\"elementor-element elementor-element-2e5316b elementor-widget elementor-widget-heading\" data-id=\"2e5316b\" data-element_type=\"widget\" data-widget_type=\"heading.default\">\n\t\t\t\t<div class=\"elementor-widget-container\">\n\t\t\t\t\t<h2 class=\"elementor-heading-title elementor-size-default\">Normes de coop\u00e9ration<\/h2>\t\t\t\t<\/div>\n\t\t\t\t<\/div>\n\t\t\t\t<div class=\"elementor-element elementor-element-646d1e0 elementor-widget elementor-widget-text-editor\" data-id=\"646d1e0\" data-element_type=\"widget\" data-widget_type=\"text-editor.default\">\n\t\t\t\t<div class=\"elementor-widget-container\">\n\t\t\t\t\t\t\t\t\t<p>Dans notre bureau de Prague, vous aurez toujours un avocat de langue tch\u00e8que qui sera votre partenaire tout au long de notre collaboration. Ainsi, aucune connaissance d'une langue \u00e9trang\u00e8re n'est requise de votre part, vous n'avez m\u00eame pas besoin de vous d\u00e9placer. La qualit\u00e9 de nos services est toujours garantie par la pr\u00e9sence de notre coll\u00e8gue fran\u00e7ais ou luxembourgeois pendant la r\u00e9solution de votre affaire.<\/p><p>Tous les conseils juridiques, analyses et avis d'experts sont toujours pr\u00e9par\u00e9s en interne par des avocats de l'\u00c9tat concern\u00e9 qui exercent r\u00e9guli\u00e8rement dans cet \u00c9tat. Toutefois, vous recevrez toujours une d\u00e9claration en langue tch\u00e8que accompagn\u00e9e d'une explication appropri\u00e9e afin que vous puissiez comprendre la question dans son contexte et prendre des d\u00e9cisions en connaissance de cause.<\/p><p>Nous repr\u00e9sentons \u00e9galement des clients dans des proc\u00e9dures administratives et judiciaires directement en France et au Luxembourg. Ainsi, si vous devez intenter une action en justice, recouvrer une cr\u00e9ance ou \u00eatre impliqu\u00e9 dans une proc\u00e9dure judiciaire ou administrative, vous n'avez plus besoin de chercher un avocat pour vous repr\u00e9senter dans ces pays. Dans notre bureau de Prague, nous discuterons de tout en tch\u00e8que avec vous et nous nous chargerons de votre repr\u00e9sentation juridique. Nous nous occupons de tout le reste pour vous.<\/p><p>Nous travaillons avec un interpr\u00e8te judiciaire qui traduit les documents que vous nous remettez. Nous n'effectuons les traductions que dans la mesure o\u00f9 elles sont vraiment n\u00e9cessaires, ce qui vous permet de r\u00e9aliser des \u00e9conomies. Parce que nous savons ce dont nous avons besoin.<\/p>\t\t\t\t\t\t\t\t<\/div>\n\t\t\t\t<\/div>\n\t\t\t\t\t<\/div>\n\t\t\t\t<\/div>\n\t\t<div data-particle_enable=\"false\" data-particle-mobile-disabled=\"false\" class=\"elementor-element elementor-element-a750f93 e-flex e-con-boxed e-con e-parent\" data-id=\"a750f93\" data-element_type=\"container\">\n\t\t\t\t\t<div class=\"e-con-inner\">\n\t\t\t\t<div class=\"elementor-element elementor-element-8d0df02 elementor-widget-divider--view-line elementor-widget elementor-widget-divider\" data-id=\"8d0df02\" data-element_type=\"widget\" data-widget_type=\"divider.default\">\n\t\t\t\t<div class=\"elementor-widget-container\">\n\t\t\t\t\t\t\t<div class=\"elementor-divider\">\n\t\t\t<span class=\"elementor-divider-separator\">\n\t\t\t\t\t\t<\/span>\n\t\t<\/div>\n\t\t\t\t\t\t<\/div>\n\t\t\t\t<\/div>\n\t\t\t\t\t<\/div>\n\t\t\t\t<\/div>\n\t\t<div data-particle_enable=\"false\" data-particle-mobile-disabled=\"false\" class=\"elementor-element elementor-element-053ba8b e-flex e-con-boxed e-con e-parent\" data-id=\"053ba8b\" data-element_type=\"container\">\n\t\t\t\t\t<div class=\"e-con-inner\">\n\t\t<div data-particle_enable=\"false\" data-particle-mobile-disabled=\"false\" class=\"elementor-element elementor-element-dc1f78a e-con-full e-flex e-con e-child\" data-id=\"dc1f78a\" data-element_type=\"container\">\n\t\t\t\t<div class=\"elementor-element elementor-element-9c6d8e9 elementor-widget elementor-widget-text-editor\" data-id=\"9c6d8e9\" data-element_type=\"widget\" data-widget_type=\"text-editor.default\">\n\t\t\t\t<div class=\"elementor-widget-container\">\n\t\t\t\t\t\t\t\t\t<p>Nous sommes inscrits sur la liste des avocats francophones tenue par l'Ambassade de la R\u00e9publique tch\u00e8que \u00e0 Paris.<\/p>\t\t\t\t\t\t\t\t<\/div>\n\t\t\t\t<\/div>\n\t\t\t\t<div class=\"elementor-element elementor-element-b50c527 elementor-widget elementor-widget-image\" data-id=\"b50c527\" data-element_type=\"widget\" data-widget_type=\"image.default\">\n\t\t\t\t<div class=\"elementor-widget-container\">\n\t\t\t\t\t\t\t\t\t\t\t\t\t\t\t\t<a href=\"https:\/\/mzv.gov.cz\/paris\/cz\/\" target=\"_blank\" rel=\"noopener\">\n\t\t\t\t\t\t\t<img decoding=\"async\" width=\"338\" height=\"70\" src=\"https:\/\/dev.ak-drha.cz\/wp-content\/uploads\/2025\/06\/velvyslanectvi-cr-v-parizi.jpg\" class=\"attachment-large size-large wp-image-171\" alt=\"\" srcset=\"https:\/\/dev.ak-drha.cz\/wp-content\/uploads\/2025\/06\/velvyslanectvi-cr-v-parizi.jpg 338w, https:\/\/dev.ak-drha.cz\/wp-content\/uploads\/2025\/06\/velvyslanectvi-cr-v-parizi-300x62.jpg 300w\" sizes=\"(max-width: 338px) 100vw, 338px\" \/>\t\t\t\t\t\t\t\t<\/a>\n\t\t\t\t\t\t\t\t\t\t\t\t\t\t\t<\/div>\n\t\t\t\t<\/div>\n\t\t\t\t<\/div>\n\t\t<div data-particle_enable=\"false\" data-particle-mobile-disabled=\"false\" class=\"elementor-element elementor-element-1a4fac6 e-con-full e-flex e-con e-child\" data-id=\"1a4fac6\" data-element_type=\"container\">\n\t\t\t\t<div class=\"elementor-element elementor-element-90ee655 elementor-widget elementor-widget-text-editor\" data-id=\"90ee655\" data-element_type=\"widget\" data-widget_type=\"text-editor.default\">\n\t\t\t\t<div class=\"elementor-widget-container\">\n\t\t\t\t\t\t\t\t\t<p>Notre cabinet est membre de <br \/>Chambre de commerce franco-tch\u00e8que.<\/p>\t\t\t\t\t\t\t\t<\/div>\n\t\t\t\t<\/div>\n\t\t\t\t<div class=\"elementor-element elementor-element-82a55c1 elementor-widget elementor-widget-image\" data-id=\"82a55c1\" data-element_type=\"widget\" data-widget_type=\"image.default\">\n\t\t\t\t<div class=\"elementor-widget-container\">\n\t\t\t\t\t\t\t\t\t\t\t\t\t\t\t\t<a href=\"https:\/\/www.chambre.cz\/cs.html\" target=\"_blank\" rel=\"noopener\">\n\t\t\t\t\t\t\t<img decoding=\"async\" width=\"252\" height=\"70\" src=\"https:\/\/dev.ak-drha.cz\/wp-content\/uploads\/2025\/06\/fr-cr-obch-komora.jpg\" class=\"attachment-large size-large wp-image-172\" alt=\"\" \/>\t\t\t\t\t\t\t\t<\/a>\n\t\t\t\t\t\t\t\t\t\t\t\t\t\t\t<\/div>\n\t\t\t\t<\/div>\n\t\t\t\t<\/div>\n\t\t\t\t\t<\/div>\n\t\t\t\t<\/div>\n\t\t\t\t<\/div>","protected":false},"excerpt":{"rendered":"<p>Ladislav Drha, advok\u00e1tn\u00ed kancel\u00e1\u0159 se vedle \u010desk\u00e9ho pr\u00e1va specializuje na poskytov\u00e1n\u00ed pr\u00e1vn\u00edch slu\u017eeb ve frankofonn\u00edch oblastech, zejm\u00e9na pak na \u00fazem\u00ed Francie a Lucemburska. D\u00edky p\u0159\u00edm\u00e9mu zastoupen\u00ed v t\u011bchto zem\u00edch jsme schopni v kr\u00e1tk\u00e9m \u010dase poskytnout vysoce profesion\u00e1ln\u00ed slu\u017eby na\u0161ich francouzsk\u00fdch a lucembursk\u00fdch koleg\u016f. Co n\u00e1s odli\u0161uje Advok\u00e1ti zapsan\u00ed u \u010cesk\u00e9 advok\u00e1tn\u00ed komory jsou opr\u00e1vn\u011bni poskytovat [&hellip;]<\/p>","protected":false},"author":1,"featured_media":0,"parent":0,"menu_order":0,"comment_status":"closed","ping_status":"closed","template":"","meta":{"inline_featured_image":false,"footnotes":""},"class_list":["post-36","page","type-page","status-publish","hentry"],"_links":{"self":[{"href":"https:\/\/dev.ak-drha.cz\/fr\/wp-json\/wp\/v2\/pages\/36","targetHints":{"allow":["GET"]}}],"collection":[{"href":"https:\/\/dev.ak-drha.cz\/fr\/wp-json\/wp\/v2\/pages"}],"about":[{"href":"https:\/\/dev.ak-drha.cz\/fr\/wp-json\/wp\/v2\/types\/page"}],"author":[{"embeddable":true,"href":"https:\/\/dev.ak-drha.cz\/fr\/wp-json\/wp\/v2\/users\/1"}],"replies":[{"embeddable":true,"href":"https:\/\/dev.ak-drha.cz\/fr\/wp-json\/wp\/v2\/comments?post=36"}],"version-history":[{"count":29,"href":"https:\/\/dev.ak-drha.cz\/fr\/wp-json\/wp\/v2\/pages\/36\/revisions"}],"predecessor-version":[{"id":509,"href":"https:\/\/dev.ak-drha.cz\/fr\/wp-json\/wp\/v2\/pages\/36\/revisions\/509"}],"wp:attachment":[{"href":"https:\/\/dev.ak-drha.cz\/fr\/wp-json\/wp\/v2\/media?parent=36"}],"curies":[{"name":"wp","href":"https:\/\/api.w.org\/{rel}","templated":true}]}}