{"id":151,"date":"2025-06-21T12:00:03","date_gmt":"2025-06-21T10:00:03","guid":{"rendered":"https:\/\/dev.ak-drha.cz\/?page_id=151"},"modified":"2025-06-21T18:33:04","modified_gmt":"2025-06-21T16:33:04","slug":"nemovitostni-pravo-advokatni-kancelar","status":"publish","type":"page","link":"https:\/\/dev.ak-drha.cz\/fr\/pravni-sluzby\/nemovitostni-pravo-advokatni-kancelar\/","title":{"rendered":"Nemovitostn\u00ed pr\u00e1vo"},"content":{"rendered":"<div data-elementor-type=\"wp-page\" data-elementor-id=\"151\" class=\"elementor elementor-151\" data-elementor-post-type=\"page\">\n\t\t\t\t<div data-particle_enable=\"false\" data-particle-mobile-disabled=\"false\" class=\"elementor-element elementor-element-1663538 e-flex e-con-boxed e-con e-parent\" data-id=\"1663538\" data-element_type=\"container\" data-settings=\"{&quot;background_background&quot;:&quot;classic&quot;,&quot;shape_divider_bottom&quot;:&quot;tilt&quot;}\">\n\t\t\t\t\t<div class=\"e-con-inner\">\n\t\t\t\t<div class=\"elementor-shape elementor-shape-bottom\" aria-hidden=\"true\" data-negative=\"false\">\n\t\t\t<svg xmlns=\"http:\/\/www.w3.org\/2000\/svg\" viewbox=\"0 0 1000 100\" preserveaspectratio=\"none\">\n\t<path class=\"elementor-shape-fill\" d=\"M0,6V0h1000v100L0,6z\"\/>\n<\/svg>\t\t<\/div>\n\t\t\t\t<div class=\"elementor-element elementor-element-4367faf elementor-widget elementor-widget-heading\" data-id=\"4367faf\" data-element_type=\"widget\" data-widget_type=\"heading.default\">\n\t\t\t\t<div class=\"elementor-widget-container\">\n\t\t\t\t\t<h1 class=\"elementor-heading-title elementor-size-default\">Nemovitostn\u00ed pr\u00e1vo<\/h1>\t\t\t\t<\/div>\n\t\t\t\t<\/div>\n\t\t\t\t<div class=\"elementor-element elementor-element-0194fea elementor-widget-divider--view-line elementor-widget elementor-widget-divider\" data-id=\"0194fea\" data-element_type=\"widget\" data-widget_type=\"divider.default\">\n\t\t\t\t<div class=\"elementor-widget-container\">\n\t\t\t\t\t\t\t<div class=\"elementor-divider\">\n\t\t\t<span class=\"elementor-divider-separator\">\n\t\t\t\t\t\t<\/span>\n\t\t<\/div>\n\t\t\t\t\t\t<\/div>\n\t\t\t\t<\/div>\n\t\t\t\t\t<\/div>\n\t\t\t\t<\/div>\n\t\t<div data-particle_enable=\"false\" data-particle-mobile-disabled=\"false\" class=\"elementor-element elementor-element-8a589f7 e-flex e-con-boxed e-con e-parent\" data-id=\"8a589f7\" data-element_type=\"container\">\n\t\t\t\t\t<div class=\"e-con-inner\">\n\t\t<div data-particle_enable=\"false\" data-particle-mobile-disabled=\"false\" class=\"elementor-element elementor-element-c93d13f e-con-full e-flex e-con e-child\" data-id=\"c93d13f\" data-element_type=\"container\">\n\t\t\t\t<div class=\"elementor-element elementor-element-6549084 elementor-widget elementor-widget-text-editor\" data-id=\"6549084\" data-element_type=\"widget\" data-widget_type=\"text-editor.default\">\n\t\t\t\t<div class=\"elementor-widget-container\">\n\t\t\t\t\t\t\t\t\t<p>Poskytujeme sv\u00fdm klient\u016fm komplexn\u00ed pr\u00e1vn\u00ed slu\u017eby v oblasti pr\u00e1va nemovitost\u00ed. Specializujeme se na transakce nemovitost\u00ed, kdy zaji\u0161\u0165ujeme komplexn\u00ed slu\u017eby od kontroly pr\u00e1vn\u00edho stavu nemovitosti, p\u0159es asistenci p\u0159i financov\u00e1n\u00ed (hypote\u010dn\u00ed smlouvy) a\u017e po realizaci samotn\u00e9ho p\u0159evodu vlastnick\u00e9ho pr\u00e1va k nemovitosti. Zpracov\u00e1v\u00e1me a p\u0159ipom\u00ednkujeme rovn\u011b\u017e smlouvy o d\u00edlo souvisej\u00edc\u00ed se stavbami, smlouvy o n\u00e1jmu bytov\u00fdch i komer\u010dn\u00edch prostor, pachtovn\u00ed smlouvy.<\/p>\t\t\t\t\t\t\t\t<\/div>\n\t\t\t\t<\/div>\n\t\t\t\t<div class=\"elementor-element elementor-element-abf6f00 elementor-widget elementor-widget-heading\" data-id=\"abf6f00\" data-element_type=\"widget\" data-widget_type=\"heading.default\">\n\t\t\t\t<div class=\"elementor-widget-container\">\n\t\t\t\t\t<h2 class=\"elementor-heading-title elementor-size-default\">Na\u0161e advok\u00e1tn\u00ed kancel\u00e1\u0159 nab\u00edz\u00ed slu\u017eby zejm\u00e9na v t\u011bchto oblastech nemovitostn\u00edho pr\u00e1va<\/h2>\t\t\t\t<\/div>\n\t\t\t\t<\/div>\n\t\t\t\t<div class=\"elementor-element elementor-element-f025147 elementor-icon-list--layout-traditional elementor-list-item-link-full_width elementor-widget elementor-widget-icon-list\" data-id=\"f025147\" data-element_type=\"widget\" data-widget_type=\"icon-list.default\">\n\t\t\t\t<div class=\"elementor-widget-container\">\n\t\t\t\t\t\t\t<ul class=\"elementor-icon-list-items\">\n\t\t\t\t\t\t\t<li class=\"elementor-icon-list-item\">\n\t\t\t\t\t\t\t\t\t\t\t<span class=\"elementor-icon-list-icon\">\n\t\t\t\t\t\t\t<svg aria-hidden=\"true\" class=\"e-font-icon-svg e-fas-angle-double-right\" viewbox=\"0 0 448 512\" xmlns=\"http:\/\/www.w3.org\/2000\/svg\"><path d=\"M224.3 273l-136 136c-9.4 9.4-24.6 9.4-33.9 0l-22.6-22.6c-9.4-9.4-9.4-24.6 0-33.9l96.4-96.4-96.4-96.4c-9.4-9.4-9.4-24.6 0-33.9L54.3 103c9.4-9.4 24.6-9.4 33.9 0l136 136c9.5 9.4 9.5 24.6.1 34zm192-34l-136-136c-9.4-9.4-24.6-9.4-33.9 0l-22.6 22.6c-9.4 9.4-9.4 24.6 0 33.9l96.4 96.4-96.4 96.4c-9.4 9.4-9.4 24.6 0 33.9l22.6 22.6c9.4 9.4 24.6 9.4 33.9 0l136-136c9.4-9.2 9.4-24.4 0-33.8z\"><\/path><\/svg>\t\t\t\t\t\t<\/span>\n\t\t\t\t\t\t\t\t\t\t<span class=\"elementor-icon-list-text\">p\u0159\u00edprava a revize kupn\u00edch, darovac\u00edch a sm\u011bnn\u00fdch smluv<\/span>\n\t\t\t\t\t\t\t\t\t<\/li>\n\t\t\t\t\t\t\t\t<li class=\"elementor-icon-list-item\">\n\t\t\t\t\t\t\t\t\t\t\t<span class=\"elementor-icon-list-icon\">\n\t\t\t\t\t\t\t<svg aria-hidden=\"true\" class=\"e-font-icon-svg e-fas-angle-double-right\" viewbox=\"0 0 448 512\" xmlns=\"http:\/\/www.w3.org\/2000\/svg\"><path d=\"M224.3 273l-136 136c-9.4 9.4-24.6 9.4-33.9 0l-22.6-22.6c-9.4-9.4-9.4-24.6 0-33.9l96.4-96.4-96.4-96.4c-9.4-9.4-9.4-24.6 0-33.9L54.3 103c9.4-9.4 24.6-9.4 33.9 0l136 136c9.5 9.4 9.5 24.6.1 34zm192-34l-136-136c-9.4-9.4-24.6-9.4-33.9 0l-22.6 22.6c-9.4 9.4-9.4 24.6 0 33.9l96.4 96.4-96.4 96.4c-9.4 9.4-9.4 24.6 0 33.9l22.6 22.6c9.4 9.4 24.6 9.4 33.9 0l136-136c9.4-9.2 9.4-24.4 0-33.8z\"><\/path><\/svg>\t\t\t\t\t\t<\/span>\n\t\t\t\t\t\t\t\t\t\t<span class=\"elementor-icon-list-text\">p\u0159\u00edprava smluv z\u00e1stavn\u00edch a smluv o v\u011bcn\u00fdch b\u0159emenech<\/span>\n\t\t\t\t\t\t\t\t\t<\/li>\n\t\t\t\t\t\t\t\t<li class=\"elementor-icon-list-item\">\n\t\t\t\t\t\t\t\t\t\t\t<span class=\"elementor-icon-list-icon\">\n\t\t\t\t\t\t\t<svg aria-hidden=\"true\" class=\"e-font-icon-svg e-fas-angle-double-right\" viewbox=\"0 0 448 512\" xmlns=\"http:\/\/www.w3.org\/2000\/svg\"><path d=\"M224.3 273l-136 136c-9.4 9.4-24.6 9.4-33.9 0l-22.6-22.6c-9.4-9.4-9.4-24.6 0-33.9l96.4-96.4-96.4-96.4c-9.4-9.4-9.4-24.6 0-33.9L54.3 103c9.4-9.4 24.6-9.4 33.9 0l136 136c9.5 9.4 9.5 24.6.1 34zm192-34l-136-136c-9.4-9.4-24.6-9.4-33.9 0l-22.6 22.6c-9.4 9.4-9.4 24.6 0 33.9l96.4 96.4-96.4 96.4c-9.4 9.4-9.4 24.6 0 33.9l22.6 22.6c9.4 9.4 24.6 9.4 33.9 0l136-136c9.4-9.2 9.4-24.4 0-33.8z\"><\/path><\/svg>\t\t\t\t\t\t<\/span>\n\t\t\t\t\t\t\t\t\t\t<span class=\"elementor-icon-list-text\">smlouvy o n\u00e1jmu bytov\u00fdch, kancel\u00e1\u0159sk\u00fdch, obchodn\u00edch a pr\u016fmyslov\u00fdch prostor, pachtovn\u00ed smlouvy<\/span>\n\t\t\t\t\t\t\t\t\t<\/li>\n\t\t\t\t\t\t\t\t<li class=\"elementor-icon-list-item\">\n\t\t\t\t\t\t\t\t\t\t\t<span class=\"elementor-icon-list-icon\">\n\t\t\t\t\t\t\t<svg aria-hidden=\"true\" class=\"e-font-icon-svg e-fas-angle-double-right\" viewbox=\"0 0 448 512\" xmlns=\"http:\/\/www.w3.org\/2000\/svg\"><path d=\"M224.3 273l-136 136c-9.4 9.4-24.6 9.4-33.9 0l-22.6-22.6c-9.4-9.4-9.4-24.6 0-33.9l96.4-96.4-96.4-96.4c-9.4-9.4-9.4-24.6 0-33.9L54.3 103c9.4-9.4 24.6-9.4 33.9 0l136 136c9.5 9.4 9.5 24.6.1 34zm192-34l-136-136c-9.4-9.4-24.6-9.4-33.9 0l-22.6 22.6c-9.4 9.4-9.4 24.6 0 33.9l96.4 96.4-96.4 96.4c-9.4 9.4-9.4 24.6 0 33.9l22.6 22.6c9.4 9.4 24.6 9.4 33.9 0l136-136c9.4-9.2 9.4-24.4 0-33.8z\"><\/path><\/svg>\t\t\t\t\t\t<\/span>\n\t\t\t\t\t\t\t\t\t\t<span class=\"elementor-icon-list-text\">p\u0159\u00edprava smluv o p\u0159evodu byt\u016f z vlastnictv\u00ed bytov\u00fdch dru\u017estev<\/span>\n\t\t\t\t\t\t\t\t\t<\/li>\n\t\t\t\t\t\t\t\t<li class=\"elementor-icon-list-item\">\n\t\t\t\t\t\t\t\t\t\t\t<span class=\"elementor-icon-list-icon\">\n\t\t\t\t\t\t\t<svg aria-hidden=\"true\" class=\"e-font-icon-svg e-fas-angle-double-right\" viewbox=\"0 0 448 512\" xmlns=\"http:\/\/www.w3.org\/2000\/svg\"><path d=\"M224.3 273l-136 136c-9.4 9.4-24.6 9.4-33.9 0l-22.6-22.6c-9.4-9.4-9.4-24.6 0-33.9l96.4-96.4-96.4-96.4c-9.4-9.4-9.4-24.6 0-33.9L54.3 103c9.4-9.4 24.6-9.4 33.9 0l136 136c9.5 9.4 9.5 24.6.1 34zm192-34l-136-136c-9.4-9.4-24.6-9.4-33.9 0l-22.6 22.6c-9.4 9.4-9.4 24.6 0 33.9l96.4 96.4-96.4 96.4c-9.4 9.4-9.4 24.6 0 33.9l22.6 22.6c9.4 9.4 24.6 9.4 33.9 0l136-136c9.4-9.2 9.4-24.4 0-33.8z\"><\/path><\/svg>\t\t\t\t\t\t<\/span>\n\t\t\t\t\t\t\t\t\t\t<span class=\"elementor-icon-list-text\">zpracov\u00e1n\u00ed pr\u00e1vn\u00edch anal\u00fdz k odpov\u011bdnosti za vady nemovitosti (ze smluv kupn\u00edch a smluv o d\u00edlo) v\u010detn\u011b odpov\u011bdnosti ze z\u00e1ruky<\/span>\n\t\t\t\t\t\t\t\t\t<\/li>\n\t\t\t\t\t\t\t\t<li class=\"elementor-icon-list-item\">\n\t\t\t\t\t\t\t\t\t\t\t<span class=\"elementor-icon-list-icon\">\n\t\t\t\t\t\t\t<svg aria-hidden=\"true\" class=\"e-font-icon-svg e-fas-angle-double-right\" viewbox=\"0 0 448 512\" xmlns=\"http:\/\/www.w3.org\/2000\/svg\"><path d=\"M224.3 273l-136 136c-9.4 9.4-24.6 9.4-33.9 0l-22.6-22.6c-9.4-9.4-9.4-24.6 0-33.9l96.4-96.4-96.4-96.4c-9.4-9.4-9.4-24.6 0-33.9L54.3 103c9.4-9.4 24.6-9.4 33.9 0l136 136c9.5 9.4 9.5 24.6.1 34zm192-34l-136-136c-9.4-9.4-24.6-9.4-33.9 0l-22.6 22.6c-9.4 9.4-9.4 24.6 0 33.9l96.4 96.4-96.4 96.4c-9.4 9.4-9.4 24.6 0 33.9l22.6 22.6c9.4 9.4 24.6 9.4 33.9 0l136-136c9.4-9.2 9.4-24.4 0-33.8z\"><\/path><\/svg>\t\t\t\t\t\t<\/span>\n\t\t\t\t\t\t\t\t\t\t<span class=\"elementor-icon-list-text\">zastupov\u00e1n\u00ed p\u0159ed soudy ve sporech \u2013 spory z n\u00e1jmu, spory z odpov\u011bdnosti za vady nemovitosti, \u017ealoby na vyklizen\u00ed nemovitosti, spory o vlastnictv\u00ed nemovitost\u00ed, z\u00e1stavn\u00ed pr\u00e1va a v\u011bcn\u00e1 b\u0159emena<\/span>\n\t\t\t\t\t\t\t\t\t<\/li>\n\t\t\t\t\t\t\t\t<li class=\"elementor-icon-list-item\">\n\t\t\t\t\t\t\t\t\t\t\t<span class=\"elementor-icon-list-icon\">\n\t\t\t\t\t\t\t<svg aria-hidden=\"true\" class=\"e-font-icon-svg e-fas-angle-double-right\" viewbox=\"0 0 448 512\" xmlns=\"http:\/\/www.w3.org\/2000\/svg\"><path d=\"M224.3 273l-136 136c-9.4 9.4-24.6 9.4-33.9 0l-22.6-22.6c-9.4-9.4-9.4-24.6 0-33.9l96.4-96.4-96.4-96.4c-9.4-9.4-9.4-24.6 0-33.9L54.3 103c9.4-9.4 24.6-9.4 33.9 0l136 136c9.5 9.4 9.5 24.6.1 34zm192-34l-136-136c-9.4-9.4-24.6-9.4-33.9 0l-22.6 22.6c-9.4 9.4-9.4 24.6 0 33.9l96.4 96.4-96.4 96.4c-9.4 9.4-9.4 24.6 0 33.9l22.6 22.6c9.4 9.4 24.6 9.4 33.9 0l136-136c9.4-9.2 9.4-24.4 0-33.8z\"><\/path><\/svg>\t\t\t\t\t\t<\/span>\n\t\t\t\t\t\t\t\t\t\t<span class=\"elementor-icon-list-text\">advok\u00e1tn\u00ed \u00faschova pen\u011bz a listin, p\u0159\u00edprava pod\u00e1n\u00ed na katastr\u00e1ln\u00ed \u00fa\u0159ad a zastupov\u00e1n\u00ed v \u0159\u00edzen\u00ed p\u0159ed katastr\u00e1ln\u00edm \u00fa\u0159adem<\/span>\n\t\t\t\t\t\t\t\t\t<\/li>\n\t\t\t\t\t\t\t\t<li class=\"elementor-icon-list-item\">\n\t\t\t\t\t\t\t\t\t\t\t<span class=\"elementor-icon-list-icon\">\n\t\t\t\t\t\t\t<svg aria-hidden=\"true\" class=\"e-font-icon-svg e-fas-angle-double-right\" viewbox=\"0 0 448 512\" xmlns=\"http:\/\/www.w3.org\/2000\/svg\"><path d=\"M224.3 273l-136 136c-9.4 9.4-24.6 9.4-33.9 0l-22.6-22.6c-9.4-9.4-9.4-24.6 0-33.9l96.4-96.4-96.4-96.4c-9.4-9.4-9.4-24.6 0-33.9L54.3 103c9.4-9.4 24.6-9.4 33.9 0l136 136c9.5 9.4 9.5 24.6.1 34zm192-34l-136-136c-9.4-9.4-24.6-9.4-33.9 0l-22.6 22.6c-9.4 9.4-9.4 24.6 0 33.9l96.4 96.4-96.4 96.4c-9.4 9.4-9.4 24.6 0 33.9l22.6 22.6c9.4 9.4 24.6 9.4 33.9 0l136-136c9.4-9.2 9.4-24.4 0-33.8z\"><\/path><\/svg>\t\t\t\t\t\t<\/span>\n\t\t\t\t\t\t\t\t\t\t<span class=\"elementor-icon-list-text\">zpracov\u00e1n\u00ed posudk\u016f na pr\u00e1vn\u00ed stav nemovitost\u00ed (due diligence)<\/span>\n\t\t\t\t\t\t\t\t\t<\/li>\n\t\t\t\t\t\t\t\t<li class=\"elementor-icon-list-item\">\n\t\t\t\t\t\t\t\t\t\t\t<span class=\"elementor-icon-list-icon\">\n\t\t\t\t\t\t\t<svg aria-hidden=\"true\" class=\"e-font-icon-svg e-fas-angle-double-right\" viewbox=\"0 0 448 512\" xmlns=\"http:\/\/www.w3.org\/2000\/svg\"><path d=\"M224.3 273l-136 136c-9.4 9.4-24.6 9.4-33.9 0l-22.6-22.6c-9.4-9.4-9.4-24.6 0-33.9l96.4-96.4-96.4-96.4c-9.4-9.4-9.4-24.6 0-33.9L54.3 103c9.4-9.4 24.6-9.4 33.9 0l136 136c9.5 9.4 9.5 24.6.1 34zm192-34l-136-136c-9.4-9.4-24.6-9.4-33.9 0l-22.6 22.6c-9.4 9.4-9.4 24.6 0 33.9l96.4 96.4-96.4 96.4c-9.4 9.4-9.4 24.6 0 33.9l22.6 22.6c9.4 9.4 24.6 9.4 33.9 0l136-136c9.4-9.2 9.4-24.4 0-33.8z\"><\/path><\/svg>\t\t\t\t\t\t<\/span>\n\t\t\t\t\t\t\t\t\t\t<span class=\"elementor-icon-list-text\">revize a odborn\u00e1 vyj\u00e1d\u0159en\u00ed k hypote\u010dn\u00edm smlouv\u00e1m (\u00fav\u011brov\u011b a z\u00e1stavn\u00ed smlouvy) a ke smlouv\u00e1m o stavebn\u00edm spo\u0159en\u00ed, zastupov\u00e1n\u00ed v jedn\u00e1n\u00ed s institucemi<\/span>\n\t\t\t\t\t\t\t\t\t<\/li>\n\t\t\t\t\t\t\t\t<li class=\"elementor-icon-list-item\">\n\t\t\t\t\t\t\t\t\t\t\t<span class=\"elementor-icon-list-icon\">\n\t\t\t\t\t\t\t<svg aria-hidden=\"true\" class=\"e-font-icon-svg e-fas-angle-double-right\" viewbox=\"0 0 448 512\" xmlns=\"http:\/\/www.w3.org\/2000\/svg\"><path d=\"M224.3 273l-136 136c-9.4 9.4-24.6 9.4-33.9 0l-22.6-22.6c-9.4-9.4-9.4-24.6 0-33.9l96.4-96.4-96.4-96.4c-9.4-9.4-9.4-24.6 0-33.9L54.3 103c9.4-9.4 24.6-9.4 33.9 0l136 136c9.5 9.4 9.5 24.6.1 34zm192-34l-136-136c-9.4-9.4-24.6-9.4-33.9 0l-22.6 22.6c-9.4 9.4-9.4 24.6 0 33.9l96.4 96.4-96.4 96.4c-9.4 9.4-9.4 24.6 0 33.9l22.6 22.6c9.4 9.4 24.6 9.4 33.9 0l136-136c9.4-9.2 9.4-24.4 0-33.8z\"><\/path><\/svg>\t\t\t\t\t\t<\/span>\n\t\t\t\t\t\t\t\t\t\t<span class=\"elementor-icon-list-text\">poradenstv\u00ed a p\u0159\u00edprava kompletn\u00ed dokumentace v oblasti bytov\u00e9ho pr\u00e1va - p\u0159\u00edprava prohl\u00e1\u0161en\u00ed o rozd\u011blen\u00ed domu na jednotky, n\u00e1vrh stanov SVJ v\u010detn\u011b asistence p\u0159i fungov\u00e1n\u00ed SVJ a bytov\u00fdch dru\u017estev<\/span>\n\t\t\t\t\t\t\t\t\t<\/li>\n\t\t\t\t\t\t\t\t<li class=\"elementor-icon-list-item\">\n\t\t\t\t\t\t\t\t\t\t\t<span class=\"elementor-icon-list-icon\">\n\t\t\t\t\t\t\t<svg aria-hidden=\"true\" class=\"e-font-icon-svg e-fas-angle-double-right\" viewbox=\"0 0 448 512\" xmlns=\"http:\/\/www.w3.org\/2000\/svg\"><path d=\"M224.3 273l-136 136c-9.4 9.4-24.6 9.4-33.9 0l-22.6-22.6c-9.4-9.4-9.4-24.6 0-33.9l96.4-96.4-96.4-96.4c-9.4-9.4-9.4-24.6 0-33.9L54.3 103c9.4-9.4 24.6-9.4 33.9 0l136 136c9.5 9.4 9.5 24.6.1 34zm192-34l-136-136c-9.4-9.4-24.6-9.4-33.9 0l-22.6 22.6c-9.4 9.4-9.4 24.6 0 33.9l96.4 96.4-96.4 96.4c-9.4 9.4-9.4 24.6 0 33.9l22.6 22.6c9.4 9.4 24.6 9.4 33.9 0l136-136c9.4-9.2 9.4-24.4 0-33.8z\"><\/path><\/svg>\t\t\t\t\t\t<\/span>\n\t\t\t\t\t\t\t\t\t\t<span class=\"elementor-icon-list-text\">poradenstv\u00ed spojen\u00e9 s \u00fazemn\u00edm pl\u00e1nov\u00e1n\u00edm, \u00fazemn\u00edm a stavebn\u00edm \u0159\u00edzen\u00edm<\/span>\n\t\t\t\t\t\t\t\t\t<\/li>\n\t\t\t\t\t\t<\/ul>\n\t\t\t\t\t\t<\/div>\n\t\t\t\t<\/div>\n\t\t\t\t<div class=\"elementor-element elementor-element-59b6340 elementor-widget elementor-widget-text-editor\" data-id=\"59b6340\" data-element_type=\"widget\" data-widget_type=\"text-editor.default\">\n\t\t\t\t<div class=\"elementor-widget-container\">\n\t\t\t\t\t\t\t\t\t<p>Na\u0161e advok\u00e1tn\u00ed kancel\u00e1\u0159 poskytuje dlouhodob\u011b sv\u00e9 slu\u017eby n\u011bkolika v\u00fdznamn\u00fdm developersk\u00fdm spole\u010dnostem p\u016fsob\u00edc\u00edm na \u010desk\u00e9m trhu. Pod\u00edleli jsme se na p\u0159\u00edprav\u011b developersk\u00fdch projekt\u016f rodinn\u00fdch dom\u016f, bytov\u00fdch dom\u016f a zas\u00ed\u0165ovan\u00fdch pozemk\u016f. Asistovali jsme v pr\u016fb\u011bhu realizace t\u011bchto projekt\u016f a zaji\u0161\u0165ovali komplexn\u00ed pr\u00e1vn\u00ed slu\u017eby p\u0159i jejich prodeji. P\u0159ipravujeme kupn\u00ed smlouvy, smlouvy o n\u00e1jmu, smlouvy o z\u0159\u00edzen\u00ed v\u011bcn\u00fdch b\u0159emen (slu\u017eebnost\u00ed) a z\u00e1stavn\u00ed smlouvy. Zastupovali jsme rovn\u011b\u017e klienty ve sporech s bankami a stavebn\u00edmi spo\u0159itelnami.<\/p>\t\t\t\t\t\t\t\t<\/div>\n\t\t\t\t<\/div>\n\t\t\t\t<\/div>\n\t\t<div data-particle_enable=\"false\" data-particle-mobile-disabled=\"false\" class=\"elementor-element elementor-element-0bcbad4 e-con-full e-flex e-con e-child\" data-id=\"0bcbad4\" data-element_type=\"container\" data-settings=\"{&quot;background_background&quot;:&quot;classic&quot;}\">\n\t\t\t\t<div class=\"elementor-element elementor-element-12ca3e8 elementor-nav-menu--dropdown-tablet elementor-nav-menu__text-align-aside elementor-nav-menu--toggle elementor-nav-menu--burger elementor-widget elementor-widget-nav-menu\" data-id=\"12ca3e8\" data-element_type=\"widget\" data-settings=\"{&quot;layout&quot;:&quot;vertical&quot;,&quot;submenu_icon&quot;:{&quot;value&quot;:&quot;&lt;svg aria-hidden=\\&quot;true\\&quot; class=\\&quot;e-font-icon-svg e-fas-caret-down\\&quot; viewBox=\\&quot;0 0 320 512\\&quot; xmlns=\\&quot;http:\\\/\\\/www.w3.org\\\/2000\\\/svg\\&quot;&gt;&lt;path d=\\&quot;M31.3 192h257.3c17.8 0 26.7 21.5 14.1 34.1L174.1 354.8c-7.8 7.8-20.5 7.8-28.3 0L17.2 226.1C4.6 213.5 13.5 192 31.3 192z\\&quot;&gt;&lt;\\\/path&gt;&lt;\\\/svg&gt;&quot;,&quot;library&quot;:&quot;fa-solid&quot;},&quot;toggle&quot;:&quot;burger&quot;}\" data-widget_type=\"nav-menu.default\">\n\t\t\t\t<div class=\"elementor-widget-container\">\n\t\t\t\t\t\t\t\t<nav aria-label=\"Menu\" class=\"elementor-nav-menu--main elementor-nav-menu__container elementor-nav-menu--layout-vertical e--pointer-none\">\n\t\t\t\t<ul id=\"menu-1-12ca3e8\" class=\"elementor-nav-menu sm-vertical\"><li class=\"menu-item menu-item-type-post_type menu-item-object-page menu-item-167\"><a href=\"https:\/\/dev.ak-drha.cz\/fr\/pravni-sluzby\/obcanske-pravo-advokatni-kancelar\/\" class=\"elementor-item\">Ob\u010dansk\u00e9 pr\u00e1vo<\/a><\/li>\n<li class=\"menu-item menu-item-type-post_type menu-item-object-page menu-item-166\"><a href=\"https:\/\/dev.ak-drha.cz\/fr\/pravni-sluzby\/obchodni-pravo-advokatni-kancelar\/\" class=\"elementor-item\">Obchodn\u00ed pr\u00e1vo<\/a><\/li>\n<li class=\"menu-item menu-item-type-post_type menu-item-object-page menu-item-165\"><a href=\"https:\/\/dev.ak-drha.cz\/fr\/pravni-sluzby\/trestni-pravo-advokatni-kancelar\/\" class=\"elementor-item\">Trestn\u00ed pr\u00e1vo<\/a><\/li>\n<li class=\"menu-item menu-item-type-post_type menu-item-object-page menu-item-164\"><a href=\"https:\/\/dev.ak-drha.cz\/fr\/pravni-sluzby\/rodinne-pravo-advokatni-kancelar\/\" class=\"elementor-item\">Rodinn\u00e9 pr\u00e1vo<\/a><\/li>\n<li class=\"menu-item menu-item-type-post_type menu-item-object-page menu-item-163\"><a href=\"https:\/\/dev.ak-drha.cz\/fr\/pravni-sluzby\/pracovni-pravo-advokatni-kancelar\/\" class=\"elementor-item\">Pracovn\u00ed pr\u00e1vo<\/a><\/li>\n<li class=\"menu-item menu-item-type-post_type menu-item-object-page menu-item-162\"><a href=\"https:\/\/dev.ak-drha.cz\/fr\/pravni-sluzby\/nemovitostni-pravo-advokatni-kancelar\/\" class=\"elementor-item\">Nemovitostn\u00ed pr\u00e1vo<\/a><\/li>\n<li class=\"menu-item menu-item-type-post_type menu-item-object-page menu-item-161\"><a href=\"https:\/\/dev.ak-drha.cz\/fr\/pravni-sluzby\/bytove-pravo-advokatni-kancelar\/\" class=\"elementor-item\">Bytov\u00e9 pr\u00e1vo<\/a><\/li>\n<li class=\"menu-item menu-item-type-post_type menu-item-object-page menu-item-160\"><a href=\"https:\/\/dev.ak-drha.cz\/fr\/pravni-sluzby\/reseni-sporu-advokatni-kancelar\/\" class=\"elementor-item\">\u0158e\u0161en\u00ed spor\u016f<\/a><\/li>\n<li class=\"menu-item menu-item-type-post_type menu-item-object-page menu-item-159\"><a href=\"https:\/\/dev.ak-drha.cz\/fr\/pravni-sluzby\/spravni-ustavni-pravo-advokatni-kancelar\/\" class=\"elementor-item\">Spr\u00e1vn\u00ed a \u00fastavn\u00ed pr\u00e1vo<\/a><\/li>\n<\/ul>\t\t\t<\/nav>\n\t\t\t\t\t<div class=\"elementor-menu-toggle\" role=\"button\" tabindex=\"0\" aria-label=\"Permuter le menu\" aria-expanded=\"false\">\n\t\t\t<svg aria-hidden=\"true\" role=\"presentation\" class=\"elementor-menu-toggle__icon--open e-font-icon-svg e-eicon-menu-bar\" viewbox=\"0 0 1000 1000\" xmlns=\"http:\/\/www.w3.org\/2000\/svg\"><path d=\"M104 333H896C929 333 958 304 958 271S929 208 896 208H104C71 208 42 237 42 271S71 333 104 333ZM104 583H896C929 583 958 554 958 521S929 458 896 458H104C71 458 42 487 42 521S71 583 104 583ZM104 833H896C929 833 958 804 958 771S929 708 896 708H104C71 708 42 737 42 771S71 833 104 833Z\"><\/path><\/svg><svg aria-hidden=\"true\" role=\"presentation\" class=\"elementor-menu-toggle__icon--close e-font-icon-svg e-eicon-close\" viewbox=\"0 0 1000 1000\" xmlns=\"http:\/\/www.w3.org\/2000\/svg\"><path d=\"M742 167L500 408 258 167C246 154 233 150 217 150 196 150 179 158 167 167 154 179 150 196 150 212 150 229 154 242 171 254L408 500 167 742C138 771 138 800 167 829 196 858 225 858 254 829L496 587 738 829C750 842 767 846 783 846 800 846 817 842 829 829 842 817 846 804 846 783 846 767 842 750 829 737L588 500 833 258C863 229 863 200 833 171 804 137 775 137 742 167Z\"><\/path><\/svg>\t\t<\/div>\n\t\t\t\t\t<nav class=\"elementor-nav-menu--dropdown elementor-nav-menu__container\" aria-hidden=\"true\">\n\t\t\t\t<ul id=\"menu-2-12ca3e8\" class=\"elementor-nav-menu sm-vertical\"><li class=\"menu-item menu-item-type-post_type menu-item-object-page menu-item-167\"><a href=\"https:\/\/dev.ak-drha.cz\/fr\/pravni-sluzby\/obcanske-pravo-advokatni-kancelar\/\" class=\"elementor-item\" tabindex=\"-1\">Ob\u010dansk\u00e9 pr\u00e1vo<\/a><\/li>\n<li class=\"menu-item menu-item-type-post_type menu-item-object-page menu-item-166\"><a href=\"https:\/\/dev.ak-drha.cz\/fr\/pravni-sluzby\/obchodni-pravo-advokatni-kancelar\/\" class=\"elementor-item\" tabindex=\"-1\">Obchodn\u00ed pr\u00e1vo<\/a><\/li>\n<li class=\"menu-item menu-item-type-post_type menu-item-object-page menu-item-165\"><a href=\"https:\/\/dev.ak-drha.cz\/fr\/pravni-sluzby\/trestni-pravo-advokatni-kancelar\/\" class=\"elementor-item\" tabindex=\"-1\">Trestn\u00ed pr\u00e1vo<\/a><\/li>\n<li class=\"menu-item menu-item-type-post_type menu-item-object-page menu-item-164\"><a href=\"https:\/\/dev.ak-drha.cz\/fr\/pravni-sluzby\/rodinne-pravo-advokatni-kancelar\/\" class=\"elementor-item\" tabindex=\"-1\">Rodinn\u00e9 pr\u00e1vo<\/a><\/li>\n<li class=\"menu-item menu-item-type-post_type menu-item-object-page menu-item-163\"><a href=\"https:\/\/dev.ak-drha.cz\/fr\/pravni-sluzby\/pracovni-pravo-advokatni-kancelar\/\" class=\"elementor-item\" tabindex=\"-1\">Pracovn\u00ed pr\u00e1vo<\/a><\/li>\n<li class=\"menu-item menu-item-type-post_type menu-item-object-page menu-item-162\"><a href=\"https:\/\/dev.ak-drha.cz\/fr\/pravni-sluzby\/nemovitostni-pravo-advokatni-kancelar\/\" class=\"elementor-item\" tabindex=\"-1\">Nemovitostn\u00ed pr\u00e1vo<\/a><\/li>\n<li class=\"menu-item menu-item-type-post_type menu-item-object-page menu-item-161\"><a href=\"https:\/\/dev.ak-drha.cz\/fr\/pravni-sluzby\/bytove-pravo-advokatni-kancelar\/\" class=\"elementor-item\" tabindex=\"-1\">Bytov\u00e9 pr\u00e1vo<\/a><\/li>\n<li class=\"menu-item menu-item-type-post_type menu-item-object-page menu-item-160\"><a href=\"https:\/\/dev.ak-drha.cz\/fr\/pravni-sluzby\/reseni-sporu-advokatni-kancelar\/\" class=\"elementor-item\" tabindex=\"-1\">\u0158e\u0161en\u00ed spor\u016f<\/a><\/li>\n<li class=\"menu-item menu-item-type-post_type menu-item-object-page menu-item-159\"><a href=\"https:\/\/dev.ak-drha.cz\/fr\/pravni-sluzby\/spravni-ustavni-pravo-advokatni-kancelar\/\" class=\"elementor-item\" tabindex=\"-1\">Spr\u00e1vn\u00ed a \u00fastavn\u00ed pr\u00e1vo<\/a><\/li>\n<\/ul>\t\t\t<\/nav>\n\t\t\t\t\t\t<\/div>\n\t\t\t\t<\/div>\n\t\t\t\t<\/div>\n\t\t\t\t\t<\/div>\n\t\t\t\t<\/div>\n\t\t\t\t<\/div>","protected":false},"excerpt":{"rendered":"<p>Poskytujeme sv\u00fdm klient\u016fm komplexn\u00ed pr\u00e1vn\u00ed slu\u017eby v oblasti pr\u00e1va nemovitost\u00ed. Specializujeme se na transakce nemovitost\u00ed, kdy zaji\u0161\u0165ujeme komplexn\u00ed slu\u017eby od kontroly pr\u00e1vn\u00edho stavu nemovitosti, p\u0159es asistenci p\u0159i financov\u00e1n\u00ed (hypote\u010dn\u00ed smlouvy) a\u017e po realizaci samotn\u00e9ho p\u0159evodu vlastnick\u00e9ho pr\u00e1va k nemovitosti. Zpracov\u00e1v\u00e1me a p\u0159ipom\u00ednkujeme rovn\u011b\u017e smlouvy o d\u00edlo souvisej\u00edc\u00ed se stavbami, smlouvy o n\u00e1jmu bytov\u00fdch i komer\u010dn\u00edch [&hellip;]<\/p>","protected":false},"author":1,"featured_media":0,"parent":139,"menu_order":0,"comment_status":"closed","ping_status":"closed","template":"","meta":{"inline_featured_image":false,"footnotes":""},"class_list":["post-151","page","type-page","status-publish","hentry"],"_links":{"self":[{"href":"https:\/\/dev.ak-drha.cz\/fr\/wp-json\/wp\/v2\/pages\/151","targetHints":{"allow":["GET"]}}],"collection":[{"href":"https:\/\/dev.ak-drha.cz\/fr\/wp-json\/wp\/v2\/pages"}],"about":[{"href":"https:\/\/dev.ak-drha.cz\/fr\/wp-json\/wp\/v2\/types\/page"}],"author":[{"embeddable":true,"href":"https:\/\/dev.ak-drha.cz\/fr\/wp-json\/wp\/v2\/users\/1"}],"replies":[{"embeddable":true,"href":"https:\/\/dev.ak-drha.cz\/fr\/wp-json\/wp\/v2\/comments?post=151"}],"version-history":[{"count":11,"href":"https:\/\/dev.ak-drha.cz\/fr\/wp-json\/wp\/v2\/pages\/151\/revisions"}],"predecessor-version":[{"id":518,"href":"https:\/\/dev.ak-drha.cz\/fr\/wp-json\/wp\/v2\/pages\/151\/revisions\/518"}],"up":[{"embeddable":true,"href":"https:\/\/dev.ak-drha.cz\/fr\/wp-json\/wp\/v2\/pages\/139"}],"wp:attachment":[{"href":"https:\/\/dev.ak-drha.cz\/fr\/wp-json\/wp\/v2\/media?parent=151"}],"curies":[{"name":"wp","href":"https:\/\/api.w.org\/{rel}","templated":true}]}}