{"id":147,"date":"2025-06-21T11:59:36","date_gmt":"2025-06-21T09:59:36","guid":{"rendered":"https:\/\/dev.ak-drha.cz\/?page_id=147"},"modified":"2025-06-21T18:31:39","modified_gmt":"2025-06-21T16:31:39","slug":"rodinne-pravo-advokatni-kancelar","status":"publish","type":"page","link":"https:\/\/dev.ak-drha.cz\/fr\/pravni-sluzby\/rodinne-pravo-advokatni-kancelar\/","title":{"rendered":"Rodinn\u00e9 pr\u00e1vo"},"content":{"rendered":"<div data-elementor-type=\"wp-page\" data-elementor-id=\"147\" class=\"elementor elementor-147\" data-elementor-post-type=\"page\">\n\t\t\t\t<div data-particle_enable=\"false\" data-particle-mobile-disabled=\"false\" class=\"elementor-element elementor-element-b4bb29f e-flex e-con-boxed e-con e-parent\" data-id=\"b4bb29f\" data-element_type=\"container\" data-settings=\"{&quot;background_background&quot;:&quot;classic&quot;,&quot;shape_divider_bottom&quot;:&quot;tilt&quot;}\">\n\t\t\t\t\t<div class=\"e-con-inner\">\n\t\t\t\t<div class=\"elementor-shape elementor-shape-bottom\" aria-hidden=\"true\" data-negative=\"false\">\n\t\t\t<svg xmlns=\"http:\/\/www.w3.org\/2000\/svg\" viewbox=\"0 0 1000 100\" preserveaspectratio=\"none\">\n\t<path class=\"elementor-shape-fill\" d=\"M0,6V0h1000v100L0,6z\"\/>\n<\/svg>\t\t<\/div>\n\t\t\t\t<div class=\"elementor-element elementor-element-21472d2 elementor-widget elementor-widget-heading\" data-id=\"21472d2\" data-element_type=\"widget\" data-widget_type=\"heading.default\">\n\t\t\t\t<div class=\"elementor-widget-container\">\n\t\t\t\t\t<h1 class=\"elementor-heading-title elementor-size-default\">Rodinn\u00e9 pr\u00e1vo<\/h1>\t\t\t\t<\/div>\n\t\t\t\t<\/div>\n\t\t\t\t<div class=\"elementor-element elementor-element-bb1ba45 elementor-widget-divider--view-line elementor-widget elementor-widget-divider\" data-id=\"bb1ba45\" data-element_type=\"widget\" data-widget_type=\"divider.default\">\n\t\t\t\t<div class=\"elementor-widget-container\">\n\t\t\t\t\t\t\t<div class=\"elementor-divider\">\n\t\t\t<span class=\"elementor-divider-separator\">\n\t\t\t\t\t\t<\/span>\n\t\t<\/div>\n\t\t\t\t\t\t<\/div>\n\t\t\t\t<\/div>\n\t\t\t\t\t<\/div>\n\t\t\t\t<\/div>\n\t\t<div data-particle_enable=\"false\" data-particle-mobile-disabled=\"false\" class=\"elementor-element elementor-element-e86243c e-flex e-con-boxed e-con e-parent\" data-id=\"e86243c\" data-element_type=\"container\">\n\t\t\t\t\t<div class=\"e-con-inner\">\n\t\t<div data-particle_enable=\"false\" data-particle-mobile-disabled=\"false\" class=\"elementor-element elementor-element-264604f e-con-full e-flex e-con e-child\" data-id=\"264604f\" data-element_type=\"container\">\n\t\t\t\t<div class=\"elementor-element elementor-element-033b6f9 elementor-widget elementor-widget-text-editor\" data-id=\"033b6f9\" data-element_type=\"widget\" data-widget_type=\"text-editor.default\">\n\t\t\t\t<div class=\"elementor-widget-container\">\n\t\t\t\t\t\t\t\t\t<p>Poskytujeme sv\u00fdm klient\u016fm komplexn\u00ed pr\u00e1vn\u00ed slu\u017eby v cel\u00e9m rozsahu rodinn\u00e9ho pr\u00e1va a to formou konzultac\u00ed, sepisu listin a rovn\u011b\u017e formou zastupov\u00e1n\u00ed v soudn\u00edch \u0159\u00edzen\u00edch.<\/p>\t\t\t\t\t\t\t\t<\/div>\n\t\t\t\t<\/div>\n\t\t\t\t<div class=\"elementor-element elementor-element-67cc2a8 elementor-widget elementor-widget-heading\" data-id=\"67cc2a8\" data-element_type=\"widget\" data-widget_type=\"heading.default\">\n\t\t\t\t<div class=\"elementor-widget-container\">\n\t\t\t\t\t<h2 class=\"elementor-heading-title elementor-size-default\">Na\u0161e advok\u00e1tn\u00ed kancel\u00e1\u0159 nab\u00edz\u00ed slu\u017eby zejm\u00e9na v t\u011bchto oblastech rodinn\u00e9ho pr\u00e1va<\/h2>\t\t\t\t<\/div>\n\t\t\t\t<\/div>\n\t\t\t\t<div class=\"elementor-element elementor-element-a40ab18 elementor-icon-list--layout-traditional elementor-list-item-link-full_width elementor-widget elementor-widget-icon-list\" data-id=\"a40ab18\" data-element_type=\"widget\" data-widget_type=\"icon-list.default\">\n\t\t\t\t<div class=\"elementor-widget-container\">\n\t\t\t\t\t\t\t<ul class=\"elementor-icon-list-items\">\n\t\t\t\t\t\t\t<li class=\"elementor-icon-list-item\">\n\t\t\t\t\t\t\t\t\t\t\t<span class=\"elementor-icon-list-icon\">\n\t\t\t\t\t\t\t<svg aria-hidden=\"true\" class=\"e-font-icon-svg e-fas-angle-double-right\" viewbox=\"0 0 448 512\" xmlns=\"http:\/\/www.w3.org\/2000\/svg\"><path d=\"M224.3 273l-136 136c-9.4 9.4-24.6 9.4-33.9 0l-22.6-22.6c-9.4-9.4-9.4-24.6 0-33.9l96.4-96.4-96.4-96.4c-9.4-9.4-9.4-24.6 0-33.9L54.3 103c9.4-9.4 24.6-9.4 33.9 0l136 136c9.5 9.4 9.5 24.6.1 34zm192-34l-136-136c-9.4-9.4-24.6-9.4-33.9 0l-22.6 22.6c-9.4 9.4-9.4 24.6 0 33.9l96.4 96.4-96.4 96.4c-9.4 9.4-9.4 24.6 0 33.9l22.6 22.6c9.4 9.4 24.6 9.4 33.9 0l136-136c9.4-9.2 9.4-24.4 0-33.8z\"><\/path><\/svg>\t\t\t\t\t\t<\/span>\n\t\t\t\t\t\t\t\t\t\t<span class=\"elementor-icon-list-text\">zastupov\u00e1n\u00ed v \u0159\u00edzen\u00ed o rozvod man\u017eelstv\u00ed v\u010detn\u011b p\u0159\u00edpravy n\u00e1vrhu na rozvod<\/span>\n\t\t\t\t\t\t\t\t\t<\/li>\n\t\t\t\t\t\t\t\t<li class=\"elementor-icon-list-item\">\n\t\t\t\t\t\t\t\t\t\t\t<span class=\"elementor-icon-list-icon\">\n\t\t\t\t\t\t\t<svg aria-hidden=\"true\" class=\"e-font-icon-svg e-fas-angle-double-right\" viewbox=\"0 0 448 512\" xmlns=\"http:\/\/www.w3.org\/2000\/svg\"><path d=\"M224.3 273l-136 136c-9.4 9.4-24.6 9.4-33.9 0l-22.6-22.6c-9.4-9.4-9.4-24.6 0-33.9l96.4-96.4-96.4-96.4c-9.4-9.4-9.4-24.6 0-33.9L54.3 103c9.4-9.4 24.6-9.4 33.9 0l136 136c9.5 9.4 9.5 24.6.1 34zm192-34l-136-136c-9.4-9.4-24.6-9.4-33.9 0l-22.6 22.6c-9.4 9.4-9.4 24.6 0 33.9l96.4 96.4-96.4 96.4c-9.4 9.4-9.4 24.6 0 33.9l22.6 22.6c9.4 9.4 24.6 9.4 33.9 0l136-136c9.4-9.2 9.4-24.4 0-33.8z\"><\/path><\/svg>\t\t\t\t\t\t<\/span>\n\t\t\t\t\t\t\t\t\t\t<span class=\"elementor-icon-list-text\">zastupov\u00e1n\u00ed v \u0159\u00edzen\u00ed o \u00faprav\u011b p\u00e9\u010de o nezletil\u00e9 d\u00edt\u011b, o styku s nezletil\u00fdm d\u00edt\u011btem a o ur\u010den\u00ed v\u00fd\u017eivn\u00e9ho<\/span>\n\t\t\t\t\t\t\t\t\t<\/li>\n\t\t\t\t\t\t\t\t<li class=\"elementor-icon-list-item\">\n\t\t\t\t\t\t\t\t\t\t\t<span class=\"elementor-icon-list-icon\">\n\t\t\t\t\t\t\t<svg aria-hidden=\"true\" class=\"e-font-icon-svg e-fas-angle-double-right\" viewbox=\"0 0 448 512\" xmlns=\"http:\/\/www.w3.org\/2000\/svg\"><path d=\"M224.3 273l-136 136c-9.4 9.4-24.6 9.4-33.9 0l-22.6-22.6c-9.4-9.4-9.4-24.6 0-33.9l96.4-96.4-96.4-96.4c-9.4-9.4-9.4-24.6 0-33.9L54.3 103c9.4-9.4 24.6-9.4 33.9 0l136 136c9.5 9.4 9.5 24.6.1 34zm192-34l-136-136c-9.4-9.4-24.6-9.4-33.9 0l-22.6 22.6c-9.4 9.4-9.4 24.6 0 33.9l96.4 96.4-96.4 96.4c-9.4 9.4-9.4 24.6 0 33.9l22.6 22.6c9.4 9.4 24.6 9.4 33.9 0l136-136c9.4-9.2 9.4-24.4 0-33.8z\"><\/path><\/svg>\t\t\t\t\t\t<\/span>\n\t\t\t\t\t\t\t\t\t\t<span class=\"elementor-icon-list-text\">zastupov\u00e1n\u00ed v \u0159\u00edzen\u00ed o vypo\u0159\u00e1d\u00e1n\u00ed spole\u010dn\u00e9ho jm\u011bn\u00ed (SJM)<\/span>\n\t\t\t\t\t\t\t\t\t<\/li>\n\t\t\t\t\t\t\t\t<li class=\"elementor-icon-list-item\">\n\t\t\t\t\t\t\t\t\t\t\t<span class=\"elementor-icon-list-icon\">\n\t\t\t\t\t\t\t<svg aria-hidden=\"true\" class=\"e-font-icon-svg e-fas-angle-double-right\" viewbox=\"0 0 448 512\" xmlns=\"http:\/\/www.w3.org\/2000\/svg\"><path d=\"M224.3 273l-136 136c-9.4 9.4-24.6 9.4-33.9 0l-22.6-22.6c-9.4-9.4-9.4-24.6 0-33.9l96.4-96.4-96.4-96.4c-9.4-9.4-9.4-24.6 0-33.9L54.3 103c9.4-9.4 24.6-9.4 33.9 0l136 136c9.5 9.4 9.5 24.6.1 34zm192-34l-136-136c-9.4-9.4-24.6-9.4-33.9 0l-22.6 22.6c-9.4 9.4-9.4 24.6 0 33.9l96.4 96.4-96.4 96.4c-9.4 9.4-9.4 24.6 0 33.9l22.6 22.6c9.4 9.4 24.6 9.4 33.9 0l136-136c9.4-9.2 9.4-24.4 0-33.8z\"><\/path><\/svg>\t\t\t\t\t\t<\/span>\n\t\t\t\t\t\t\t\t\t\t<span class=\"elementor-icon-list-text\">majetkov\u00e9 vztahy man\u017eel\u016f \u2013 \u00faprava rozsahu SJM, odpov\u011bdnost za dluhy z podnik\u00e1n\u00ed<\/span>\n\t\t\t\t\t\t\t\t\t<\/li>\n\t\t\t\t\t\t\t\t<li class=\"elementor-icon-list-item\">\n\t\t\t\t\t\t\t\t\t\t\t<span class=\"elementor-icon-list-icon\">\n\t\t\t\t\t\t\t<svg aria-hidden=\"true\" class=\"e-font-icon-svg e-fas-angle-double-right\" viewbox=\"0 0 448 512\" xmlns=\"http:\/\/www.w3.org\/2000\/svg\"><path d=\"M224.3 273l-136 136c-9.4 9.4-24.6 9.4-33.9 0l-22.6-22.6c-9.4-9.4-9.4-24.6 0-33.9l96.4-96.4-96.4-96.4c-9.4-9.4-9.4-24.6 0-33.9L54.3 103c9.4-9.4 24.6-9.4 33.9 0l136 136c9.5 9.4 9.5 24.6.1 34zm192-34l-136-136c-9.4-9.4-24.6-9.4-33.9 0l-22.6 22.6c-9.4 9.4-9.4 24.6 0 33.9l96.4 96.4-96.4 96.4c-9.4 9.4-9.4 24.6 0 33.9l22.6 22.6c9.4 9.4 24.6 9.4 33.9 0l136-136c9.4-9.2 9.4-24.4 0-33.8z\"><\/path><\/svg>\t\t\t\t\t\t<\/span>\n\t\t\t\t\t\t\t\t\t\t<span class=\"elementor-icon-list-text\">konzultace p\u0159i spr\u00e1v\u011b majetku nezletil\u00e9ho a pr\u00e1vn\u00ed jedn\u00e1n\u00ed za nezletil\u00e9ho<\/span>\n\t\t\t\t\t\t\t\t\t<\/li>\n\t\t\t\t\t\t\t\t<li class=\"elementor-icon-list-item\">\n\t\t\t\t\t\t\t\t\t\t\t<span class=\"elementor-icon-list-icon\">\n\t\t\t\t\t\t\t<svg aria-hidden=\"true\" class=\"e-font-icon-svg e-fas-angle-double-right\" viewbox=\"0 0 448 512\" xmlns=\"http:\/\/www.w3.org\/2000\/svg\"><path d=\"M224.3 273l-136 136c-9.4 9.4-24.6 9.4-33.9 0l-22.6-22.6c-9.4-9.4-9.4-24.6 0-33.9l96.4-96.4-96.4-96.4c-9.4-9.4-9.4-24.6 0-33.9L54.3 103c9.4-9.4 24.6-9.4 33.9 0l136 136c9.5 9.4 9.5 24.6.1 34zm192-34l-136-136c-9.4-9.4-24.6-9.4-33.9 0l-22.6 22.6c-9.4 9.4-9.4 24.6 0 33.9l96.4 96.4-96.4 96.4c-9.4 9.4-9.4 24.6 0 33.9l22.6 22.6c9.4 9.4 24.6 9.4 33.9 0l136-136c9.4-9.2 9.4-24.4 0-33.8z\"><\/path><\/svg>\t\t\t\t\t\t<\/span>\n\t\t\t\t\t\t\t\t\t\t<span class=\"elementor-icon-list-text\">zastupov\u00e1n\u00ed v \u0159\u00edzen\u00ed o pop\u0159en\u00ed otcovstv\u00ed<\/span>\n\t\t\t\t\t\t\t\t\t<\/li>\n\t\t\t\t\t\t\t\t<li class=\"elementor-icon-list-item\">\n\t\t\t\t\t\t\t\t\t\t\t<span class=\"elementor-icon-list-icon\">\n\t\t\t\t\t\t\t<svg aria-hidden=\"true\" class=\"e-font-icon-svg e-fas-angle-double-right\" viewbox=\"0 0 448 512\" xmlns=\"http:\/\/www.w3.org\/2000\/svg\"><path d=\"M224.3 273l-136 136c-9.4 9.4-24.6 9.4-33.9 0l-22.6-22.6c-9.4-9.4-9.4-24.6 0-33.9l96.4-96.4-96.4-96.4c-9.4-9.4-9.4-24.6 0-33.9L54.3 103c9.4-9.4 24.6-9.4 33.9 0l136 136c9.5 9.4 9.5 24.6.1 34zm192-34l-136-136c-9.4-9.4-24.6-9.4-33.9 0l-22.6 22.6c-9.4 9.4-9.4 24.6 0 33.9l96.4 96.4-96.4 96.4c-9.4 9.4-9.4 24.6 0 33.9l22.6 22.6c9.4 9.4 24.6 9.4 33.9 0l136-136c9.4-9.2 9.4-24.4 0-33.8z\"><\/path><\/svg>\t\t\t\t\t\t<\/span>\n\t\t\t\t\t\t\t\t\t\t<span class=\"elementor-icon-list-text\">konzultace a p\u0159\u00edprava obsahu p\u0159edman\u017eelsk\u00fdch smluv<\/span>\n\t\t\t\t\t\t\t\t\t<\/li>\n\t\t\t\t\t\t<\/ul>\n\t\t\t\t\t\t<\/div>\n\t\t\t\t<\/div>\n\t\t\t\t<div class=\"elementor-element elementor-element-b7484ae elementor-widget elementor-widget-text-editor\" data-id=\"b7484ae\" data-element_type=\"widget\" data-widget_type=\"text-editor.default\">\n\t\t\t\t<div class=\"elementor-widget-container\">\n\t\t\t\t\t\t\t\t\t<p>Nejv\u011bt\u0161\u00ed \u010d\u00e1st pr\u00e1vn\u00edch slu\u017eeb na\u0161\u00ed kancel\u00e1\u0159e je pravideln\u011b poskytov\u00e1na v oblasti rozvod\u016f man\u017eelstv\u00ed. Zastupujeme klienty nejen v samotn\u00e9m rozvodov\u00e9m \u0159\u00edzen\u00ed, ale t\u00e9\u017e v \u0159\u00edzen\u00ed o \u00faprav\u011b p\u00e9\u010de o nezletil\u00e9 d\u011bti \u2013 sv\u011b\u0159en\u00ed do p\u00e9\u010de, \u00faprava styku, ur\u010den\u00ed v\u00fd\u017eivn\u00e9ho \u2013 a d\u00e1le t\u00e9\u017e v \u0159\u00edzen\u00ed o vypo\u0159\u00e1d\u00e1n\u00ed spole\u010dn\u00e9ho jm\u011bn\u00ed. Na\u0161i klienti se na n\u00e1s pravideln\u011b obrac\u00ed i nad\u00e1le, zejm\u00e9na pokud se v budoucnu vyskytne pot\u0159eba op\u011bt upravit styk s nezletil\u00fdm \u010di zm\u011bnit v\u00fd\u0161i v\u00fd\u017eivn\u00e9ho.<\/p>\t\t\t\t\t\t\t\t<\/div>\n\t\t\t\t<\/div>\n\t\t\t\t<\/div>\n\t\t<div data-particle_enable=\"false\" data-particle-mobile-disabled=\"false\" class=\"elementor-element elementor-element-2bce347 e-con-full e-flex e-con e-child\" data-id=\"2bce347\" data-element_type=\"container\" data-settings=\"{&quot;background_background&quot;:&quot;classic&quot;}\">\n\t\t\t\t<div class=\"elementor-element elementor-element-d7d6f49 elementor-nav-menu--dropdown-tablet elementor-nav-menu__text-align-aside elementor-nav-menu--toggle elementor-nav-menu--burger elementor-widget elementor-widget-nav-menu\" data-id=\"d7d6f49\" data-element_type=\"widget\" data-settings=\"{&quot;layout&quot;:&quot;vertical&quot;,&quot;submenu_icon&quot;:{&quot;value&quot;:&quot;&lt;svg aria-hidden=\\&quot;true\\&quot; class=\\&quot;e-font-icon-svg e-fas-caret-down\\&quot; viewBox=\\&quot;0 0 320 512\\&quot; xmlns=\\&quot;http:\\\/\\\/www.w3.org\\\/2000\\\/svg\\&quot;&gt;&lt;path d=\\&quot;M31.3 192h257.3c17.8 0 26.7 21.5 14.1 34.1L174.1 354.8c-7.8 7.8-20.5 7.8-28.3 0L17.2 226.1C4.6 213.5 13.5 192 31.3 192z\\&quot;&gt;&lt;\\\/path&gt;&lt;\\\/svg&gt;&quot;,&quot;library&quot;:&quot;fa-solid&quot;},&quot;toggle&quot;:&quot;burger&quot;}\" data-widget_type=\"nav-menu.default\">\n\t\t\t\t<div class=\"elementor-widget-container\">\n\t\t\t\t\t\t\t\t<nav aria-label=\"Menu\" class=\"elementor-nav-menu--main elementor-nav-menu__container elementor-nav-menu--layout-vertical e--pointer-none\">\n\t\t\t\t<ul id=\"menu-1-d7d6f49\" class=\"elementor-nav-menu sm-vertical\"><li class=\"menu-item menu-item-type-post_type menu-item-object-page menu-item-167\"><a href=\"https:\/\/dev.ak-drha.cz\/fr\/pravni-sluzby\/obcanske-pravo-advokatni-kancelar\/\" class=\"elementor-item\">Ob\u010dansk\u00e9 pr\u00e1vo<\/a><\/li>\n<li class=\"menu-item menu-item-type-post_type menu-item-object-page menu-item-166\"><a href=\"https:\/\/dev.ak-drha.cz\/fr\/pravni-sluzby\/obchodni-pravo-advokatni-kancelar\/\" class=\"elementor-item\">Obchodn\u00ed pr\u00e1vo<\/a><\/li>\n<li class=\"menu-item menu-item-type-post_type menu-item-object-page menu-item-165\"><a href=\"https:\/\/dev.ak-drha.cz\/fr\/pravni-sluzby\/trestni-pravo-advokatni-kancelar\/\" class=\"elementor-item\">Trestn\u00ed pr\u00e1vo<\/a><\/li>\n<li class=\"menu-item menu-item-type-post_type menu-item-object-page menu-item-164\"><a href=\"https:\/\/dev.ak-drha.cz\/fr\/pravni-sluzby\/rodinne-pravo-advokatni-kancelar\/\" class=\"elementor-item\">Rodinn\u00e9 pr\u00e1vo<\/a><\/li>\n<li class=\"menu-item menu-item-type-post_type menu-item-object-page menu-item-163\"><a href=\"https:\/\/dev.ak-drha.cz\/fr\/pravni-sluzby\/pracovni-pravo-advokatni-kancelar\/\" class=\"elementor-item\">Pracovn\u00ed pr\u00e1vo<\/a><\/li>\n<li class=\"menu-item menu-item-type-post_type menu-item-object-page menu-item-162\"><a href=\"https:\/\/dev.ak-drha.cz\/fr\/pravni-sluzby\/nemovitostni-pravo-advokatni-kancelar\/\" class=\"elementor-item\">Nemovitostn\u00ed pr\u00e1vo<\/a><\/li>\n<li class=\"menu-item menu-item-type-post_type menu-item-object-page menu-item-161\"><a href=\"https:\/\/dev.ak-drha.cz\/fr\/pravni-sluzby\/bytove-pravo-advokatni-kancelar\/\" class=\"elementor-item\">Bytov\u00e9 pr\u00e1vo<\/a><\/li>\n<li class=\"menu-item menu-item-type-post_type menu-item-object-page menu-item-160\"><a href=\"https:\/\/dev.ak-drha.cz\/fr\/pravni-sluzby\/reseni-sporu-advokatni-kancelar\/\" class=\"elementor-item\">\u0158e\u0161en\u00ed spor\u016f<\/a><\/li>\n<li class=\"menu-item menu-item-type-post_type menu-item-object-page menu-item-159\"><a href=\"https:\/\/dev.ak-drha.cz\/fr\/pravni-sluzby\/spravni-ustavni-pravo-advokatni-kancelar\/\" class=\"elementor-item\">Spr\u00e1vn\u00ed a \u00fastavn\u00ed pr\u00e1vo<\/a><\/li>\n<\/ul>\t\t\t<\/nav>\n\t\t\t\t\t<div class=\"elementor-menu-toggle\" role=\"button\" tabindex=\"0\" aria-label=\"Permuter le menu\" aria-expanded=\"false\">\n\t\t\t<svg aria-hidden=\"true\" role=\"presentation\" class=\"elementor-menu-toggle__icon--open e-font-icon-svg e-eicon-menu-bar\" viewbox=\"0 0 1000 1000\" xmlns=\"http:\/\/www.w3.org\/2000\/svg\"><path d=\"M104 333H896C929 333 958 304 958 271S929 208 896 208H104C71 208 42 237 42 271S71 333 104 333ZM104 583H896C929 583 958 554 958 521S929 458 896 458H104C71 458 42 487 42 521S71 583 104 583ZM104 833H896C929 833 958 804 958 771S929 708 896 708H104C71 708 42 737 42 771S71 833 104 833Z\"><\/path><\/svg><svg aria-hidden=\"true\" role=\"presentation\" class=\"elementor-menu-toggle__icon--close e-font-icon-svg e-eicon-close\" viewbox=\"0 0 1000 1000\" xmlns=\"http:\/\/www.w3.org\/2000\/svg\"><path d=\"M742 167L500 408 258 167C246 154 233 150 217 150 196 150 179 158 167 167 154 179 150 196 150 212 150 229 154 242 171 254L408 500 167 742C138 771 138 800 167 829 196 858 225 858 254 829L496 587 738 829C750 842 767 846 783 846 800 846 817 842 829 829 842 817 846 804 846 783 846 767 842 750 829 737L588 500 833 258C863 229 863 200 833 171 804 137 775 137 742 167Z\"><\/path><\/svg>\t\t<\/div>\n\t\t\t\t\t<nav class=\"elementor-nav-menu--dropdown elementor-nav-menu__container\" aria-hidden=\"true\">\n\t\t\t\t<ul id=\"menu-2-d7d6f49\" class=\"elementor-nav-menu sm-vertical\"><li class=\"menu-item menu-item-type-post_type menu-item-object-page menu-item-167\"><a href=\"https:\/\/dev.ak-drha.cz\/fr\/pravni-sluzby\/obcanske-pravo-advokatni-kancelar\/\" class=\"elementor-item\" tabindex=\"-1\">Ob\u010dansk\u00e9 pr\u00e1vo<\/a><\/li>\n<li class=\"menu-item menu-item-type-post_type menu-item-object-page menu-item-166\"><a href=\"https:\/\/dev.ak-drha.cz\/fr\/pravni-sluzby\/obchodni-pravo-advokatni-kancelar\/\" class=\"elementor-item\" tabindex=\"-1\">Obchodn\u00ed pr\u00e1vo<\/a><\/li>\n<li class=\"menu-item menu-item-type-post_type menu-item-object-page menu-item-165\"><a href=\"https:\/\/dev.ak-drha.cz\/fr\/pravni-sluzby\/trestni-pravo-advokatni-kancelar\/\" class=\"elementor-item\" tabindex=\"-1\">Trestn\u00ed pr\u00e1vo<\/a><\/li>\n<li class=\"menu-item menu-item-type-post_type menu-item-object-page menu-item-164\"><a href=\"https:\/\/dev.ak-drha.cz\/fr\/pravni-sluzby\/rodinne-pravo-advokatni-kancelar\/\" class=\"elementor-item\" tabindex=\"-1\">Rodinn\u00e9 pr\u00e1vo<\/a><\/li>\n<li class=\"menu-item menu-item-type-post_type menu-item-object-page menu-item-163\"><a href=\"https:\/\/dev.ak-drha.cz\/fr\/pravni-sluzby\/pracovni-pravo-advokatni-kancelar\/\" class=\"elementor-item\" tabindex=\"-1\">Pracovn\u00ed pr\u00e1vo<\/a><\/li>\n<li class=\"menu-item menu-item-type-post_type menu-item-object-page menu-item-162\"><a href=\"https:\/\/dev.ak-drha.cz\/fr\/pravni-sluzby\/nemovitostni-pravo-advokatni-kancelar\/\" class=\"elementor-item\" tabindex=\"-1\">Nemovitostn\u00ed pr\u00e1vo<\/a><\/li>\n<li class=\"menu-item menu-item-type-post_type menu-item-object-page menu-item-161\"><a href=\"https:\/\/dev.ak-drha.cz\/fr\/pravni-sluzby\/bytove-pravo-advokatni-kancelar\/\" class=\"elementor-item\" tabindex=\"-1\">Bytov\u00e9 pr\u00e1vo<\/a><\/li>\n<li class=\"menu-item menu-item-type-post_type menu-item-object-page menu-item-160\"><a href=\"https:\/\/dev.ak-drha.cz\/fr\/pravni-sluzby\/reseni-sporu-advokatni-kancelar\/\" class=\"elementor-item\" tabindex=\"-1\">\u0158e\u0161en\u00ed spor\u016f<\/a><\/li>\n<li class=\"menu-item menu-item-type-post_type menu-item-object-page menu-item-159\"><a href=\"https:\/\/dev.ak-drha.cz\/fr\/pravni-sluzby\/spravni-ustavni-pravo-advokatni-kancelar\/\" class=\"elementor-item\" tabindex=\"-1\">Spr\u00e1vn\u00ed a \u00fastavn\u00ed pr\u00e1vo<\/a><\/li>\n<\/ul>\t\t\t<\/nav>\n\t\t\t\t\t\t<\/div>\n\t\t\t\t<\/div>\n\t\t\t\t<\/div>\n\t\t\t\t\t<\/div>\n\t\t\t\t<\/div>\n\t\t\t\t<\/div>","protected":false},"excerpt":{"rendered":"<p>Poskytujeme sv\u00fdm klient\u016fm komplexn\u00ed pr\u00e1vn\u00ed slu\u017eby v cel\u00e9m rozsahu rodinn\u00e9ho pr\u00e1va a to formou konzultac\u00ed, sepisu listin a rovn\u011b\u017e formou zastupov\u00e1n\u00ed v soudn\u00edch \u0159\u00edzen\u00edch. Na\u0161e advok\u00e1tn\u00ed kancel\u00e1\u0159 nab\u00edz\u00ed slu\u017eby zejm\u00e9na v t\u011bchto oblastech rodinn\u00e9ho pr\u00e1va zastupov\u00e1n\u00ed v \u0159\u00edzen\u00ed o rozvod man\u017eelstv\u00ed v\u010detn\u011b p\u0159\u00edpravy n\u00e1vrhu na rozvod zastupov\u00e1n\u00ed v \u0159\u00edzen\u00ed o \u00faprav\u011b p\u00e9\u010de o nezletil\u00e9 d\u00edt\u011b, [&hellip;]<\/p>","protected":false},"author":1,"featured_media":0,"parent":139,"menu_order":0,"comment_status":"closed","ping_status":"closed","template":"","meta":{"inline_featured_image":false,"footnotes":""},"class_list":["post-147","page","type-page","status-publish","hentry"],"_links":{"self":[{"href":"https:\/\/dev.ak-drha.cz\/fr\/wp-json\/wp\/v2\/pages\/147","targetHints":{"allow":["GET"]}}],"collection":[{"href":"https:\/\/dev.ak-drha.cz\/fr\/wp-json\/wp\/v2\/pages"}],"about":[{"href":"https:\/\/dev.ak-drha.cz\/fr\/wp-json\/wp\/v2\/types\/page"}],"author":[{"embeddable":true,"href":"https:\/\/dev.ak-drha.cz\/fr\/wp-json\/wp\/v2\/users\/1"}],"replies":[{"embeddable":true,"href":"https:\/\/dev.ak-drha.cz\/fr\/wp-json\/wp\/v2\/comments?post=147"}],"version-history":[{"count":15,"href":"https:\/\/dev.ak-drha.cz\/fr\/wp-json\/wp\/v2\/pages\/147\/revisions"}],"predecessor-version":[{"id":546,"href":"https:\/\/dev.ak-drha.cz\/fr\/wp-json\/wp\/v2\/pages\/147\/revisions\/546"}],"up":[{"embeddable":true,"href":"https:\/\/dev.ak-drha.cz\/fr\/wp-json\/wp\/v2\/pages\/139"}],"wp:attachment":[{"href":"https:\/\/dev.ak-drha.cz\/fr\/wp-json\/wp\/v2\/media?parent=147"}],"curies":[{"name":"wp","href":"https:\/\/api.w.org\/{rel}","templated":true}]}}