{"id":48,"date":"2025-06-21T10:53:34","date_gmt":"2025-06-21T08:53:34","guid":{"rendered":"https:\/\/dev.ak-drha.cz\/?page_id=48"},"modified":"2025-06-21T18:35:32","modified_gmt":"2025-06-21T16:35:32","slug":"kontakty-paris","status":"publish","type":"page","link":"https:\/\/dev.ak-drha.cz\/en\/kontakty\/kontakty-paris\/","title":{"rendered":"Kontakty &#8211; Paris"},"content":{"rendered":"<div data-elementor-type=\"wp-page\" data-elementor-id=\"48\" class=\"elementor elementor-48\" data-elementor-post-type=\"page\">\n\t\t\t\t<div data-particle_enable=\"false\" data-particle-mobile-disabled=\"false\" class=\"elementor-element elementor-element-8ddf107 e-flex e-con-boxed e-con e-parent\" data-id=\"8ddf107\" data-element_type=\"container\" data-settings=\"{&quot;background_background&quot;:&quot;classic&quot;,&quot;shape_divider_bottom&quot;:&quot;tilt&quot;}\">\n\t\t\t\t\t<div class=\"e-con-inner\">\n\t\t\t\t<div class=\"elementor-shape elementor-shape-bottom\" aria-hidden=\"true\" data-negative=\"false\">\n\t\t\t<svg xmlns=\"http:\/\/www.w3.org\/2000\/svg\" viewbox=\"0 0 1000 100\" preserveaspectratio=\"none\">\n\t<path class=\"elementor-shape-fill\" d=\"M0,6V0h1000v100L0,6z\"\/>\n<\/svg>\t\t<\/div>\n\t\t\t\t<div class=\"elementor-element elementor-element-eacf202 elementor-widget elementor-widget-heading\" data-id=\"eacf202\" data-element_type=\"widget\" data-widget_type=\"heading.default\">\n\t\t\t\t<div class=\"elementor-widget-container\">\n\t\t\t\t\t<h1 class=\"elementor-heading-title elementor-size-default\">Kontakty &#8211; Paris<\/h1>\t\t\t\t<\/div>\n\t\t\t\t<\/div>\n\t\t\t\t<div class=\"elementor-element elementor-element-5ada227 elementor-widget-divider--view-line elementor-widget elementor-widget-divider\" data-id=\"5ada227\" data-element_type=\"widget\" data-widget_type=\"divider.default\">\n\t\t\t\t<div class=\"elementor-widget-container\">\n\t\t\t\t\t\t\t<div class=\"elementor-divider\">\n\t\t\t<span class=\"elementor-divider-separator\">\n\t\t\t\t\t\t<\/span>\n\t\t<\/div>\n\t\t\t\t\t\t<\/div>\n\t\t\t\t<\/div>\n\t\t\t\t\t<\/div>\n\t\t\t\t<\/div>\n\t\t<div data-particle_enable=\"false\" data-particle-mobile-disabled=\"false\" class=\"elementor-element elementor-element-9a31b03 e-flex e-con-boxed e-con e-parent\" data-id=\"9a31b03\" data-element_type=\"container\">\n\t\t\t\t\t<div class=\"e-con-inner\">\n\t\t<div data-particle_enable=\"false\" data-particle-mobile-disabled=\"false\" class=\"elementor-element elementor-element-5074f78 e-con-full e-flex e-con e-child\" data-id=\"5074f78\" data-element_type=\"container\">\n\t\t\t\t<div class=\"elementor-element elementor-element-a390f4d elementor-widget elementor-widget-google_maps\" data-id=\"a390f4d\" data-element_type=\"widget\" data-widget_type=\"google_maps.default\">\n\t\t\t\t<div class=\"elementor-widget-container\">\n\t\t\t\t\t\t\t<div class=\"elementor-custom-embed\">\n\t\t\t<iframe loading=\"lazy\"\n\t\t\t\t\tsrc=\"https:\/\/maps.google.com\/maps?q=31%20avenue%20des%20Gobelins%2075013%20Paris&#038;t=m&#038;z=15&#038;output=embed&#038;iwloc=near\"\n\t\t\t\t\ttitle=\"31 avenue des Gobelins 75013 Paris\"\n\t\t\t\t\taria-label=\"31 avenue des Gobelins 75013 Paris\"\n\t\t\t><\/iframe>\n\t\t<\/div>\n\t\t\t\t\t\t<\/div>\n\t\t\t\t<\/div>\n\t\t\t\t<div class=\"elementor-element elementor-element-2f193bb elementor-widget elementor-widget-text-editor\" data-id=\"2f193bb\" data-element_type=\"widget\" data-widget_type=\"text-editor.default\">\n\t\t\t\t<div class=\"elementor-widget-container\">\n\t\t\t\t\t\t\t\t\t<p>Pro parkov\u00e1n\u00ed m\u016f\u017eete vyu\u017e\u00edt parkovac\u00ed d\u016fm vzd\u00e1len\u00fd 100m od na\u0161\u00ed kancel\u00e1\u0159e na adrese\u00a0<a href=\"https:\/\/goo.gl\/maps\/xFd2kJ2yekw\" target=\"_blank\" rel=\"noopener\">Wilsonova 372\/6, 110 00 Praha.<\/a><\/p><p class=\"space-bottom-50\">V kancel\u00e1\u0159i jsme v\u00e1m k dispozici od pond\u011bl\u00ed do p\u00e1tku od 9:00 do 18:00.<\/p>\t\t\t\t\t\t\t\t<\/div>\n\t\t\t\t<\/div>\n\t\t\t\t<\/div>\n\t\t<div data-particle_enable=\"false\" data-particle-mobile-disabled=\"false\" class=\"elementor-element elementor-element-bfbdb06 e-con-full e-flex e-con e-child\" data-id=\"bfbdb06\" data-element_type=\"container\">\n\t\t\t\t<div class=\"elementor-element elementor-element-3e7f255 elementor-widget elementor-widget-heading\" data-id=\"3e7f255\" data-element_type=\"widget\" data-widget_type=\"heading.default\">\n\t\t\t\t<div class=\"elementor-widget-container\">\n\t\t\t\t\t<h2 class=\"elementor-heading-title elementor-size-default\">Kontaktn\u00ed informace<\/h2>\t\t\t\t<\/div>\n\t\t\t\t<\/div>\n\t\t\t\t<div class=\"elementor-element elementor-element-45975b8 elementor-widget elementor-widget-text-editor\" data-id=\"45975b8\" data-element_type=\"widget\" data-widget_type=\"text-editor.default\">\n\t\t\t\t<div class=\"elementor-widget-container\">\n\t\t\t\t\t\t\t\t\t<p>Mathilde CAUSSADE, Avocat \u00e0 la Cour<\/p><p><a href=\"https:\/\/goo.gl\/maps\/qMYZao5pXH82\" target=\"_blank\" rel=\"noopener\">31 avenue des Gobelins 75013 Paris France<\/a><\/p>\t\t\t\t\t\t\t\t<\/div>\n\t\t\t\t<\/div>\n\t\t\t\t<div class=\"elementor-element elementor-element-01484cf elementor-widget elementor-widget-text-editor\" data-id=\"01484cf\" data-element_type=\"widget\" data-widget_type=\"text-editor.default\">\n\t\t\t\t<div class=\"elementor-widget-container\">\n\t\t\t\t\t\t\t\t\t<p><strong>Kancel\u00e1\u0159:<\/strong>\u00a0<a href=\"tel:+420776578488\">+420 776 578 488<\/a>\u00a0(CZ, EN)<\/p><p><strong>Kancel\u00e1\u0159:<\/strong>\u00a0<a href=\"tel:+33677337073\">+ 33 6 77 33 70 73<\/a>\u00a0(FR)<\/p><p><strong>Email:<\/strong>\u00a0<a href=\"mailto:office@ak-drha.cz\">office@ak-drha.cz<\/a><\/p>\t\t\t\t\t\t\t\t<\/div>\n\t\t\t\t<\/div>\n\t\t\t\t<div class=\"elementor-element elementor-element-8aa5799 elementor-widget elementor-widget-text-editor\" data-id=\"8aa5799\" data-element_type=\"widget\" data-widget_type=\"text-editor.default\">\n\t\t\t\t<div class=\"elementor-widget-container\">\n\t\t\t\t\t\t\t\t\t<p><strong>Bankovn\u00ed spojen\u00ed CZK:<\/strong>\u00a0116 620 5000 \/ 2700<\/p><p>IBAN: CZ05 2700 0000 0011 6620 5000<\/p><p>BIC (SWIFT): BACXCZPP<\/p><p>UniCredit Bank Czech Republic and Slovakia, a.s.<\/p><p><strong>Bankovn\u00ed spojen\u00ed EUR:<\/strong>\u00a0116 620 5019 \/ 2700<\/p><p>IBAN : CZ74 2700 0000 0011 6620 5019<\/p><p>BIC (SWIFT): BACXCZPP<\/p><p>UniCredit Bank Czech Republic and Slovakia, a.s.<\/p>\t\t\t\t\t\t\t\t<\/div>\n\t\t\t\t<\/div>\n\t\t\t\t<\/div>\n\t\t\t\t\t<\/div>\n\t\t\t\t<\/div>\n\t\t\t\t<\/div>","protected":false},"excerpt":{"rendered":"<p>Pro parkov\u00e1n\u00ed m\u016f\u017eete vyu\u017e\u00edt parkovac\u00ed d\u016fm vzd\u00e1len\u00fd 100m od na\u0161\u00ed kancel\u00e1\u0159e na adrese\u00a0Wilsonova 372\/6, 110 00 Praha. V kancel\u00e1\u0159i jsme v\u00e1m k dispozici od pond\u011bl\u00ed do p\u00e1tku od 9:00 do 18:00. Kontaktn\u00ed informace Mathilde CAUSSADE, Avocat \u00e0 la Cour 31 avenue des Gobelins 75013 Paris France Kancel\u00e1\u0159:\u00a0+420 776 578 488\u00a0(CZ, EN) Kancel\u00e1\u0159:\u00a0+ 33 6 77 [&hellip;]<\/p>","protected":false},"author":1,"featured_media":0,"parent":44,"menu_order":0,"comment_status":"closed","ping_status":"closed","template":"","meta":{"inline_featured_image":false,"footnotes":""},"class_list":["post-48","page","type-page","status-publish","hentry"],"_links":{"self":[{"href":"https:\/\/dev.ak-drha.cz\/en\/wp-json\/wp\/v2\/pages\/48","targetHints":{"allow":["GET"]}}],"collection":[{"href":"https:\/\/dev.ak-drha.cz\/en\/wp-json\/wp\/v2\/pages"}],"about":[{"href":"https:\/\/dev.ak-drha.cz\/en\/wp-json\/wp\/v2\/types\/page"}],"author":[{"embeddable":true,"href":"https:\/\/dev.ak-drha.cz\/en\/wp-json\/wp\/v2\/users\/1"}],"replies":[{"embeddable":true,"href":"https:\/\/dev.ak-drha.cz\/en\/wp-json\/wp\/v2\/comments?post=48"}],"version-history":[{"count":11,"href":"https:\/\/dev.ak-drha.cz\/en\/wp-json\/wp\/v2\/pages\/48\/revisions"}],"predecessor-version":[{"id":522,"href":"https:\/\/dev.ak-drha.cz\/en\/wp-json\/wp\/v2\/pages\/48\/revisions\/522"}],"up":[{"embeddable":true,"href":"https:\/\/dev.ak-drha.cz\/en\/wp-json\/wp\/v2\/pages\/44"}],"wp:attachment":[{"href":"https:\/\/dev.ak-drha.cz\/en\/wp-json\/wp\/v2\/media?parent=48"}],"curies":[{"name":"wp","href":"https:\/\/api.w.org\/{rel}","templated":true}]}}