{"id":157,"date":"2025-06-21T12:00:47","date_gmt":"2025-06-21T10:00:47","guid":{"rendered":"https:\/\/dev.ak-drha.cz\/?page_id=157"},"modified":"2025-06-21T18:31:25","modified_gmt":"2025-06-21T16:31:25","slug":"spravni-ustavni-pravo-advokatni-kancelar","status":"publish","type":"page","link":"https:\/\/dev.ak-drha.cz\/en\/pravni-sluzby\/spravni-ustavni-pravo-advokatni-kancelar\/","title":{"rendered":"Spr\u00e1vn\u00ed a \u00fastavn\u00ed pr\u00e1vo"},"content":{"rendered":"<div data-elementor-type=\"wp-page\" data-elementor-id=\"157\" class=\"elementor elementor-157\" data-elementor-post-type=\"page\">\n\t\t\t\t<div data-particle_enable=\"false\" data-particle-mobile-disabled=\"false\" class=\"elementor-element elementor-element-8f7076f e-flex e-con-boxed e-con e-parent\" data-id=\"8f7076f\" data-element_type=\"container\" data-settings=\"{&quot;background_background&quot;:&quot;classic&quot;,&quot;shape_divider_bottom&quot;:&quot;tilt&quot;}\">\n\t\t\t\t\t<div class=\"e-con-inner\">\n\t\t\t\t<div class=\"elementor-shape elementor-shape-bottom\" aria-hidden=\"true\" data-negative=\"false\">\n\t\t\t<svg xmlns=\"http:\/\/www.w3.org\/2000\/svg\" viewbox=\"0 0 1000 100\" preserveaspectratio=\"none\">\n\t<path class=\"elementor-shape-fill\" d=\"M0,6V0h1000v100L0,6z\"\/>\n<\/svg>\t\t<\/div>\n\t\t\t\t<div class=\"elementor-element elementor-element-d2aa3a2 elementor-widget elementor-widget-heading\" data-id=\"d2aa3a2\" data-element_type=\"widget\" data-widget_type=\"heading.default\">\n\t\t\t\t<div class=\"elementor-widget-container\">\n\t\t\t\t\t<h1 class=\"elementor-heading-title elementor-size-default\">Spr\u00e1vn\u00ed a \u00fastavn\u00ed pr\u00e1vo<\/h1>\t\t\t\t<\/div>\n\t\t\t\t<\/div>\n\t\t\t\t<div class=\"elementor-element elementor-element-fda28b4 elementor-widget-divider--view-line elementor-widget elementor-widget-divider\" data-id=\"fda28b4\" data-element_type=\"widget\" data-widget_type=\"divider.default\">\n\t\t\t\t<div class=\"elementor-widget-container\">\n\t\t\t\t\t\t\t<div class=\"elementor-divider\">\n\t\t\t<span class=\"elementor-divider-separator\">\n\t\t\t\t\t\t<\/span>\n\t\t<\/div>\n\t\t\t\t\t\t<\/div>\n\t\t\t\t<\/div>\n\t\t\t\t\t<\/div>\n\t\t\t\t<\/div>\n\t\t<div data-particle_enable=\"false\" data-particle-mobile-disabled=\"false\" class=\"elementor-element elementor-element-cb0810c e-flex e-con-boxed e-con e-parent\" data-id=\"cb0810c\" data-element_type=\"container\">\n\t\t\t\t\t<div class=\"e-con-inner\">\n\t\t<div data-particle_enable=\"false\" data-particle-mobile-disabled=\"false\" class=\"elementor-element elementor-element-ad64083 e-con-full e-flex e-con e-child\" data-id=\"ad64083\" data-element_type=\"container\">\n\t\t\t\t<div class=\"elementor-element elementor-element-d1cd696 elementor-widget elementor-widget-text-editor\" data-id=\"d1cd696\" data-element_type=\"widget\" data-widget_type=\"text-editor.default\">\n\t\t\t\t<div class=\"elementor-widget-container\">\n\t\t\t\t\t\t\t\t\t<p class=\"space-bottom-50\">Zastupujeme klienty ve spr\u00e1vn\u00edch \u0159\u00edzen\u00edch v r\u016fzn\u00fdch oblastech spr\u00e1vn\u00edho pr\u00e1va, kdy tato \u0159\u00edzen\u00ed jsou vedena org\u00e1ny st\u00e1tn\u00ed spr\u00e1vy a samospr\u00e1vy. Rozsah slu\u017eeb zahrnuje zastupov\u00e1n\u00ed od \u00farovn\u011b prvn\u00edho stupn\u011b spr\u00e1vn\u00edho \u0159\u00edzen\u00ed, v\u010detn\u011b \u00farovn\u011b odvolac\u00edch \u0159\u00edzen\u00ed, rozklad\u016f a p\u0159ezkumn\u00e9ho \u0159\u00edzen\u00ed. Zastupujeme klienty rovn\u011b\u017e p\u0159ed spr\u00e1vn\u00edmi soudy v\u010detn\u011b Nejvy\u0161\u0161\u00edho spr\u00e1vn\u00edho soudu \u010cR a d\u00e1le t\u00e9\u017e v \u0159\u00edzen\u00ed p\u0159ed \u00dastavn\u00edm soudem \u010cR.<\/p>\t\t\t\t\t\t\t\t<\/div>\n\t\t\t\t<\/div>\n\t\t\t\t<div class=\"elementor-element elementor-element-ad3c97a elementor-widget elementor-widget-heading\" data-id=\"ad3c97a\" data-element_type=\"widget\" data-widget_type=\"heading.default\">\n\t\t\t\t<div class=\"elementor-widget-container\">\n\t\t\t\t\t<h2 class=\"elementor-heading-title elementor-size-default\">Na\u0161e advok\u00e1tn\u00ed kancel\u00e1\u0159 nab\u00edz\u00ed slu\u017eby zejm\u00e9na v t\u011bchto oblastech spr\u00e1vn\u00edho a \u00fastavn\u00edho pr\u00e1va<\/h2>\t\t\t\t<\/div>\n\t\t\t\t<\/div>\n\t\t\t\t<div class=\"elementor-element elementor-element-be45ff8 elementor-icon-list--layout-traditional elementor-list-item-link-full_width elementor-widget elementor-widget-icon-list\" data-id=\"be45ff8\" data-element_type=\"widget\" data-widget_type=\"icon-list.default\">\n\t\t\t\t<div class=\"elementor-widget-container\">\n\t\t\t\t\t\t\t<ul class=\"elementor-icon-list-items\">\n\t\t\t\t\t\t\t<li class=\"elementor-icon-list-item\">\n\t\t\t\t\t\t\t\t\t\t\t<span class=\"elementor-icon-list-icon\">\n\t\t\t\t\t\t\t<svg aria-hidden=\"true\" class=\"e-font-icon-svg e-fas-angle-double-right\" viewbox=\"0 0 448 512\" xmlns=\"http:\/\/www.w3.org\/2000\/svg\"><path d=\"M224.3 273l-136 136c-9.4 9.4-24.6 9.4-33.9 0l-22.6-22.6c-9.4-9.4-9.4-24.6 0-33.9l96.4-96.4-96.4-96.4c-9.4-9.4-9.4-24.6 0-33.9L54.3 103c9.4-9.4 24.6-9.4 33.9 0l136 136c9.5 9.4 9.5 24.6.1 34zm192-34l-136-136c-9.4-9.4-24.6-9.4-33.9 0l-22.6 22.6c-9.4 9.4-9.4 24.6 0 33.9l96.4 96.4-96.4 96.4c-9.4 9.4-9.4 24.6 0 33.9l22.6 22.6c9.4 9.4 24.6 9.4 33.9 0l136-136c9.4-9.2 9.4-24.4 0-33.8z\"><\/path><\/svg>\t\t\t\t\t\t<\/span>\n\t\t\t\t\t\t\t\t\t\t<span class=\"elementor-icon-list-text\">vypracov\u00e1n\u00ed pod\u00e1n\u00ed, n\u00e1vrh\u016f a vyj\u00e1d\u0159en\u00ed v r\u00e1mci spr\u00e1vn\u00edho \u0159\u00edzen\u00ed<\/span>\n\t\t\t\t\t\t\t\t\t<\/li>\n\t\t\t\t\t\t\t\t<li class=\"elementor-icon-list-item\">\n\t\t\t\t\t\t\t\t\t\t\t<span class=\"elementor-icon-list-icon\">\n\t\t\t\t\t\t\t<svg aria-hidden=\"true\" class=\"e-font-icon-svg e-fas-angle-double-right\" viewbox=\"0 0 448 512\" xmlns=\"http:\/\/www.w3.org\/2000\/svg\"><path d=\"M224.3 273l-136 136c-9.4 9.4-24.6 9.4-33.9 0l-22.6-22.6c-9.4-9.4-9.4-24.6 0-33.9l96.4-96.4-96.4-96.4c-9.4-9.4-9.4-24.6 0-33.9L54.3 103c9.4-9.4 24.6-9.4 33.9 0l136 136c9.5 9.4 9.5 24.6.1 34zm192-34l-136-136c-9.4-9.4-24.6-9.4-33.9 0l-22.6 22.6c-9.4 9.4-9.4 24.6 0 33.9l96.4 96.4-96.4 96.4c-9.4 9.4-9.4 24.6 0 33.9l22.6 22.6c9.4 9.4 24.6 9.4 33.9 0l136-136c9.4-9.2 9.4-24.4 0-33.8z\"><\/path><\/svg>\t\t\t\t\t\t<\/span>\n\t\t\t\t\t\t\t\t\t\t<span class=\"elementor-icon-list-text\">zastupov\u00e1n\u00ed ve spr\u00e1vn\u00edch \u0159\u00edzen\u00edch v\u010detn\u011b p\u0159estupkov\u00fdch \u0159\u00edzen\u00ed a \u0159\u00edzen\u00ed o jin\u00fdch spr\u00e1vn\u00edch deliktech<\/span>\n\t\t\t\t\t\t\t\t\t<\/li>\n\t\t\t\t\t\t\t\t<li class=\"elementor-icon-list-item\">\n\t\t\t\t\t\t\t\t\t\t\t<span class=\"elementor-icon-list-icon\">\n\t\t\t\t\t\t\t<svg aria-hidden=\"true\" class=\"e-font-icon-svg e-fas-angle-double-right\" viewbox=\"0 0 448 512\" xmlns=\"http:\/\/www.w3.org\/2000\/svg\"><path d=\"M224.3 273l-136 136c-9.4 9.4-24.6 9.4-33.9 0l-22.6-22.6c-9.4-9.4-9.4-24.6 0-33.9l96.4-96.4-96.4-96.4c-9.4-9.4-9.4-24.6 0-33.9L54.3 103c9.4-9.4 24.6-9.4 33.9 0l136 136c9.5 9.4 9.5 24.6.1 34zm192-34l-136-136c-9.4-9.4-24.6-9.4-33.9 0l-22.6 22.6c-9.4 9.4-9.4 24.6 0 33.9l96.4 96.4-96.4 96.4c-9.4 9.4-9.4 24.6 0 33.9l22.6 22.6c9.4 9.4 24.6 9.4 33.9 0l136-136c9.4-9.2 9.4-24.4 0-33.8z\"><\/path><\/svg>\t\t\t\t\t\t<\/span>\n\t\t\t\t\t\t\t\t\t\t<span class=\"elementor-icon-list-text\">zastupov\u00e1n\u00ed v \u0159\u00edzen\u00ed veden\u00fdch \u00fast\u0159edn\u00edmi org\u00e1ny st\u00e1tn\u00ed spr\u00e1vy<\/span>\n\t\t\t\t\t\t\t\t\t<\/li>\n\t\t\t\t\t\t\t\t<li class=\"elementor-icon-list-item\">\n\t\t\t\t\t\t\t\t\t\t\t<span class=\"elementor-icon-list-icon\">\n\t\t\t\t\t\t\t<svg aria-hidden=\"true\" class=\"e-font-icon-svg e-fas-angle-double-right\" viewbox=\"0 0 448 512\" xmlns=\"http:\/\/www.w3.org\/2000\/svg\"><path d=\"M224.3 273l-136 136c-9.4 9.4-24.6 9.4-33.9 0l-22.6-22.6c-9.4-9.4-9.4-24.6 0-33.9l96.4-96.4-96.4-96.4c-9.4-9.4-9.4-24.6 0-33.9L54.3 103c9.4-9.4 24.6-9.4 33.9 0l136 136c9.5 9.4 9.5 24.6.1 34zm192-34l-136-136c-9.4-9.4-24.6-9.4-33.9 0l-22.6 22.6c-9.4 9.4-9.4 24.6 0 33.9l96.4 96.4-96.4 96.4c-9.4 9.4-9.4 24.6 0 33.9l22.6 22.6c9.4 9.4 24.6 9.4 33.9 0l136-136c9.4-9.2 9.4-24.4 0-33.8z\"><\/path><\/svg>\t\t\t\t\t\t<\/span>\n\t\t\t\t\t\t\t\t\t\t<span class=\"elementor-icon-list-text\">spr\u00e1vn\u00ed \u0159\u00edzen\u00ed v oblasti pracovn\u00edho pr\u00e1va, stavebn\u00edho pr\u00e1va, kapit\u00e1lov\u00fdch trh\u016f, hospod\u00e1\u0159sk\u00e9 sout\u011b\u017ee, \u017eivnostensk\u00e9ho pr\u00e1va<\/span>\n\t\t\t\t\t\t\t\t\t<\/li>\n\t\t\t\t\t\t\t\t<li class=\"elementor-icon-list-item\">\n\t\t\t\t\t\t\t\t\t\t\t<span class=\"elementor-icon-list-icon\">\n\t\t\t\t\t\t\t<svg aria-hidden=\"true\" class=\"e-font-icon-svg e-fas-angle-double-right\" viewbox=\"0 0 448 512\" xmlns=\"http:\/\/www.w3.org\/2000\/svg\"><path d=\"M224.3 273l-136 136c-9.4 9.4-24.6 9.4-33.9 0l-22.6-22.6c-9.4-9.4-9.4-24.6 0-33.9l96.4-96.4-96.4-96.4c-9.4-9.4-9.4-24.6 0-33.9L54.3 103c9.4-9.4 24.6-9.4 33.9 0l136 136c9.5 9.4 9.5 24.6.1 34zm192-34l-136-136c-9.4-9.4-24.6-9.4-33.9 0l-22.6 22.6c-9.4 9.4-9.4 24.6 0 33.9l96.4 96.4-96.4 96.4c-9.4 9.4-9.4 24.6 0 33.9l22.6 22.6c9.4 9.4 24.6 9.4 33.9 0l136-136c9.4-9.2 9.4-24.4 0-33.8z\"><\/path><\/svg>\t\t\t\t\t\t<\/span>\n\t\t\t\t\t\t\t\t\t\t<span class=\"elementor-icon-list-text\">vypracov\u00e1n\u00ed spr\u00e1vn\u00edch \u017ealob, zastupov\u00e1n\u00ed p\u0159ed spr\u00e1vn\u00edmi soudy<\/span>\n\t\t\t\t\t\t\t\t\t<\/li>\n\t\t\t\t\t\t\t\t<li class=\"elementor-icon-list-item\">\n\t\t\t\t\t\t\t\t\t\t\t<span class=\"elementor-icon-list-icon\">\n\t\t\t\t\t\t\t<svg aria-hidden=\"true\" class=\"e-font-icon-svg e-fas-angle-double-right\" viewbox=\"0 0 448 512\" xmlns=\"http:\/\/www.w3.org\/2000\/svg\"><path d=\"M224.3 273l-136 136c-9.4 9.4-24.6 9.4-33.9 0l-22.6-22.6c-9.4-9.4-9.4-24.6 0-33.9l96.4-96.4-96.4-96.4c-9.4-9.4-9.4-24.6 0-33.9L54.3 103c9.4-9.4 24.6-9.4 33.9 0l136 136c9.5 9.4 9.5 24.6.1 34zm192-34l-136-136c-9.4-9.4-24.6-9.4-33.9 0l-22.6 22.6c-9.4 9.4-9.4 24.6 0 33.9l96.4 96.4-96.4 96.4c-9.4 9.4-9.4 24.6 0 33.9l22.6 22.6c9.4 9.4 24.6 9.4 33.9 0l136-136c9.4-9.2 9.4-24.4 0-33.8z\"><\/path><\/svg>\t\t\t\t\t\t<\/span>\n\t\t\t\t\t\t\t\t\t\t<span class=\"elementor-icon-list-text\">p\u0159\u00edprava \u00fastavn\u00edch st\u00ed\u017enost\u00ed, zastupov\u00e1n\u00ed v \u0159\u00edzen\u00ed p\u0159ed \u00dastavn\u00edm soudem \u010cesk\u00e9 republiky<\/span>\n\t\t\t\t\t\t\t\t\t<\/li>\n\t\t\t\t\t\t\t\t<li class=\"elementor-icon-list-item\">\n\t\t\t\t\t\t\t\t\t\t\t<span class=\"elementor-icon-list-icon\">\n\t\t\t\t\t\t\t<svg aria-hidden=\"true\" class=\"e-font-icon-svg e-fas-angle-double-right\" viewbox=\"0 0 448 512\" xmlns=\"http:\/\/www.w3.org\/2000\/svg\"><path d=\"M224.3 273l-136 136c-9.4 9.4-24.6 9.4-33.9 0l-22.6-22.6c-9.4-9.4-9.4-24.6 0-33.9l96.4-96.4-96.4-96.4c-9.4-9.4-9.4-24.6 0-33.9L54.3 103c9.4-9.4 24.6-9.4 33.9 0l136 136c9.5 9.4 9.5 24.6.1 34zm192-34l-136-136c-9.4-9.4-24.6-9.4-33.9 0l-22.6 22.6c-9.4 9.4-9.4 24.6 0 33.9l96.4 96.4-96.4 96.4c-9.4 9.4-9.4 24.6 0 33.9l22.6 22.6c9.4 9.4 24.6 9.4 33.9 0l136-136c9.4-9.2 9.4-24.4 0-33.8z\"><\/path><\/svg>\t\t\t\t\t\t<\/span>\n\t\t\t\t\t\t\t\t\t\t<span class=\"elementor-icon-list-text\">zastupov\u00e1n\u00ed p\u0159ed Evropsk\u00fdm soudem pro lidsk\u00e1 pr\u00e1va ve \u0160trasburku<\/span>\n\t\t\t\t\t\t\t\t\t<\/li>\n\t\t\t\t\t\t<\/ul>\n\t\t\t\t\t\t<\/div>\n\t\t\t\t<\/div>\n\t\t\t\t<div class=\"elementor-element elementor-element-5a85449 elementor-widget elementor-widget-text-editor\" data-id=\"5a85449\" data-element_type=\"widget\" data-widget_type=\"text-editor.default\">\n\t\t\t\t<div class=\"elementor-widget-container\">\n\t\t\t\t\t\t\t\t\t<p>Sou\u010d\u00e1st\u00ed n\u00e1mi poskytovan\u00fdch slu\u017eeb je zastupov\u00e1n\u00ed klient\u016f ve spr\u00e1vn\u00edch \u0159\u00edzen\u00edch vypl\u00fdvaj\u00edc\u00edch z r\u016fzn\u00fdch obor\u016f ve\u0159ejn\u00e9 spr\u00e1vy. Poskytli jsme ji\u017e slu\u017eby sv\u00fdm klient\u016fm v \u0159\u00edzen\u00edch veden\u00fdch org\u00e1ny st\u00e1tn\u00ed spr\u00e1vy na \u00faseku kontroly pracovn\u011bpr\u00e1vn\u00edch p\u0159edpis\u016f v\u010detn\u011b p\u0159edpis\u016f o bezpe\u010dnosti a ochran\u011b zdrav\u00ed p\u0159i pr\u00e1ci. V souvislosti s agendou nemovitostn\u00edho pr\u00e1va poskytujeme slu\u017eby v r\u00e1mci \u00fazemn\u00edho a stavebn\u00edho \u0159\u00edzen\u00ed. M\u00e1me zku\u0161enosti tak\u00e9 na \u00faseku kapit\u00e1lov\u00fdch trh\u016f a hospod\u00e1\u0159sk\u00e9 sout\u011b\u017ee.<\/p><p>Vypracov\u00e1v\u00e1me \u00fastavn\u00ed st\u00ed\u017enosti a n\u00e1sledn\u011b zastupujeme klienty v \u0159\u00edzen\u00ed p\u0159ed \u00dastavn\u00edm soudem \u010cesk\u00e9 republiky. V minulosti jsme tak\u00e9 zastupovali klienty v \u0159\u00edzen\u00ed p\u0159ed Evropsk\u00fdm soudem pro lidsk\u00e1 pr\u00e1va ve \u0160trasburku.<\/p>\t\t\t\t\t\t\t\t<\/div>\n\t\t\t\t<\/div>\n\t\t\t\t<\/div>\n\t\t<div data-particle_enable=\"false\" data-particle-mobile-disabled=\"false\" class=\"elementor-element elementor-element-097523d e-con-full e-flex e-con e-child\" data-id=\"097523d\" data-element_type=\"container\" data-settings=\"{&quot;background_background&quot;:&quot;classic&quot;}\">\n\t\t\t\t<div class=\"elementor-element elementor-element-a4d1c9e elementor-nav-menu--dropdown-tablet elementor-nav-menu__text-align-aside elementor-nav-menu--toggle elementor-nav-menu--burger elementor-widget elementor-widget-nav-menu\" data-id=\"a4d1c9e\" data-element_type=\"widget\" data-settings=\"{&quot;layout&quot;:&quot;vertical&quot;,&quot;submenu_icon&quot;:{&quot;value&quot;:&quot;&lt;svg aria-hidden=\\&quot;true\\&quot; class=\\&quot;e-font-icon-svg e-fas-caret-down\\&quot; viewBox=\\&quot;0 0 320 512\\&quot; xmlns=\\&quot;http:\\\/\\\/www.w3.org\\\/2000\\\/svg\\&quot;&gt;&lt;path d=\\&quot;M31.3 192h257.3c17.8 0 26.7 21.5 14.1 34.1L174.1 354.8c-7.8 7.8-20.5 7.8-28.3 0L17.2 226.1C4.6 213.5 13.5 192 31.3 192z\\&quot;&gt;&lt;\\\/path&gt;&lt;\\\/svg&gt;&quot;,&quot;library&quot;:&quot;fa-solid&quot;},&quot;toggle&quot;:&quot;burger&quot;}\" data-widget_type=\"nav-menu.default\">\n\t\t\t\t<div class=\"elementor-widget-container\">\n\t\t\t\t\t\t\t\t<nav aria-label=\"Menu\" class=\"elementor-nav-menu--main elementor-nav-menu__container elementor-nav-menu--layout-vertical e--pointer-none\">\n\t\t\t\t<ul id=\"menu-1-a4d1c9e\" class=\"elementor-nav-menu sm-vertical\"><li class=\"menu-item menu-item-type-post_type menu-item-object-page menu-item-167\"><a href=\"https:\/\/dev.ak-drha.cz\/en\/pravni-sluzby\/obcanske-pravo-advokatni-kancelar\/\" class=\"elementor-item\">Ob\u010dansk\u00e9 pr\u00e1vo<\/a><\/li>\n<li class=\"menu-item menu-item-type-post_type menu-item-object-page menu-item-166\"><a href=\"https:\/\/dev.ak-drha.cz\/en\/pravni-sluzby\/obchodni-pravo-advokatni-kancelar\/\" class=\"elementor-item\">Obchodn\u00ed pr\u00e1vo<\/a><\/li>\n<li class=\"menu-item menu-item-type-post_type menu-item-object-page menu-item-165\"><a href=\"https:\/\/dev.ak-drha.cz\/en\/pravni-sluzby\/trestni-pravo-advokatni-kancelar\/\" class=\"elementor-item\">Trestn\u00ed pr\u00e1vo<\/a><\/li>\n<li class=\"menu-item menu-item-type-post_type menu-item-object-page menu-item-164\"><a href=\"https:\/\/dev.ak-drha.cz\/en\/pravni-sluzby\/rodinne-pravo-advokatni-kancelar\/\" class=\"elementor-item\">Rodinn\u00e9 pr\u00e1vo<\/a><\/li>\n<li class=\"menu-item menu-item-type-post_type menu-item-object-page menu-item-163\"><a href=\"https:\/\/dev.ak-drha.cz\/en\/pravni-sluzby\/pracovni-pravo-advokatni-kancelar\/\" class=\"elementor-item\">Pracovn\u00ed pr\u00e1vo<\/a><\/li>\n<li class=\"menu-item menu-item-type-post_type menu-item-object-page menu-item-162\"><a href=\"https:\/\/dev.ak-drha.cz\/en\/pravni-sluzby\/nemovitostni-pravo-advokatni-kancelar\/\" class=\"elementor-item\">Nemovitostn\u00ed pr\u00e1vo<\/a><\/li>\n<li class=\"menu-item menu-item-type-post_type menu-item-object-page menu-item-161\"><a href=\"https:\/\/dev.ak-drha.cz\/en\/pravni-sluzby\/bytove-pravo-advokatni-kancelar\/\" class=\"elementor-item\">Bytov\u00e9 pr\u00e1vo<\/a><\/li>\n<li class=\"menu-item menu-item-type-post_type menu-item-object-page menu-item-160\"><a href=\"https:\/\/dev.ak-drha.cz\/en\/pravni-sluzby\/reseni-sporu-advokatni-kancelar\/\" class=\"elementor-item\">\u0158e\u0161en\u00ed spor\u016f<\/a><\/li>\n<li class=\"menu-item menu-item-type-post_type menu-item-object-page menu-item-159\"><a href=\"https:\/\/dev.ak-drha.cz\/en\/pravni-sluzby\/spravni-ustavni-pravo-advokatni-kancelar\/\" class=\"elementor-item\">Spr\u00e1vn\u00ed a \u00fastavn\u00ed pr\u00e1vo<\/a><\/li>\n<\/ul>\t\t\t<\/nav>\n\t\t\t\t\t<div class=\"elementor-menu-toggle\" role=\"button\" tabindex=\"0\" aria-label=\"Menu Toggle\" aria-expanded=\"false\">\n\t\t\t<svg aria-hidden=\"true\" role=\"presentation\" class=\"elementor-menu-toggle__icon--open e-font-icon-svg e-eicon-menu-bar\" viewbox=\"0 0 1000 1000\" xmlns=\"http:\/\/www.w3.org\/2000\/svg\"><path d=\"M104 333H896C929 333 958 304 958 271S929 208 896 208H104C71 208 42 237 42 271S71 333 104 333ZM104 583H896C929 583 958 554 958 521S929 458 896 458H104C71 458 42 487 42 521S71 583 104 583ZM104 833H896C929 833 958 804 958 771S929 708 896 708H104C71 708 42 737 42 771S71 833 104 833Z\"><\/path><\/svg><svg aria-hidden=\"true\" role=\"presentation\" class=\"elementor-menu-toggle__icon--close e-font-icon-svg e-eicon-close\" viewbox=\"0 0 1000 1000\" xmlns=\"http:\/\/www.w3.org\/2000\/svg\"><path d=\"M742 167L500 408 258 167C246 154 233 150 217 150 196 150 179 158 167 167 154 179 150 196 150 212 150 229 154 242 171 254L408 500 167 742C138 771 138 800 167 829 196 858 225 858 254 829L496 587 738 829C750 842 767 846 783 846 800 846 817 842 829 829 842 817 846 804 846 783 846 767 842 750 829 737L588 500 833 258C863 229 863 200 833 171 804 137 775 137 742 167Z\"><\/path><\/svg>\t\t<\/div>\n\t\t\t\t\t<nav class=\"elementor-nav-menu--dropdown elementor-nav-menu__container\" aria-hidden=\"true\">\n\t\t\t\t<ul id=\"menu-2-a4d1c9e\" class=\"elementor-nav-menu sm-vertical\"><li class=\"menu-item menu-item-type-post_type menu-item-object-page menu-item-167\"><a href=\"https:\/\/dev.ak-drha.cz\/en\/pravni-sluzby\/obcanske-pravo-advokatni-kancelar\/\" class=\"elementor-item\" tabindex=\"-1\">Ob\u010dansk\u00e9 pr\u00e1vo<\/a><\/li>\n<li class=\"menu-item menu-item-type-post_type menu-item-object-page menu-item-166\"><a href=\"https:\/\/dev.ak-drha.cz\/en\/pravni-sluzby\/obchodni-pravo-advokatni-kancelar\/\" class=\"elementor-item\" tabindex=\"-1\">Obchodn\u00ed pr\u00e1vo<\/a><\/li>\n<li class=\"menu-item menu-item-type-post_type menu-item-object-page menu-item-165\"><a href=\"https:\/\/dev.ak-drha.cz\/en\/pravni-sluzby\/trestni-pravo-advokatni-kancelar\/\" class=\"elementor-item\" tabindex=\"-1\">Trestn\u00ed pr\u00e1vo<\/a><\/li>\n<li class=\"menu-item menu-item-type-post_type menu-item-object-page menu-item-164\"><a href=\"https:\/\/dev.ak-drha.cz\/en\/pravni-sluzby\/rodinne-pravo-advokatni-kancelar\/\" class=\"elementor-item\" tabindex=\"-1\">Rodinn\u00e9 pr\u00e1vo<\/a><\/li>\n<li class=\"menu-item menu-item-type-post_type menu-item-object-page menu-item-163\"><a href=\"https:\/\/dev.ak-drha.cz\/en\/pravni-sluzby\/pracovni-pravo-advokatni-kancelar\/\" class=\"elementor-item\" tabindex=\"-1\">Pracovn\u00ed pr\u00e1vo<\/a><\/li>\n<li class=\"menu-item menu-item-type-post_type menu-item-object-page menu-item-162\"><a href=\"https:\/\/dev.ak-drha.cz\/en\/pravni-sluzby\/nemovitostni-pravo-advokatni-kancelar\/\" class=\"elementor-item\" tabindex=\"-1\">Nemovitostn\u00ed pr\u00e1vo<\/a><\/li>\n<li class=\"menu-item menu-item-type-post_type menu-item-object-page menu-item-161\"><a href=\"https:\/\/dev.ak-drha.cz\/en\/pravni-sluzby\/bytove-pravo-advokatni-kancelar\/\" class=\"elementor-item\" tabindex=\"-1\">Bytov\u00e9 pr\u00e1vo<\/a><\/li>\n<li class=\"menu-item menu-item-type-post_type menu-item-object-page menu-item-160\"><a href=\"https:\/\/dev.ak-drha.cz\/en\/pravni-sluzby\/reseni-sporu-advokatni-kancelar\/\" class=\"elementor-item\" tabindex=\"-1\">\u0158e\u0161en\u00ed spor\u016f<\/a><\/li>\n<li class=\"menu-item menu-item-type-post_type menu-item-object-page menu-item-159\"><a href=\"https:\/\/dev.ak-drha.cz\/en\/pravni-sluzby\/spravni-ustavni-pravo-advokatni-kancelar\/\" class=\"elementor-item\" tabindex=\"-1\">Spr\u00e1vn\u00ed a \u00fastavn\u00ed pr\u00e1vo<\/a><\/li>\n<\/ul>\t\t\t<\/nav>\n\t\t\t\t\t\t<\/div>\n\t\t\t\t<\/div>\n\t\t\t\t<\/div>\n\t\t\t\t\t<\/div>\n\t\t\t\t<\/div>\n\t\t\t\t<\/div>","protected":false},"excerpt":{"rendered":"<p>Zastupujeme klienty ve spr\u00e1vn\u00edch \u0159\u00edzen\u00edch v r\u016fzn\u00fdch oblastech spr\u00e1vn\u00edho pr\u00e1va, kdy tato \u0159\u00edzen\u00ed jsou vedena org\u00e1ny st\u00e1tn\u00ed spr\u00e1vy a samospr\u00e1vy. Rozsah slu\u017eeb zahrnuje zastupov\u00e1n\u00ed od \u00farovn\u011b prvn\u00edho stupn\u011b spr\u00e1vn\u00edho \u0159\u00edzen\u00ed, v\u010detn\u011b \u00farovn\u011b odvolac\u00edch \u0159\u00edzen\u00ed, rozklad\u016f a p\u0159ezkumn\u00e9ho \u0159\u00edzen\u00ed. Zastupujeme klienty rovn\u011b\u017e p\u0159ed spr\u00e1vn\u00edmi soudy v\u010detn\u011b Nejvy\u0161\u0161\u00edho spr\u00e1vn\u00edho soudu \u010cR a d\u00e1le t\u00e9\u017e v \u0159\u00edzen\u00ed p\u0159ed [&hellip;]<\/p>","protected":false},"author":1,"featured_media":0,"parent":139,"menu_order":0,"comment_status":"closed","ping_status":"closed","template":"","meta":{"inline_featured_image":false,"footnotes":""},"class_list":["post-157","page","type-page","status-publish","hentry"],"_links":{"self":[{"href":"https:\/\/dev.ak-drha.cz\/en\/wp-json\/wp\/v2\/pages\/157","targetHints":{"allow":["GET"]}}],"collection":[{"href":"https:\/\/dev.ak-drha.cz\/en\/wp-json\/wp\/v2\/pages"}],"about":[{"href":"https:\/\/dev.ak-drha.cz\/en\/wp-json\/wp\/v2\/types\/page"}],"author":[{"embeddable":true,"href":"https:\/\/dev.ak-drha.cz\/en\/wp-json\/wp\/v2\/users\/1"}],"replies":[{"embeddable":true,"href":"https:\/\/dev.ak-drha.cz\/en\/wp-json\/wp\/v2\/comments?post=157"}],"version-history":[{"count":11,"href":"https:\/\/dev.ak-drha.cz\/en\/wp-json\/wp\/v2\/pages\/157\/revisions"}],"predecessor-version":[{"id":512,"href":"https:\/\/dev.ak-drha.cz\/en\/wp-json\/wp\/v2\/pages\/157\/revisions\/512"}],"up":[{"embeddable":true,"href":"https:\/\/dev.ak-drha.cz\/en\/wp-json\/wp\/v2\/pages\/139"}],"wp:attachment":[{"href":"https:\/\/dev.ak-drha.cz\/en\/wp-json\/wp\/v2\/media?parent=157"}],"curies":[{"name":"wp","href":"https:\/\/api.w.org\/{rel}","templated":true}]}}