{"id":155,"date":"2025-06-21T12:00:28","date_gmt":"2025-06-21T10:00:28","guid":{"rendered":"https:\/\/dev.ak-drha.cz\/?page_id=155"},"modified":"2025-06-21T18:31:56","modified_gmt":"2025-06-21T16:31:56","slug":"reseni-sporu-advokatni-kancelar","status":"publish","type":"page","link":"https:\/\/dev.ak-drha.cz\/en\/pravni-sluzby\/reseni-sporu-advokatni-kancelar\/","title":{"rendered":"\u0158e\u0161en\u00ed spor\u016f"},"content":{"rendered":"<div data-elementor-type=\"wp-page\" data-elementor-id=\"155\" class=\"elementor elementor-155\" data-elementor-post-type=\"page\">\n\t\t\t\t<div data-particle_enable=\"false\" data-particle-mobile-disabled=\"false\" class=\"elementor-element elementor-element-440b767 e-flex e-con-boxed e-con e-parent\" data-id=\"440b767\" data-element_type=\"container\" data-settings=\"{&quot;background_background&quot;:&quot;classic&quot;,&quot;shape_divider_bottom&quot;:&quot;tilt&quot;}\">\n\t\t\t\t\t<div class=\"e-con-inner\">\n\t\t\t\t<div class=\"elementor-shape elementor-shape-bottom\" aria-hidden=\"true\" data-negative=\"false\">\n\t\t\t<svg xmlns=\"http:\/\/www.w3.org\/2000\/svg\" viewbox=\"0 0 1000 100\" preserveaspectratio=\"none\">\n\t<path class=\"elementor-shape-fill\" d=\"M0,6V0h1000v100L0,6z\"\/>\n<\/svg>\t\t<\/div>\n\t\t\t\t<div class=\"elementor-element elementor-element-41034ce elementor-widget elementor-widget-heading\" data-id=\"41034ce\" data-element_type=\"widget\" data-widget_type=\"heading.default\">\n\t\t\t\t<div class=\"elementor-widget-container\">\n\t\t\t\t\t<h1 class=\"elementor-heading-title elementor-size-default\">\u0158e\u0161en\u00ed spor\u016f<\/h1>\t\t\t\t<\/div>\n\t\t\t\t<\/div>\n\t\t\t\t<div class=\"elementor-element elementor-element-42c7a48 elementor-widget-divider--view-line elementor-widget elementor-widget-divider\" data-id=\"42c7a48\" data-element_type=\"widget\" data-widget_type=\"divider.default\">\n\t\t\t\t<div class=\"elementor-widget-container\">\n\t\t\t\t\t\t\t<div class=\"elementor-divider\">\n\t\t\t<span class=\"elementor-divider-separator\">\n\t\t\t\t\t\t<\/span>\n\t\t<\/div>\n\t\t\t\t\t\t<\/div>\n\t\t\t\t<\/div>\n\t\t\t\t\t<\/div>\n\t\t\t\t<\/div>\n\t\t<div data-particle_enable=\"false\" data-particle-mobile-disabled=\"false\" class=\"elementor-element elementor-element-f75b756 e-flex e-con-boxed e-con e-parent\" data-id=\"f75b756\" data-element_type=\"container\">\n\t\t\t\t\t<div class=\"e-con-inner\">\n\t\t<div data-particle_enable=\"false\" data-particle-mobile-disabled=\"false\" class=\"elementor-element elementor-element-3ae9b64 e-con-full e-flex e-con e-child\" data-id=\"3ae9b64\" data-element_type=\"container\">\n\t\t\t\t<div class=\"elementor-element elementor-element-4526531 elementor-widget elementor-widget-text-editor\" data-id=\"4526531\" data-element_type=\"widget\" data-widget_type=\"text-editor.default\">\n\t\t\t\t<div class=\"elementor-widget-container\">\n\t\t\t\t\t\t\t\t\t<p>Poskytujeme komplexn\u00ed slu\u017eby v oblasti sporn\u00e9 agendy. Zastupujeme klienty v soudn\u00edch a rozhod\u010d\u00edch \u0159\u00edzen\u00edch, mezin\u00e1rodn\u00edch arbitr\u00e1\u017e\u00edch, v \u0159\u00edzen\u00edch p\u0159ed \u00dastavn\u00edm soudem \u010cR a rovn\u011b\u017e p\u0159i jedn\u00e1n\u00ed o mimosoudn\u00edm \u0159e\u0161en\u00ed spor\u016f. Poskytujeme slu\u017eby od \u00favodn\u00edho st\u00e1dia sporu, kdy analyzujeme fakta a s nimi souvisej\u00edc\u00ed pr\u00e1vn\u00ed ot\u00e1zky, p\u0159es pl\u00e1nov\u00e1n\u00ed procesn\u00ed taktiky, pod\u00e1n\u00ed n\u00e1vrhu na zah\u00e1jen\u00ed \u0159\u00edzen\u00ed a\u017e po zastupov\u00e1n\u00ed p\u0159ed soudy a jin\u00fdmi org\u00e1ny. Zastupujeme klienty t\u00e9\u017e v exeku\u010dn\u00edm \u0159\u00edzen\u00ed a v inciden\u010dn\u00edch sporech vypl\u00fdvaj\u00edc\u00edch z insolven\u010dn\u00edho \u0159\u00edzen\u00ed.<\/p>\t\t\t\t\t\t\t\t<\/div>\n\t\t\t\t<\/div>\n\t\t\t\t<div class=\"elementor-element elementor-element-a1db23b elementor-widget elementor-widget-heading\" data-id=\"a1db23b\" data-element_type=\"widget\" data-widget_type=\"heading.default\">\n\t\t\t\t<div class=\"elementor-widget-container\">\n\t\t\t\t\t<h2 class=\"elementor-heading-title elementor-size-default\">Na\u0161e advok\u00e1tn\u00ed kancel\u00e1\u0159 nab\u00edz\u00ed slu\u017eby zejm\u00e9na v t\u011bchto oblastech \u0159e\u0161en\u00ed spor\u016f\n<\/h2>\t\t\t\t<\/div>\n\t\t\t\t<\/div>\n\t\t\t\t<div class=\"elementor-element elementor-element-22ea978 elementor-icon-list--layout-traditional elementor-list-item-link-full_width elementor-widget elementor-widget-icon-list\" data-id=\"22ea978\" data-element_type=\"widget\" data-widget_type=\"icon-list.default\">\n\t\t\t\t<div class=\"elementor-widget-container\">\n\t\t\t\t\t\t\t<ul class=\"elementor-icon-list-items\">\n\t\t\t\t\t\t\t<li class=\"elementor-icon-list-item\">\n\t\t\t\t\t\t\t\t\t\t\t<span class=\"elementor-icon-list-icon\">\n\t\t\t\t\t\t\t<svg aria-hidden=\"true\" class=\"e-font-icon-svg e-fas-angle-double-right\" viewbox=\"0 0 448 512\" xmlns=\"http:\/\/www.w3.org\/2000\/svg\"><path d=\"M224.3 273l-136 136c-9.4 9.4-24.6 9.4-33.9 0l-22.6-22.6c-9.4-9.4-9.4-24.6 0-33.9l96.4-96.4-96.4-96.4c-9.4-9.4-9.4-24.6 0-33.9L54.3 103c9.4-9.4 24.6-9.4 33.9 0l136 136c9.5 9.4 9.5 24.6.1 34zm192-34l-136-136c-9.4-9.4-24.6-9.4-33.9 0l-22.6 22.6c-9.4 9.4-9.4 24.6 0 33.9l96.4 96.4-96.4 96.4c-9.4 9.4-9.4 24.6 0 33.9l22.6 22.6c9.4 9.4 24.6 9.4 33.9 0l136-136c9.4-9.2 9.4-24.4 0-33.8z\"><\/path><\/svg>\t\t\t\t\t\t<\/span>\n\t\t\t\t\t\t\t\t\t\t<span class=\"elementor-icon-list-text\">zpracov\u00e1v\u00e1n\u00ed pr\u00e1vn\u00ed anal\u00fdzy v oblasti pr\u00e1vn\u00edch spor\u016f a doporu\u010den\u00ed procesn\u00ed taktiky<\/span>\n\t\t\t\t\t\t\t\t\t<\/li>\n\t\t\t\t\t\t\t\t<li class=\"elementor-icon-list-item\">\n\t\t\t\t\t\t\t\t\t\t\t<span class=\"elementor-icon-list-icon\">\n\t\t\t\t\t\t\t<svg aria-hidden=\"true\" class=\"e-font-icon-svg e-fas-angle-double-right\" viewbox=\"0 0 448 512\" xmlns=\"http:\/\/www.w3.org\/2000\/svg\"><path d=\"M224.3 273l-136 136c-9.4 9.4-24.6 9.4-33.9 0l-22.6-22.6c-9.4-9.4-9.4-24.6 0-33.9l96.4-96.4-96.4-96.4c-9.4-9.4-9.4-24.6 0-33.9L54.3 103c9.4-9.4 24.6-9.4 33.9 0l136 136c9.5 9.4 9.5 24.6.1 34zm192-34l-136-136c-9.4-9.4-24.6-9.4-33.9 0l-22.6 22.6c-9.4 9.4-9.4 24.6 0 33.9l96.4 96.4-96.4 96.4c-9.4 9.4-9.4 24.6 0 33.9l22.6 22.6c9.4 9.4 24.6 9.4 33.9 0l136-136c9.4-9.2 9.4-24.4 0-33.8z\"><\/path><\/svg>\t\t\t\t\t\t<\/span>\n\t\t\t\t\t\t\t\t\t\t<span class=\"elementor-icon-list-text\">p\u0159\u00edprava \u017ealoby, n\u00e1vrhu na vyd\u00e1n\u00ed platebn\u00edho rozkazu, nebo n\u00e1vrhu na vyd\u00e1n\u00ed p\u0159edb\u011b\u017en\u00e9ho opat\u0159en\u00ed<\/span>\n\t\t\t\t\t\t\t\t\t<\/li>\n\t\t\t\t\t\t\t\t<li class=\"elementor-icon-list-item\">\n\t\t\t\t\t\t\t\t\t\t\t<span class=\"elementor-icon-list-icon\">\n\t\t\t\t\t\t\t<svg aria-hidden=\"true\" class=\"e-font-icon-svg e-fas-angle-double-right\" viewbox=\"0 0 448 512\" xmlns=\"http:\/\/www.w3.org\/2000\/svg\"><path d=\"M224.3 273l-136 136c-9.4 9.4-24.6 9.4-33.9 0l-22.6-22.6c-9.4-9.4-9.4-24.6 0-33.9l96.4-96.4-96.4-96.4c-9.4-9.4-9.4-24.6 0-33.9L54.3 103c9.4-9.4 24.6-9.4 33.9 0l136 136c9.5 9.4 9.5 24.6.1 34zm192-34l-136-136c-9.4-9.4-24.6-9.4-33.9 0l-22.6 22.6c-9.4 9.4-9.4 24.6 0 33.9l96.4 96.4-96.4 96.4c-9.4 9.4-9.4 24.6 0 33.9l22.6 22.6c9.4 9.4 24.6 9.4 33.9 0l136-136c9.4-9.2 9.4-24.4 0-33.8z\"><\/path><\/svg>\t\t\t\t\t\t<\/span>\n\t\t\t\t\t\t\t\t\t\t<span class=\"elementor-icon-list-text\">zastupov\u00e1n\u00ed v soudn\u00edch, rozhod\u010d\u00edch a arbitr\u00e1\u017en\u00edch \u0159\u00edzen\u00edch<\/span>\n\t\t\t\t\t\t\t\t\t<\/li>\n\t\t\t\t\t\t\t\t<li class=\"elementor-icon-list-item\">\n\t\t\t\t\t\t\t\t\t\t\t<span class=\"elementor-icon-list-icon\">\n\t\t\t\t\t\t\t<svg aria-hidden=\"true\" class=\"e-font-icon-svg e-fas-angle-double-right\" viewbox=\"0 0 448 512\" xmlns=\"http:\/\/www.w3.org\/2000\/svg\"><path d=\"M224.3 273l-136 136c-9.4 9.4-24.6 9.4-33.9 0l-22.6-22.6c-9.4-9.4-9.4-24.6 0-33.9l96.4-96.4-96.4-96.4c-9.4-9.4-9.4-24.6 0-33.9L54.3 103c9.4-9.4 24.6-9.4 33.9 0l136 136c9.5 9.4 9.5 24.6.1 34zm192-34l-136-136c-9.4-9.4-24.6-9.4-33.9 0l-22.6 22.6c-9.4 9.4-9.4 24.6 0 33.9l96.4 96.4-96.4 96.4c-9.4 9.4-9.4 24.6 0 33.9l22.6 22.6c9.4 9.4 24.6 9.4 33.9 0l136-136c9.4-9.2 9.4-24.4 0-33.8z\"><\/path><\/svg>\t\t\t\t\t\t<\/span>\n\t\t\t\t\t\t\t\t\t\t<span class=\"elementor-icon-list-text\">zastupov\u00e1n\u00ed v odvolac\u00edm \u0159\u00edzen\u00ed nebo dovolac\u00edm \u0159\u00edzen\u00ed u Nejvy\u0161\u0161\u00edho soudu \u010cR<\/span>\n\t\t\t\t\t\t\t\t\t<\/li>\n\t\t\t\t\t\t\t\t<li class=\"elementor-icon-list-item\">\n\t\t\t\t\t\t\t\t\t\t\t<span class=\"elementor-icon-list-icon\">\n\t\t\t\t\t\t\t<svg aria-hidden=\"true\" class=\"e-font-icon-svg e-fas-angle-double-right\" viewbox=\"0 0 448 512\" xmlns=\"http:\/\/www.w3.org\/2000\/svg\"><path d=\"M224.3 273l-136 136c-9.4 9.4-24.6 9.4-33.9 0l-22.6-22.6c-9.4-9.4-9.4-24.6 0-33.9l96.4-96.4-96.4-96.4c-9.4-9.4-9.4-24.6 0-33.9L54.3 103c9.4-9.4 24.6-9.4 33.9 0l136 136c9.5 9.4 9.5 24.6.1 34zm192-34l-136-136c-9.4-9.4-24.6-9.4-33.9 0l-22.6 22.6c-9.4 9.4-9.4 24.6 0 33.9l96.4 96.4-96.4 96.4c-9.4 9.4-9.4 24.6 0 33.9l22.6 22.6c9.4 9.4 24.6 9.4 33.9 0l136-136c9.4-9.2 9.4-24.4 0-33.8z\"><\/path><\/svg>\t\t\t\t\t\t<\/span>\n\t\t\t\t\t\t\t\t\t\t<span class=\"elementor-icon-list-text\">sepis n\u00e1vrhu na v\u00fdkon rozhodnut\u00ed (exekuci) a zastupov\u00e1n\u00ed ve vykon\u00e1vac\u00edm (exeku\u010dn\u00edm) \u0159\u00edzen\u00ed<\/span>\n\t\t\t\t\t\t\t\t\t<\/li>\n\t\t\t\t\t\t\t\t<li class=\"elementor-icon-list-item\">\n\t\t\t\t\t\t\t\t\t\t\t<span class=\"elementor-icon-list-icon\">\n\t\t\t\t\t\t\t<svg aria-hidden=\"true\" class=\"e-font-icon-svg e-fas-angle-double-right\" viewbox=\"0 0 448 512\" xmlns=\"http:\/\/www.w3.org\/2000\/svg\"><path d=\"M224.3 273l-136 136c-9.4 9.4-24.6 9.4-33.9 0l-22.6-22.6c-9.4-9.4-9.4-24.6 0-33.9l96.4-96.4-96.4-96.4c-9.4-9.4-9.4-24.6 0-33.9L54.3 103c9.4-9.4 24.6-9.4 33.9 0l136 136c9.5 9.4 9.5 24.6.1 34zm192-34l-136-136c-9.4-9.4-24.6-9.4-33.9 0l-22.6 22.6c-9.4 9.4-9.4 24.6 0 33.9l96.4 96.4-96.4 96.4c-9.4 9.4-9.4 24.6 0 33.9l22.6 22.6c9.4 9.4 24.6 9.4 33.9 0l136-136c9.4-9.2 9.4-24.4 0-33.8z\"><\/path><\/svg>\t\t\t\t\t\t<\/span>\n\t\t\t\t\t\t\t\t\t\t<span class=\"elementor-icon-list-text\">spolupr\u00e1ce s exekutorsk\u00fdmi \u00fa\u0159ady p\u0159i vym\u00e1h\u00e1n\u00ed povinnosti<\/span>\n\t\t\t\t\t\t\t\t\t<\/li>\n\t\t\t\t\t\t<\/ul>\n\t\t\t\t\t\t<\/div>\n\t\t\t\t<\/div>\n\t\t\t\t<div class=\"elementor-element elementor-element-128be32 elementor-widget elementor-widget-text-editor\" data-id=\"128be32\" data-element_type=\"widget\" data-widget_type=\"text-editor.default\">\n\t\t\t\t<div class=\"elementor-widget-container\">\n\t\t\t\t\t\t\t\t\t<p>Zastupujeme klienty typicky v ob\u010danskopr\u00e1vn\u00edch a obchodn\u00edch sporech, v\u010d. spor\u016f z du\u0161evn\u00edho vlastnictv\u00ed, ochrany osobnosti, hospod\u00e1\u0159sk\u00e9 sout\u011b\u017ee, n\u00e1hrady \u0161kody a bezd\u016fvodn\u00e9ho obohacen\u00ed. M\u00e1me zku\u0161enosti se spory v oblasti nemovitost\u00ed \u2013 spory o vlastnictv\u00ed k nemovitostem, spory z n\u00e1jmu, spory na vyklizen\u00ed nemovitosti, spory ze smluv o d\u00edlo a ze z\u00e1ruk. Pravideln\u011b zastupujeme klienty ve sporech, kter\u00e9 jsou rozhodov\u00e1ny jak obecn\u00fdmi tak rozhod\u010d\u00edmi soudy na n\u00e1rodn\u00ed i mezin\u00e1rodn\u00ed \u00farovni. \u00dasp\u011bch na\u0161ich klient\u016f vypl\u00fdv\u00e1 p\u0159edev\u0161\u00edm z d\u016fkladn\u00e9 p\u0159\u00edpravy a anal\u00fdzy situace a zaji\u0161t\u011bn\u00ed d\u016fkazn\u00edho materi\u00e1lu.<\/p>\t\t\t\t\t\t\t\t<\/div>\n\t\t\t\t<\/div>\n\t\t\t\t<\/div>\n\t\t<div data-particle_enable=\"false\" data-particle-mobile-disabled=\"false\" class=\"elementor-element elementor-element-dc72b5d e-con-full e-flex e-con e-child\" data-id=\"dc72b5d\" data-element_type=\"container\" data-settings=\"{&quot;background_background&quot;:&quot;classic&quot;}\">\n\t\t\t\t<div class=\"elementor-element elementor-element-b1c084f elementor-nav-menu--dropdown-tablet elementor-nav-menu__text-align-aside elementor-nav-menu--toggle elementor-nav-menu--burger elementor-widget elementor-widget-nav-menu\" data-id=\"b1c084f\" data-element_type=\"widget\" data-settings=\"{&quot;layout&quot;:&quot;vertical&quot;,&quot;submenu_icon&quot;:{&quot;value&quot;:&quot;&lt;svg aria-hidden=\\&quot;true\\&quot; class=\\&quot;e-font-icon-svg e-fas-caret-down\\&quot; viewBox=\\&quot;0 0 320 512\\&quot; xmlns=\\&quot;http:\\\/\\\/www.w3.org\\\/2000\\\/svg\\&quot;&gt;&lt;path d=\\&quot;M31.3 192h257.3c17.8 0 26.7 21.5 14.1 34.1L174.1 354.8c-7.8 7.8-20.5 7.8-28.3 0L17.2 226.1C4.6 213.5 13.5 192 31.3 192z\\&quot;&gt;&lt;\\\/path&gt;&lt;\\\/svg&gt;&quot;,&quot;library&quot;:&quot;fa-solid&quot;},&quot;toggle&quot;:&quot;burger&quot;}\" data-widget_type=\"nav-menu.default\">\n\t\t\t\t<div class=\"elementor-widget-container\">\n\t\t\t\t\t\t\t\t<nav aria-label=\"Menu\" class=\"elementor-nav-menu--main elementor-nav-menu__container elementor-nav-menu--layout-vertical e--pointer-none\">\n\t\t\t\t<ul id=\"menu-1-b1c084f\" class=\"elementor-nav-menu sm-vertical\"><li class=\"menu-item menu-item-type-post_type menu-item-object-page menu-item-167\"><a href=\"https:\/\/dev.ak-drha.cz\/en\/pravni-sluzby\/obcanske-pravo-advokatni-kancelar\/\" class=\"elementor-item\">Ob\u010dansk\u00e9 pr\u00e1vo<\/a><\/li>\n<li class=\"menu-item menu-item-type-post_type menu-item-object-page menu-item-166\"><a href=\"https:\/\/dev.ak-drha.cz\/en\/pravni-sluzby\/obchodni-pravo-advokatni-kancelar\/\" class=\"elementor-item\">Obchodn\u00ed pr\u00e1vo<\/a><\/li>\n<li class=\"menu-item menu-item-type-post_type menu-item-object-page menu-item-165\"><a href=\"https:\/\/dev.ak-drha.cz\/en\/pravni-sluzby\/trestni-pravo-advokatni-kancelar\/\" class=\"elementor-item\">Trestn\u00ed pr\u00e1vo<\/a><\/li>\n<li class=\"menu-item menu-item-type-post_type menu-item-object-page menu-item-164\"><a href=\"https:\/\/dev.ak-drha.cz\/en\/pravni-sluzby\/rodinne-pravo-advokatni-kancelar\/\" class=\"elementor-item\">Rodinn\u00e9 pr\u00e1vo<\/a><\/li>\n<li class=\"menu-item menu-item-type-post_type menu-item-object-page menu-item-163\"><a href=\"https:\/\/dev.ak-drha.cz\/en\/pravni-sluzby\/pracovni-pravo-advokatni-kancelar\/\" class=\"elementor-item\">Pracovn\u00ed pr\u00e1vo<\/a><\/li>\n<li class=\"menu-item menu-item-type-post_type menu-item-object-page menu-item-162\"><a href=\"https:\/\/dev.ak-drha.cz\/en\/pravni-sluzby\/nemovitostni-pravo-advokatni-kancelar\/\" class=\"elementor-item\">Nemovitostn\u00ed pr\u00e1vo<\/a><\/li>\n<li class=\"menu-item menu-item-type-post_type menu-item-object-page menu-item-161\"><a href=\"https:\/\/dev.ak-drha.cz\/en\/pravni-sluzby\/bytove-pravo-advokatni-kancelar\/\" class=\"elementor-item\">Bytov\u00e9 pr\u00e1vo<\/a><\/li>\n<li class=\"menu-item menu-item-type-post_type menu-item-object-page menu-item-160\"><a href=\"https:\/\/dev.ak-drha.cz\/en\/pravni-sluzby\/reseni-sporu-advokatni-kancelar\/\" class=\"elementor-item\">\u0158e\u0161en\u00ed spor\u016f<\/a><\/li>\n<li class=\"menu-item menu-item-type-post_type menu-item-object-page menu-item-159\"><a href=\"https:\/\/dev.ak-drha.cz\/en\/pravni-sluzby\/spravni-ustavni-pravo-advokatni-kancelar\/\" class=\"elementor-item\">Spr\u00e1vn\u00ed a \u00fastavn\u00ed pr\u00e1vo<\/a><\/li>\n<\/ul>\t\t\t<\/nav>\n\t\t\t\t\t<div class=\"elementor-menu-toggle\" role=\"button\" tabindex=\"0\" aria-label=\"Menu Toggle\" aria-expanded=\"false\">\n\t\t\t<svg aria-hidden=\"true\" role=\"presentation\" class=\"elementor-menu-toggle__icon--open e-font-icon-svg e-eicon-menu-bar\" viewbox=\"0 0 1000 1000\" xmlns=\"http:\/\/www.w3.org\/2000\/svg\"><path d=\"M104 333H896C929 333 958 304 958 271S929 208 896 208H104C71 208 42 237 42 271S71 333 104 333ZM104 583H896C929 583 958 554 958 521S929 458 896 458H104C71 458 42 487 42 521S71 583 104 583ZM104 833H896C929 833 958 804 958 771S929 708 896 708H104C71 708 42 737 42 771S71 833 104 833Z\"><\/path><\/svg><svg aria-hidden=\"true\" role=\"presentation\" class=\"elementor-menu-toggle__icon--close e-font-icon-svg e-eicon-close\" viewbox=\"0 0 1000 1000\" xmlns=\"http:\/\/www.w3.org\/2000\/svg\"><path d=\"M742 167L500 408 258 167C246 154 233 150 217 150 196 150 179 158 167 167 154 179 150 196 150 212 150 229 154 242 171 254L408 500 167 742C138 771 138 800 167 829 196 858 225 858 254 829L496 587 738 829C750 842 767 846 783 846 800 846 817 842 829 829 842 817 846 804 846 783 846 767 842 750 829 737L588 500 833 258C863 229 863 200 833 171 804 137 775 137 742 167Z\"><\/path><\/svg>\t\t<\/div>\n\t\t\t\t\t<nav class=\"elementor-nav-menu--dropdown elementor-nav-menu__container\" aria-hidden=\"true\">\n\t\t\t\t<ul id=\"menu-2-b1c084f\" class=\"elementor-nav-menu sm-vertical\"><li class=\"menu-item menu-item-type-post_type menu-item-object-page menu-item-167\"><a href=\"https:\/\/dev.ak-drha.cz\/en\/pravni-sluzby\/obcanske-pravo-advokatni-kancelar\/\" class=\"elementor-item\" tabindex=\"-1\">Ob\u010dansk\u00e9 pr\u00e1vo<\/a><\/li>\n<li class=\"menu-item menu-item-type-post_type menu-item-object-page menu-item-166\"><a href=\"https:\/\/dev.ak-drha.cz\/en\/pravni-sluzby\/obchodni-pravo-advokatni-kancelar\/\" class=\"elementor-item\" tabindex=\"-1\">Obchodn\u00ed pr\u00e1vo<\/a><\/li>\n<li class=\"menu-item menu-item-type-post_type menu-item-object-page menu-item-165\"><a href=\"https:\/\/dev.ak-drha.cz\/en\/pravni-sluzby\/trestni-pravo-advokatni-kancelar\/\" class=\"elementor-item\" tabindex=\"-1\">Trestn\u00ed pr\u00e1vo<\/a><\/li>\n<li class=\"menu-item menu-item-type-post_type menu-item-object-page menu-item-164\"><a href=\"https:\/\/dev.ak-drha.cz\/en\/pravni-sluzby\/rodinne-pravo-advokatni-kancelar\/\" class=\"elementor-item\" tabindex=\"-1\">Rodinn\u00e9 pr\u00e1vo<\/a><\/li>\n<li class=\"menu-item menu-item-type-post_type menu-item-object-page menu-item-163\"><a href=\"https:\/\/dev.ak-drha.cz\/en\/pravni-sluzby\/pracovni-pravo-advokatni-kancelar\/\" class=\"elementor-item\" tabindex=\"-1\">Pracovn\u00ed pr\u00e1vo<\/a><\/li>\n<li class=\"menu-item menu-item-type-post_type menu-item-object-page menu-item-162\"><a href=\"https:\/\/dev.ak-drha.cz\/en\/pravni-sluzby\/nemovitostni-pravo-advokatni-kancelar\/\" class=\"elementor-item\" tabindex=\"-1\">Nemovitostn\u00ed pr\u00e1vo<\/a><\/li>\n<li class=\"menu-item menu-item-type-post_type menu-item-object-page menu-item-161\"><a href=\"https:\/\/dev.ak-drha.cz\/en\/pravni-sluzby\/bytove-pravo-advokatni-kancelar\/\" class=\"elementor-item\" tabindex=\"-1\">Bytov\u00e9 pr\u00e1vo<\/a><\/li>\n<li class=\"menu-item menu-item-type-post_type menu-item-object-page menu-item-160\"><a href=\"https:\/\/dev.ak-drha.cz\/en\/pravni-sluzby\/reseni-sporu-advokatni-kancelar\/\" class=\"elementor-item\" tabindex=\"-1\">\u0158e\u0161en\u00ed spor\u016f<\/a><\/li>\n<li class=\"menu-item menu-item-type-post_type menu-item-object-page menu-item-159\"><a href=\"https:\/\/dev.ak-drha.cz\/en\/pravni-sluzby\/spravni-ustavni-pravo-advokatni-kancelar\/\" class=\"elementor-item\" tabindex=\"-1\">Spr\u00e1vn\u00ed a \u00fastavn\u00ed pr\u00e1vo<\/a><\/li>\n<\/ul>\t\t\t<\/nav>\n\t\t\t\t\t\t<\/div>\n\t\t\t\t<\/div>\n\t\t\t\t<\/div>\n\t\t\t\t\t<\/div>\n\t\t\t\t<\/div>\n\t\t\t\t<\/div>","protected":false},"excerpt":{"rendered":"<p>Poskytujeme komplexn\u00ed slu\u017eby v oblasti sporn\u00e9 agendy. Zastupujeme klienty v soudn\u00edch a rozhod\u010d\u00edch \u0159\u00edzen\u00edch, mezin\u00e1rodn\u00edch arbitr\u00e1\u017e\u00edch, v \u0159\u00edzen\u00edch p\u0159ed \u00dastavn\u00edm soudem \u010cR a rovn\u011b\u017e p\u0159i jedn\u00e1n\u00ed o mimosoudn\u00edm \u0159e\u0161en\u00ed spor\u016f. Poskytujeme slu\u017eby od \u00favodn\u00edho st\u00e1dia sporu, kdy analyzujeme fakta a s nimi souvisej\u00edc\u00ed pr\u00e1vn\u00ed ot\u00e1zky, p\u0159es pl\u00e1nov\u00e1n\u00ed procesn\u00ed taktiky, pod\u00e1n\u00ed n\u00e1vrhu na zah\u00e1jen\u00ed \u0159\u00edzen\u00ed a\u017e [&hellip;]<\/p>","protected":false},"author":1,"featured_media":0,"parent":139,"menu_order":0,"comment_status":"closed","ping_status":"closed","template":"","meta":{"inline_featured_image":false,"footnotes":""},"class_list":["post-155","page","type-page","status-publish","hentry"],"_links":{"self":[{"href":"https:\/\/dev.ak-drha.cz\/en\/wp-json\/wp\/v2\/pages\/155","targetHints":{"allow":["GET"]}}],"collection":[{"href":"https:\/\/dev.ak-drha.cz\/en\/wp-json\/wp\/v2\/pages"}],"about":[{"href":"https:\/\/dev.ak-drha.cz\/en\/wp-json\/wp\/v2\/types\/page"}],"author":[{"embeddable":true,"href":"https:\/\/dev.ak-drha.cz\/en\/wp-json\/wp\/v2\/users\/1"}],"replies":[{"embeddable":true,"href":"https:\/\/dev.ak-drha.cz\/en\/wp-json\/wp\/v2\/comments?post=155"}],"version-history":[{"count":11,"href":"https:\/\/dev.ak-drha.cz\/en\/wp-json\/wp\/v2\/pages\/155\/revisions"}],"predecessor-version":[{"id":514,"href":"https:\/\/dev.ak-drha.cz\/en\/wp-json\/wp\/v2\/pages\/155\/revisions\/514"}],"up":[{"embeddable":true,"href":"https:\/\/dev.ak-drha.cz\/en\/wp-json\/wp\/v2\/pages\/139"}],"wp:attachment":[{"href":"https:\/\/dev.ak-drha.cz\/en\/wp-json\/wp\/v2\/media?parent=155"}],"curies":[{"name":"wp","href":"https:\/\/api.w.org\/{rel}","templated":true}]}}