{"id":15,"date":"2025-06-21T10:25:43","date_gmt":"2025-06-21T08:25:43","guid":{"rendered":"https:\/\/dev.ak-drha.cz\/?page_id=15"},"modified":"2025-11-19T09:17:21","modified_gmt":"2025-11-19T08:17:21","slug":"uvod","status":"publish","type":"page","link":"https:\/\/dev.ak-drha.cz\/en\/","title":{"rendered":"\u00davod"},"content":{"rendered":"<div data-elementor-type=\"wp-page\" data-elementor-id=\"15\" class=\"elementor elementor-15\" data-elementor-post-type=\"page\">\n\t\t\t\t<div data-particle_enable=\"false\" data-particle-mobile-disabled=\"false\" class=\"elementor-element elementor-element-b1e6124 e-con-full e-flex e-con e-parent\" data-id=\"b1e6124\" data-element_type=\"container\" data-settings=\"{&quot;background_background&quot;:&quot;slideshow&quot;,&quot;background_slideshow_gallery&quot;:[{&quot;id&quot;:25,&quot;url&quot;:&quot;https:\\\/\\\/dev.ak-drha.cz\\\/wp-content\\\/uploads\\\/2025\\\/06\\\/praha.jpg&quot;},{&quot;id&quot;:26,&quot;url&quot;:&quot;https:\\\/\\\/dev.ak-drha.cz\\\/wp-content\\\/uploads\\\/2025\\\/06\\\/lucemburk.jpg&quot;},{&quot;id&quot;:27,&quot;url&quot;:&quot;https:\\\/\\\/dev.ak-drha.cz\\\/wp-content\\\/uploads\\\/2025\\\/06\\\/brusel.jpg&quot;},{&quot;id&quot;:28,&quot;url&quot;:&quot;https:\\\/\\\/dev.ak-drha.cz\\\/wp-content\\\/uploads\\\/2025\\\/06\\\/pariz.jpg&quot;}],&quot;background_slideshow_loop&quot;:&quot;yes&quot;,&quot;background_slideshow_slide_duration&quot;:5000,&quot;background_slideshow_slide_transition&quot;:&quot;fade&quot;,&quot;background_slideshow_transition_duration&quot;:500}\">\n\t\t\t\t<\/div>\n\t\t<div data-particle_enable=\"false\" data-particle-mobile-disabled=\"false\" class=\"elementor-element elementor-element-f8b6dd2 e-flex e-con-boxed e-con e-parent\" data-id=\"f8b6dd2\" data-element_type=\"container\">\n\t\t\t\t\t<div class=\"e-con-inner\">\n\t\t\t\t<div class=\"elementor-element elementor-element-b1d860b elementor-widget elementor-widget-heading\" data-id=\"b1d860b\" data-element_type=\"widget\" data-widget_type=\"heading.default\">\n\t\t\t\t<div class=\"elementor-widget-container\">\n\t\t\t\t\t<h1 class=\"elementor-heading-title elementor-size-default\">Pr\u00e1vo &amp; byznys. <br>Pom\u00e1h\u00e1me na\u0161im klient\u016fm d\u011blat odv\u00e1\u017en\u00e1 rozhodnut\u00ed.<\/h1>\t\t\t\t<\/div>\n\t\t\t\t<\/div>\n\t\t\t\t<div class=\"elementor-element elementor-element-2575c0d elementor-widget elementor-widget-text-editor\" data-id=\"2575c0d\" data-element_type=\"widget\" data-widget_type=\"text-editor.default\">\n\t\t\t\t<div class=\"elementor-widget-container\">\n\t\t\t\t\t\t\t\t\t<p>M\u011bjte advok\u00e1tn\u00ed kancel\u00e1\u0159, se kterou dok\u00e1\u017eete cokoli. Beze strachu. Bez hranic. S rozmyslem.\u00a0<\/p><p>Provedeme v\u00e1s \u00a0k \u00fasp\u011b\u0161n\u00e9mu c\u00edli. Jsme obchodn\u00edci, odborn\u00edci i bojovn\u00edci.<\/p>\t\t\t\t\t\t\t\t<\/div>\n\t\t\t\t<\/div>\n\t\t\t\t<div class=\"elementor-element elementor-element-8862d63 elementor-align-center elementor-widget elementor-widget-button\" data-id=\"8862d63\" data-element_type=\"widget\" data-widget_type=\"button.default\">\n\t\t\t\t<div class=\"elementor-widget-container\">\n\t\t\t\t\t\t\t\t\t<div class=\"elementor-button-wrapper\">\n\t\t\t\t\t<a class=\"elementor-button elementor-button-link elementor-size-sm\" href=\"https:\/\/pikeslegal.com\/kontakt\/\" target=\"_blank\" rel=\"noopener\">\n\t\t\t\t\t\t<span class=\"elementor-button-content-wrapper\">\n\t\t\t\t\t\t\t\t\t<span class=\"elementor-button-text\">ozv\u011bte se<\/span>\n\t\t\t\t\t<\/span>\n\t\t\t\t\t<\/a>\n\t\t\t\t<\/div>\n\t\t\t\t\t\t\t\t<\/div>\n\t\t\t\t<\/div>\n\t\t\t\t<div class=\"elementor-element elementor-element-01fe2d5 elementor-widget elementor-widget-image\" data-id=\"01fe2d5\" data-element_type=\"widget\" data-widget_type=\"image.default\">\n\t\t\t\t<div class=\"elementor-widget-container\">\n\t\t\t\t\t\t\t\t\t\t\t\t\t\t\t\t<a href=\"#tym\">\n\t\t\t\t\t\t\t<img decoding=\"async\" width=\"128\" height=\"128\" src=\"https:\/\/dev.ak-drha.cz\/wp-content\/uploads\/2025\/11\/down-arrow.png\" class=\"elementor-animation-grow attachment-full size-full wp-image-539\" alt=\"\" srcset=\"https:\/\/dev.ak-drha.cz\/wp-content\/uploads\/2025\/11\/down-arrow.png 128w, https:\/\/dev.ak-drha.cz\/wp-content\/uploads\/2025\/11\/down-arrow-12x12.png 12w\" sizes=\"(max-width: 128px) 100vw, 128px\" \/>\t\t\t\t\t\t\t\t<\/a>\n\t\t\t\t\t\t\t\t\t\t\t\t\t\t\t<\/div>\n\t\t\t\t<\/div>\n\t\t\t\t<div class=\"elementor-element elementor-element-cdc4008 elementor-widget elementor-widget-text-editor\" data-id=\"cdc4008\" data-element_type=\"widget\" data-widget_type=\"text-editor.default\">\n\t\t\t\t<div class=\"elementor-widget-container\">\n\t\t\t\t\t\t\t\t\t<p><a href=\"#tym\">Pokra\u010dujte v prohl\u00ed\u017een\u00ed.<\/a><\/p>\t\t\t\t\t\t\t\t<\/div>\n\t\t\t\t<\/div>\n\t\t\t\t\t<\/div>\n\t\t\t\t<\/div>\n\t\t\t\t<\/div>","protected":false},"excerpt":{"rendered":"<p>Pr\u00e1vo &amp; byznys. Pom\u00e1h\u00e1me na\u0161im klient\u016fm d\u011blat odv\u00e1\u017en\u00e1 rozhodnut\u00ed. M\u011bjte advok\u00e1tn\u00ed kancel\u00e1\u0159, se kterou dok\u00e1\u017eete cokoli. Beze strachu. Bez hranic. S rozmyslem.\u00a0 Provedeme v\u00e1s \u00a0k \u00fasp\u011b\u0161n\u00e9mu c\u00edli. Jsme obchodn\u00edci, odborn\u00edci i bojovn\u00edci. ozv\u011bte se Pokra\u010dujte v prohl\u00ed\u017een\u00ed.<\/p>","protected":false},"author":1,"featured_media":0,"parent":0,"menu_order":0,"comment_status":"closed","ping_status":"closed","template":"","meta":{"inline_featured_image":false,"footnotes":""},"class_list":["post-15","page","type-page","status-publish","hentry"],"_links":{"self":[{"href":"https:\/\/dev.ak-drha.cz\/en\/wp-json\/wp\/v2\/pages\/15","targetHints":{"allow":["GET"]}}],"collection":[{"href":"https:\/\/dev.ak-drha.cz\/en\/wp-json\/wp\/v2\/pages"}],"about":[{"href":"https:\/\/dev.ak-drha.cz\/en\/wp-json\/wp\/v2\/types\/page"}],"author":[{"embeddable":true,"href":"https:\/\/dev.ak-drha.cz\/en\/wp-json\/wp\/v2\/users\/1"}],"replies":[{"embeddable":true,"href":"https:\/\/dev.ak-drha.cz\/en\/wp-json\/wp\/v2\/comments?post=15"}],"version-history":[{"count":7,"href":"https:\/\/dev.ak-drha.cz\/en\/wp-json\/wp\/v2\/pages\/15\/revisions"}],"predecessor-version":[{"id":544,"href":"https:\/\/dev.ak-drha.cz\/en\/wp-json\/wp\/v2\/pages\/15\/revisions\/544"}],"wp:attachment":[{"href":"https:\/\/dev.ak-drha.cz\/en\/wp-json\/wp\/v2\/media?parent=15"}],"curies":[{"name":"wp","href":"https:\/\/api.w.org\/{rel}","templated":true}]}}