{"id":145,"date":"2025-06-21T11:59:20","date_gmt":"2025-06-21T09:59:20","guid":{"rendered":"https:\/\/dev.ak-drha.cz\/?page_id=145"},"modified":"2025-06-21T18:30:09","modified_gmt":"2025-06-21T16:30:09","slug":"trestni-pravo-advokatni-kancelar","status":"publish","type":"page","link":"https:\/\/dev.ak-drha.cz\/en\/pravni-sluzby\/trestni-pravo-advokatni-kancelar\/","title":{"rendered":"Trestn\u00ed pr\u00e1vo"},"content":{"rendered":"<div data-elementor-type=\"wp-page\" data-elementor-id=\"145\" class=\"elementor elementor-145\" data-elementor-post-type=\"page\">\n\t\t\t\t<div data-particle_enable=\"false\" data-particle-mobile-disabled=\"false\" class=\"elementor-element elementor-element-184be3e e-flex e-con-boxed e-con e-parent\" data-id=\"184be3e\" data-element_type=\"container\" data-settings=\"{&quot;background_background&quot;:&quot;classic&quot;,&quot;shape_divider_bottom&quot;:&quot;tilt&quot;}\">\n\t\t\t\t\t<div class=\"e-con-inner\">\n\t\t\t\t<div class=\"elementor-shape elementor-shape-bottom\" aria-hidden=\"true\" data-negative=\"false\">\n\t\t\t<svg xmlns=\"http:\/\/www.w3.org\/2000\/svg\" viewbox=\"0 0 1000 100\" preserveaspectratio=\"none\">\n\t<path class=\"elementor-shape-fill\" d=\"M0,6V0h1000v100L0,6z\"\/>\n<\/svg>\t\t<\/div>\n\t\t\t\t<div class=\"elementor-element elementor-element-b0450c0 elementor-widget elementor-widget-heading\" data-id=\"b0450c0\" data-element_type=\"widget\" data-widget_type=\"heading.default\">\n\t\t\t\t<div class=\"elementor-widget-container\">\n\t\t\t\t\t<h1 class=\"elementor-heading-title elementor-size-default\">Trestn\u00ed pr\u00e1vo<\/h1>\t\t\t\t<\/div>\n\t\t\t\t<\/div>\n\t\t\t\t<div class=\"elementor-element elementor-element-35f14d3 elementor-widget-divider--view-line elementor-widget elementor-widget-divider\" data-id=\"35f14d3\" data-element_type=\"widget\" data-widget_type=\"divider.default\">\n\t\t\t\t<div class=\"elementor-widget-container\">\n\t\t\t\t\t\t\t<div class=\"elementor-divider\">\n\t\t\t<span class=\"elementor-divider-separator\">\n\t\t\t\t\t\t<\/span>\n\t\t<\/div>\n\t\t\t\t\t\t<\/div>\n\t\t\t\t<\/div>\n\t\t\t\t\t<\/div>\n\t\t\t\t<\/div>\n\t\t<div data-particle_enable=\"false\" data-particle-mobile-disabled=\"false\" class=\"elementor-element elementor-element-1f5674a e-flex e-con-boxed e-con e-parent\" data-id=\"1f5674a\" data-element_type=\"container\">\n\t\t\t\t\t<div class=\"e-con-inner\">\n\t\t<div data-particle_enable=\"false\" data-particle-mobile-disabled=\"false\" class=\"elementor-element elementor-element-6922325 e-con-full e-flex e-con e-child\" data-id=\"6922325\" data-element_type=\"container\">\n\t\t\t\t<div class=\"elementor-element elementor-element-2bac06b elementor-widget elementor-widget-text-editor\" data-id=\"2bac06b\" data-element_type=\"widget\" data-widget_type=\"text-editor.default\">\n\t\t\t\t<div class=\"elementor-widget-container\">\n\t\t\t\t\t\t\t\t\t<p>Poskytujeme pr\u00e1vn\u00ed slu\u017eby p\u0159i obhajob\u011b klient\u016f, a to ji\u017e od f\u00e1ze prov\u011b\u0159ov\u00e1n\u00ed a vy\u0161et\u0159ov\u00e1n\u00ed a\u017e po \u0159\u00edzen\u00ed p\u0159ed soudem. V r\u00e1mci obhajoby poskytujeme pr\u00e1vn\u00ed slu\u017eby v\u010detn\u011b souvisej\u00edc\u00edho poradenstv\u00ed. Rovn\u011b\u017e p\u016fsob\u00edme jako zmocn\u011bnci po\u0161kozen\u00fdch v trestn\u00edm \u0159\u00edzen\u00ed p\u0159i uplat\u0148ov\u00e1n\u00ed jejich n\u00e1rok\u016f na n\u00e1hradu \u00fajmy.<\/p>\t\t\t\t\t\t\t\t<\/div>\n\t\t\t\t<\/div>\n\t\t\t\t<div class=\"elementor-element elementor-element-fee2f57 elementor-widget elementor-widget-heading\" data-id=\"fee2f57\" data-element_type=\"widget\" data-widget_type=\"heading.default\">\n\t\t\t\t<div class=\"elementor-widget-container\">\n\t\t\t\t\t<h2 class=\"elementor-heading-title elementor-size-default\">Na\u0161e advok\u00e1tn\u00ed kancel\u00e1\u0159 nab\u00edz\u00ed slu\u017eby zejm\u00e9na v t\u011bchto oblastech trestn\u00edho pr\u00e1va<\/h2>\t\t\t\t<\/div>\n\t\t\t\t<\/div>\n\t\t\t\t<div class=\"elementor-element elementor-element-86cf8aa elementor-icon-list--layout-traditional elementor-list-item-link-full_width elementor-widget elementor-widget-icon-list\" data-id=\"86cf8aa\" data-element_type=\"widget\" data-widget_type=\"icon-list.default\">\n\t\t\t\t<div class=\"elementor-widget-container\">\n\t\t\t\t\t\t\t<ul class=\"elementor-icon-list-items\">\n\t\t\t\t\t\t\t<li class=\"elementor-icon-list-item\">\n\t\t\t\t\t\t\t\t\t\t\t<span class=\"elementor-icon-list-icon\">\n\t\t\t\t\t\t\t<svg aria-hidden=\"true\" class=\"e-font-icon-svg e-fas-angle-double-right\" viewbox=\"0 0 448 512\" xmlns=\"http:\/\/www.w3.org\/2000\/svg\"><path d=\"M224.3 273l-136 136c-9.4 9.4-24.6 9.4-33.9 0l-22.6-22.6c-9.4-9.4-9.4-24.6 0-33.9l96.4-96.4-96.4-96.4c-9.4-9.4-9.4-24.6 0-33.9L54.3 103c9.4-9.4 24.6-9.4 33.9 0l136 136c9.5 9.4 9.5 24.6.1 34zm192-34l-136-136c-9.4-9.4-24.6-9.4-33.9 0l-22.6 22.6c-9.4 9.4-9.4 24.6 0 33.9l96.4 96.4-96.4 96.4c-9.4 9.4-9.4 24.6 0 33.9l22.6 22.6c9.4 9.4 24.6 9.4 33.9 0l136-136c9.4-9.2 9.4-24.4 0-33.8z\"><\/path><\/svg>\t\t\t\t\t\t<\/span>\n\t\t\t\t\t\t\t\t\t\t<span class=\"elementor-icon-list-text\">p\u0159\u00edprava a pod\u00e1n\u00ed trestn\u00edho ozn\u00e1men\u00ed<\/span>\n\t\t\t\t\t\t\t\t\t<\/li>\n\t\t\t\t\t\t\t\t<li class=\"elementor-icon-list-item\">\n\t\t\t\t\t\t\t\t\t\t\t<span class=\"elementor-icon-list-icon\">\n\t\t\t\t\t\t\t<svg aria-hidden=\"true\" class=\"e-font-icon-svg e-fas-angle-double-right\" viewbox=\"0 0 448 512\" xmlns=\"http:\/\/www.w3.org\/2000\/svg\"><path d=\"M224.3 273l-136 136c-9.4 9.4-24.6 9.4-33.9 0l-22.6-22.6c-9.4-9.4-9.4-24.6 0-33.9l96.4-96.4-96.4-96.4c-9.4-9.4-9.4-24.6 0-33.9L54.3 103c9.4-9.4 24.6-9.4 33.9 0l136 136c9.5 9.4 9.5 24.6.1 34zm192-34l-136-136c-9.4-9.4-24.6-9.4-33.9 0l-22.6 22.6c-9.4 9.4-9.4 24.6 0 33.9l96.4 96.4-96.4 96.4c-9.4 9.4-9.4 24.6 0 33.9l22.6 22.6c9.4 9.4 24.6 9.4 33.9 0l136-136c9.4-9.2 9.4-24.4 0-33.8z\"><\/path><\/svg>\t\t\t\t\t\t<\/span>\n\t\t\t\t\t\t\t\t\t\t<span class=\"elementor-icon-list-text\">zastupov\u00e1n\u00ed v pr\u016fb\u011bhu p\u0159\u00edpravn\u00e9ho \u0159\u00edzen\u00ed (asistence p\u0159i vy\u0161et\u0159ovac\u00edch v\u00fdkonech, navrhov\u00e1n\u00ed d\u016fkaz\u016f, \u00fakony sm\u011b\u0159uj\u00edc\u00ed k propu\u0161t\u011bn\u00ed z vazby aj.)<\/span>\n\t\t\t\t\t\t\t\t\t<\/li>\n\t\t\t\t\t\t\t\t<li class=\"elementor-icon-list-item\">\n\t\t\t\t\t\t\t\t\t\t\t<span class=\"elementor-icon-list-icon\">\n\t\t\t\t\t\t\t<svg aria-hidden=\"true\" class=\"e-font-icon-svg e-fas-angle-double-right\" viewbox=\"0 0 448 512\" xmlns=\"http:\/\/www.w3.org\/2000\/svg\"><path d=\"M224.3 273l-136 136c-9.4 9.4-24.6 9.4-33.9 0l-22.6-22.6c-9.4-9.4-9.4-24.6 0-33.9l96.4-96.4-96.4-96.4c-9.4-9.4-9.4-24.6 0-33.9L54.3 103c9.4-9.4 24.6-9.4 33.9 0l136 136c9.5 9.4 9.5 24.6.1 34zm192-34l-136-136c-9.4-9.4-24.6-9.4-33.9 0l-22.6 22.6c-9.4 9.4-9.4 24.6 0 33.9l96.4 96.4-96.4 96.4c-9.4 9.4-9.4 24.6 0 33.9l22.6 22.6c9.4 9.4 24.6 9.4 33.9 0l136-136c9.4-9.2 9.4-24.4 0-33.8z\"><\/path><\/svg>\t\t\t\t\t\t<\/span>\n\t\t\t\t\t\t\t\t\t\t<span class=\"elementor-icon-list-text\">zastupov\u00e1n\u00ed v \u0159\u00edzen\u00ed p\u0159ed soudy v\u0161ech stup\u0148\u016f v\u010detn\u011b uplat\u0148ov\u00e1n\u00ed \u0159\u00e1dn\u00fdch a mimo\u0159\u00e1dn\u00fdch opravn\u00fdch prost\u0159edk\u016f<\/span>\n\t\t\t\t\t\t\t\t\t<\/li>\n\t\t\t\t\t\t\t\t<li class=\"elementor-icon-list-item\">\n\t\t\t\t\t\t\t\t\t\t\t<span class=\"elementor-icon-list-icon\">\n\t\t\t\t\t\t\t<svg aria-hidden=\"true\" class=\"e-font-icon-svg e-fas-angle-double-right\" viewbox=\"0 0 448 512\" xmlns=\"http:\/\/www.w3.org\/2000\/svg\"><path d=\"M224.3 273l-136 136c-9.4 9.4-24.6 9.4-33.9 0l-22.6-22.6c-9.4-9.4-9.4-24.6 0-33.9l96.4-96.4-96.4-96.4c-9.4-9.4-9.4-24.6 0-33.9L54.3 103c9.4-9.4 24.6-9.4 33.9 0l136 136c9.5 9.4 9.5 24.6.1 34zm192-34l-136-136c-9.4-9.4-24.6-9.4-33.9 0l-22.6 22.6c-9.4 9.4-9.4 24.6 0 33.9l96.4 96.4-96.4 96.4c-9.4 9.4-9.4 24.6 0 33.9l22.6 22.6c9.4 9.4 24.6 9.4 33.9 0l136-136c9.4-9.2 9.4-24.4 0-33.8z\"><\/path><\/svg>\t\t\t\t\t\t<\/span>\n\t\t\t\t\t\t\t\t\t\t<span class=\"elementor-icon-list-text\">zastupov\u00e1n\u00ed po\u0161kozen\u00fdch a obrana jejich pr\u00e1v v\u010detn\u011b zastupov\u00e1n\u00ed v adhezn\u00edch \u0159\u00edzen\u00edch<\/span>\n\t\t\t\t\t\t\t\t\t<\/li>\n\t\t\t\t\t\t\t\t<li class=\"elementor-icon-list-item\">\n\t\t\t\t\t\t\t\t\t\t\t<span class=\"elementor-icon-list-icon\">\n\t\t\t\t\t\t\t<svg aria-hidden=\"true\" class=\"e-font-icon-svg e-fas-angle-double-right\" viewbox=\"0 0 448 512\" xmlns=\"http:\/\/www.w3.org\/2000\/svg\"><path d=\"M224.3 273l-136 136c-9.4 9.4-24.6 9.4-33.9 0l-22.6-22.6c-9.4-9.4-9.4-24.6 0-33.9l96.4-96.4-96.4-96.4c-9.4-9.4-9.4-24.6 0-33.9L54.3 103c9.4-9.4 24.6-9.4 33.9 0l136 136c9.5 9.4 9.5 24.6.1 34zm192-34l-136-136c-9.4-9.4-24.6-9.4-33.9 0l-22.6 22.6c-9.4 9.4-9.4 24.6 0 33.9l96.4 96.4-96.4 96.4c-9.4 9.4-9.4 24.6 0 33.9l22.6 22.6c9.4 9.4 24.6 9.4 33.9 0l136-136c9.4-9.2 9.4-24.4 0-33.8z\"><\/path><\/svg>\t\t\t\t\t\t<\/span>\n\t\t\t\t\t\t\t\t\t\t<span class=\"elementor-icon-list-text\">poskytujeme konzultace ve v\u011bci posuzov\u00e1n\u00ed jedn\u00e1n\u00ed z hlediska mo\u017en\u00fdch trestn\u011bpr\u00e1vn\u00edch n\u00e1sledk\u016f<\/span>\n\t\t\t\t\t\t\t\t\t<\/li>\n\t\t\t\t\t\t\t\t<li class=\"elementor-icon-list-item\">\n\t\t\t\t\t\t\t\t\t\t\t<span class=\"elementor-icon-list-icon\">\n\t\t\t\t\t\t\t<svg aria-hidden=\"true\" class=\"e-font-icon-svg e-fas-angle-double-right\" viewbox=\"0 0 448 512\" xmlns=\"http:\/\/www.w3.org\/2000\/svg\"><path d=\"M224.3 273l-136 136c-9.4 9.4-24.6 9.4-33.9 0l-22.6-22.6c-9.4-9.4-9.4-24.6 0-33.9l96.4-96.4-96.4-96.4c-9.4-9.4-9.4-24.6 0-33.9L54.3 103c9.4-9.4 24.6-9.4 33.9 0l136 136c9.5 9.4 9.5 24.6.1 34zm192-34l-136-136c-9.4-9.4-24.6-9.4-33.9 0l-22.6 22.6c-9.4 9.4-9.4 24.6 0 33.9l96.4 96.4-96.4 96.4c-9.4 9.4-9.4 24.6 0 33.9l22.6 22.6c9.4 9.4 24.6 9.4 33.9 0l136-136c9.4-9.2 9.4-24.4 0-33.8z\"><\/path><\/svg>\t\t\t\t\t\t<\/span>\n\t\t\t\t\t\t\t\t\t\t<span class=\"elementor-icon-list-text\">pro firmy prov\u00e1d\u00edme \u0161kolen\u00ed mana\u017eer\u016f a zam\u011bstnanc\u016f v ot\u00e1zk\u00e1ch jejich mo\u017en\u00e9ho trestn\u011bpr\u00e1vn\u00edho jedn\u00e1n\u00ed p\u0159i v\u00fdkonu pr\u00e1ce \u010di funkce (\u00faplatk\u00e1\u0159stv\u00ed, \u010diny souvisej\u00edc\u00ed se zad\u00e1v\u00e1n\u00edm ve\u0159ejn\u00fdch zak\u00e1zek, po\u0161kozen\u00ed \u010di zv\u00fdhodn\u011bn\u00ed v\u011b\u0159itele, zp\u016fsoben\u00ed \u00fapadku atp.)<\/span>\n\t\t\t\t\t\t\t\t\t<\/li>\n\t\t\t\t\t\t<\/ul>\n\t\t\t\t\t\t<\/div>\n\t\t\t\t<\/div>\n\t\t\t\t<div class=\"elementor-element elementor-element-aabbbba elementor-widget elementor-widget-text-editor\" data-id=\"aabbbba\" data-element_type=\"widget\" data-widget_type=\"text-editor.default\">\n\t\t\t\t<div class=\"elementor-widget-container\">\n\t\t\t\t\t\t\t\t\t<p>Na\u0161e kancel\u00e1\u0159 zastupovala klienty v n\u011bkolika medi\u00e1ln\u011b sledovan\u00fdch kauz\u00e1ch. Na\u0161i advok\u00e1ti disponuj\u00ed zku\u0161enostmi a praktick\u00fdmi znalostmi p\u0159\u00edmo z ter\u00e9nu, kter\u00e9 jsou pro spr\u00e1vn\u00e9 veden\u00ed obhajoby zcela nezbytn\u00e9. Zastupovali jsme klienty mimo jin\u00e9 v p\u0159\u00edpadech vy\u0161et\u0159ovan\u00fdch \u00datvarem pro odhalov\u00e1n\u00ed organizovan\u00e9ho zlo\u010dinu (\u00daOOZ), \u00datvarem pro odhalov\u00e1n\u00ed korupce a finan\u010dn\u00ed kriminality (\u00daOKFK), N\u00e1rodn\u00ed protidrogovou centr\u00e1lou (NPC) \u010di Gener\u00e1ln\u00ed inspekc\u00ed bezpe\u010dnostn\u00edch sbor\u016f (GIBS).<\/p><p>Zastupujeme klienty tak\u00e9 v oblasti trestn\u00fdch \u010din\u016f majetkov\u00fdch a hospod\u00e1\u0159sk\u00fdch, kde jsme schopni vzhledem k zam\u011b\u0159en\u00ed na\u0161\u00ed kancel\u00e1\u0159e na obchodn\u00ed pr\u00e1vo, pr\u00e1vo hospod\u00e1\u0159sk\u00e9 sout\u011b\u017ee a pr\u00e1vo Evropsk\u00e9 unie poskytovat vysoce odborn\u00e9 veden\u00ed p\u0159\u00edpadu. Ji\u017e jsme poskytli slu\u017eby nap\u0159\u00edklad ve v\u011bcech po\u0161kozov\u00e1n\u00ed finan\u010dn\u00edch z\u00e1jm\u016f Evropsk\u00e9 unie, pletichy p\u0159i zad\u00e1v\u00e1n\u00ed ve\u0159ejn\u00fdch zak\u00e1zek, dota\u010dn\u00edch podvod\u016f, poru\u0161en\u00ed povinnosti p\u0159i spr\u00e1v\u011b ciz\u00edho majetku aj.<\/p>\t\t\t\t\t\t\t\t<\/div>\n\t\t\t\t<\/div>\n\t\t\t\t<\/div>\n\t\t<div data-particle_enable=\"false\" data-particle-mobile-disabled=\"false\" class=\"elementor-element elementor-element-95843f7 e-con-full e-flex e-con e-child\" data-id=\"95843f7\" data-element_type=\"container\" data-settings=\"{&quot;background_background&quot;:&quot;classic&quot;}\">\n\t\t\t\t<div class=\"elementor-element elementor-element-e45567b elementor-nav-menu--dropdown-tablet elementor-nav-menu__text-align-aside elementor-nav-menu--toggle elementor-nav-menu--burger elementor-widget elementor-widget-nav-menu\" data-id=\"e45567b\" data-element_type=\"widget\" data-settings=\"{&quot;layout&quot;:&quot;vertical&quot;,&quot;submenu_icon&quot;:{&quot;value&quot;:&quot;&lt;svg aria-hidden=\\&quot;true\\&quot; class=\\&quot;e-font-icon-svg e-fas-caret-down\\&quot; viewBox=\\&quot;0 0 320 512\\&quot; xmlns=\\&quot;http:\\\/\\\/www.w3.org\\\/2000\\\/svg\\&quot;&gt;&lt;path d=\\&quot;M31.3 192h257.3c17.8 0 26.7 21.5 14.1 34.1L174.1 354.8c-7.8 7.8-20.5 7.8-28.3 0L17.2 226.1C4.6 213.5 13.5 192 31.3 192z\\&quot;&gt;&lt;\\\/path&gt;&lt;\\\/svg&gt;&quot;,&quot;library&quot;:&quot;fa-solid&quot;},&quot;toggle&quot;:&quot;burger&quot;}\" data-widget_type=\"nav-menu.default\">\n\t\t\t\t<div class=\"elementor-widget-container\">\n\t\t\t\t\t\t\t\t<nav aria-label=\"Menu\" class=\"elementor-nav-menu--main elementor-nav-menu__container elementor-nav-menu--layout-vertical e--pointer-none\">\n\t\t\t\t<ul id=\"menu-1-e45567b\" class=\"elementor-nav-menu sm-vertical\"><li class=\"menu-item menu-item-type-post_type menu-item-object-page menu-item-167\"><a href=\"https:\/\/dev.ak-drha.cz\/en\/pravni-sluzby\/obcanske-pravo-advokatni-kancelar\/\" class=\"elementor-item\">Ob\u010dansk\u00e9 pr\u00e1vo<\/a><\/li>\n<li class=\"menu-item menu-item-type-post_type menu-item-object-page menu-item-166\"><a href=\"https:\/\/dev.ak-drha.cz\/en\/pravni-sluzby\/obchodni-pravo-advokatni-kancelar\/\" class=\"elementor-item\">Obchodn\u00ed pr\u00e1vo<\/a><\/li>\n<li class=\"menu-item menu-item-type-post_type menu-item-object-page menu-item-165\"><a href=\"https:\/\/dev.ak-drha.cz\/en\/pravni-sluzby\/trestni-pravo-advokatni-kancelar\/\" class=\"elementor-item\">Trestn\u00ed pr\u00e1vo<\/a><\/li>\n<li class=\"menu-item menu-item-type-post_type menu-item-object-page menu-item-164\"><a href=\"https:\/\/dev.ak-drha.cz\/en\/pravni-sluzby\/rodinne-pravo-advokatni-kancelar\/\" class=\"elementor-item\">Rodinn\u00e9 pr\u00e1vo<\/a><\/li>\n<li class=\"menu-item menu-item-type-post_type menu-item-object-page menu-item-163\"><a href=\"https:\/\/dev.ak-drha.cz\/en\/pravni-sluzby\/pracovni-pravo-advokatni-kancelar\/\" class=\"elementor-item\">Pracovn\u00ed pr\u00e1vo<\/a><\/li>\n<li class=\"menu-item menu-item-type-post_type menu-item-object-page menu-item-162\"><a href=\"https:\/\/dev.ak-drha.cz\/en\/pravni-sluzby\/nemovitostni-pravo-advokatni-kancelar\/\" class=\"elementor-item\">Nemovitostn\u00ed pr\u00e1vo<\/a><\/li>\n<li class=\"menu-item menu-item-type-post_type menu-item-object-page menu-item-161\"><a href=\"https:\/\/dev.ak-drha.cz\/en\/pravni-sluzby\/bytove-pravo-advokatni-kancelar\/\" class=\"elementor-item\">Bytov\u00e9 pr\u00e1vo<\/a><\/li>\n<li class=\"menu-item menu-item-type-post_type menu-item-object-page menu-item-160\"><a href=\"https:\/\/dev.ak-drha.cz\/en\/pravni-sluzby\/reseni-sporu-advokatni-kancelar\/\" class=\"elementor-item\">\u0158e\u0161en\u00ed spor\u016f<\/a><\/li>\n<li class=\"menu-item menu-item-type-post_type menu-item-object-page menu-item-159\"><a href=\"https:\/\/dev.ak-drha.cz\/en\/pravni-sluzby\/spravni-ustavni-pravo-advokatni-kancelar\/\" class=\"elementor-item\">Spr\u00e1vn\u00ed a \u00fastavn\u00ed pr\u00e1vo<\/a><\/li>\n<\/ul>\t\t\t<\/nav>\n\t\t\t\t\t<div class=\"elementor-menu-toggle\" role=\"button\" tabindex=\"0\" aria-label=\"Menu Toggle\" aria-expanded=\"false\">\n\t\t\t<svg aria-hidden=\"true\" role=\"presentation\" class=\"elementor-menu-toggle__icon--open e-font-icon-svg e-eicon-menu-bar\" viewbox=\"0 0 1000 1000\" xmlns=\"http:\/\/www.w3.org\/2000\/svg\"><path d=\"M104 333H896C929 333 958 304 958 271S929 208 896 208H104C71 208 42 237 42 271S71 333 104 333ZM104 583H896C929 583 958 554 958 521S929 458 896 458H104C71 458 42 487 42 521S71 583 104 583ZM104 833H896C929 833 958 804 958 771S929 708 896 708H104C71 708 42 737 42 771S71 833 104 833Z\"><\/path><\/svg><svg aria-hidden=\"true\" role=\"presentation\" class=\"elementor-menu-toggle__icon--close e-font-icon-svg e-eicon-close\" viewbox=\"0 0 1000 1000\" xmlns=\"http:\/\/www.w3.org\/2000\/svg\"><path d=\"M742 167L500 408 258 167C246 154 233 150 217 150 196 150 179 158 167 167 154 179 150 196 150 212 150 229 154 242 171 254L408 500 167 742C138 771 138 800 167 829 196 858 225 858 254 829L496 587 738 829C750 842 767 846 783 846 800 846 817 842 829 829 842 817 846 804 846 783 846 767 842 750 829 737L588 500 833 258C863 229 863 200 833 171 804 137 775 137 742 167Z\"><\/path><\/svg>\t\t<\/div>\n\t\t\t\t\t<nav class=\"elementor-nav-menu--dropdown elementor-nav-menu__container\" aria-hidden=\"true\">\n\t\t\t\t<ul id=\"menu-2-e45567b\" class=\"elementor-nav-menu sm-vertical\"><li class=\"menu-item menu-item-type-post_type menu-item-object-page menu-item-167\"><a href=\"https:\/\/dev.ak-drha.cz\/en\/pravni-sluzby\/obcanske-pravo-advokatni-kancelar\/\" class=\"elementor-item\" tabindex=\"-1\">Ob\u010dansk\u00e9 pr\u00e1vo<\/a><\/li>\n<li class=\"menu-item menu-item-type-post_type menu-item-object-page menu-item-166\"><a href=\"https:\/\/dev.ak-drha.cz\/en\/pravni-sluzby\/obchodni-pravo-advokatni-kancelar\/\" class=\"elementor-item\" tabindex=\"-1\">Obchodn\u00ed pr\u00e1vo<\/a><\/li>\n<li class=\"menu-item menu-item-type-post_type menu-item-object-page menu-item-165\"><a href=\"https:\/\/dev.ak-drha.cz\/en\/pravni-sluzby\/trestni-pravo-advokatni-kancelar\/\" class=\"elementor-item\" tabindex=\"-1\">Trestn\u00ed pr\u00e1vo<\/a><\/li>\n<li class=\"menu-item menu-item-type-post_type menu-item-object-page menu-item-164\"><a href=\"https:\/\/dev.ak-drha.cz\/en\/pravni-sluzby\/rodinne-pravo-advokatni-kancelar\/\" class=\"elementor-item\" tabindex=\"-1\">Rodinn\u00e9 pr\u00e1vo<\/a><\/li>\n<li class=\"menu-item menu-item-type-post_type menu-item-object-page menu-item-163\"><a href=\"https:\/\/dev.ak-drha.cz\/en\/pravni-sluzby\/pracovni-pravo-advokatni-kancelar\/\" class=\"elementor-item\" tabindex=\"-1\">Pracovn\u00ed pr\u00e1vo<\/a><\/li>\n<li class=\"menu-item menu-item-type-post_type menu-item-object-page menu-item-162\"><a href=\"https:\/\/dev.ak-drha.cz\/en\/pravni-sluzby\/nemovitostni-pravo-advokatni-kancelar\/\" class=\"elementor-item\" tabindex=\"-1\">Nemovitostn\u00ed pr\u00e1vo<\/a><\/li>\n<li class=\"menu-item menu-item-type-post_type menu-item-object-page menu-item-161\"><a href=\"https:\/\/dev.ak-drha.cz\/en\/pravni-sluzby\/bytove-pravo-advokatni-kancelar\/\" class=\"elementor-item\" tabindex=\"-1\">Bytov\u00e9 pr\u00e1vo<\/a><\/li>\n<li class=\"menu-item menu-item-type-post_type menu-item-object-page menu-item-160\"><a href=\"https:\/\/dev.ak-drha.cz\/en\/pravni-sluzby\/reseni-sporu-advokatni-kancelar\/\" class=\"elementor-item\" tabindex=\"-1\">\u0158e\u0161en\u00ed spor\u016f<\/a><\/li>\n<li class=\"menu-item menu-item-type-post_type menu-item-object-page menu-item-159\"><a href=\"https:\/\/dev.ak-drha.cz\/en\/pravni-sluzby\/spravni-ustavni-pravo-advokatni-kancelar\/\" class=\"elementor-item\" tabindex=\"-1\">Spr\u00e1vn\u00ed a \u00fastavn\u00ed pr\u00e1vo<\/a><\/li>\n<\/ul>\t\t\t<\/nav>\n\t\t\t\t\t\t<\/div>\n\t\t\t\t<\/div>\n\t\t\t\t<\/div>\n\t\t\t\t\t<\/div>\n\t\t\t\t<\/div>\n\t\t\t\t<\/div>","protected":false},"excerpt":{"rendered":"<p>Poskytujeme pr\u00e1vn\u00ed slu\u017eby p\u0159i obhajob\u011b klient\u016f, a to ji\u017e od f\u00e1ze prov\u011b\u0159ov\u00e1n\u00ed a vy\u0161et\u0159ov\u00e1n\u00ed a\u017e po \u0159\u00edzen\u00ed p\u0159ed soudem. V r\u00e1mci obhajoby poskytujeme pr\u00e1vn\u00ed slu\u017eby v\u010detn\u011b souvisej\u00edc\u00edho poradenstv\u00ed. Rovn\u011b\u017e p\u016fsob\u00edme jako zmocn\u011bnci po\u0161kozen\u00fdch v trestn\u00edm \u0159\u00edzen\u00ed p\u0159i uplat\u0148ov\u00e1n\u00ed jejich n\u00e1rok\u016f na n\u00e1hradu \u00fajmy. Na\u0161e advok\u00e1tn\u00ed kancel\u00e1\u0159 nab\u00edz\u00ed slu\u017eby zejm\u00e9na v t\u011bchto oblastech trestn\u00edho pr\u00e1va p\u0159\u00edprava [&hellip;]<\/p>","protected":false},"author":1,"featured_media":0,"parent":139,"menu_order":0,"comment_status":"closed","ping_status":"closed","template":"","meta":{"inline_featured_image":false,"footnotes":""},"class_list":["post-145","page","type-page","status-publish","hentry"],"_links":{"self":[{"href":"https:\/\/dev.ak-drha.cz\/en\/wp-json\/wp\/v2\/pages\/145","targetHints":{"allow":["GET"]}}],"collection":[{"href":"https:\/\/dev.ak-drha.cz\/en\/wp-json\/wp\/v2\/pages"}],"about":[{"href":"https:\/\/dev.ak-drha.cz\/en\/wp-json\/wp\/v2\/types\/page"}],"author":[{"embeddable":true,"href":"https:\/\/dev.ak-drha.cz\/en\/wp-json\/wp\/v2\/users\/1"}],"replies":[{"embeddable":true,"href":"https:\/\/dev.ak-drha.cz\/en\/wp-json\/wp\/v2\/comments?post=145"}],"version-history":[{"count":14,"href":"https:\/\/dev.ak-drha.cz\/en\/wp-json\/wp\/v2\/pages\/145\/revisions"}],"predecessor-version":[{"id":511,"href":"https:\/\/dev.ak-drha.cz\/en\/wp-json\/wp\/v2\/pages\/145\/revisions\/511"}],"up":[{"embeddable":true,"href":"https:\/\/dev.ak-drha.cz\/en\/wp-json\/wp\/v2\/pages\/139"}],"wp:attachment":[{"href":"https:\/\/dev.ak-drha.cz\/en\/wp-json\/wp\/v2\/media?parent=145"}],"curies":[{"name":"wp","href":"https:\/\/api.w.org\/{rel}","templated":true}]}}